{"id":21240,"date":"2023-01-16T19:06:48","date_gmt":"2023-01-16T12:06:48","guid":{"rendered":"https:\/\/koh-lanta-tours.com\/destinationer-runt-koh-lanta\/pristine-mystical-mangroves-on-koh-lanta\/"},"modified":"2023-01-16T19:06:56","modified_gmt":"2023-01-16T12:06:56","slug":"pristine-mystical-mangroves-on-koh-lanta","status":"publish","type":"page","link":"https:\/\/koh-lanta-tours.com\/sv\/destinationer-runt-koh-lanta\/pristine-mystical-mangroves-on-koh-lanta\/","title":{"rendered":"Obefl\u00e4ckade mystiska mangrover p\u00e5 Koh Lanta"},"content":{"rendered":"<div id='full_slider_1'  class='avia-fullwidth-slider main_color avia-shadow  av-desktop-hide  avia-builder-el-0  el_before_av_layout_row  avia-builder-el-first   container_wrap sidebar_right'  ><div   data-size='featured'  data-lightbox_size='large'  data-animation='slide'  data-conditional_play=''  data-ids='408,407,406,403'  data-video_counter='0'  data-autoplay='true'  data-bg_slider='false'  data-slide_height=''  data-handle='av_slideshow_full'  data-interval='5'  data-class=' '  data-el_id=''  data-css_id=''  data-scroll_down=''  data-control_layout='av-control-default'  data-custom_markup=''  data-perma_caption=''  data-autoplay_stopper=''  data-image_attachment=''  data-min_height='0px'  data-lazy_loading='disabled'  data-src=''  data-position='top left'  data-repeat='no-repeat'  data-attach='scroll'  data-stretch=''  data-img_scrset=''  data-default-height='28.666666666667'  class='avia-slideshow avia-slideshow-1  av-control-default av-default-height-applied avia-slideshow-featured av_slideshow_full   avia-slide-slider '  itemprop=\"image\" itemscope=\"itemscope\" itemtype=\"https:\/\/schema.org\/ImageObject\" ><ul class='avia-slideshow-inner ' style='padding-bottom: 28.666666666667%;' ><li  class=' slide-1 ' ><div data-rel='slideshow-1' class='avia-slide-wrap '   ><img decoding=\"async\" class=\"wp-image-12640 avia-img-lazy-loading-not-12640\"  src=\"https:\/\/koh-lanta-tours.com\/wp-content\/uploads\/2018\/04\/AdobeStock_141103217-1500x430.jpeg\" width=\"1500\" height=\"430\" title='Long tail boat clear sea blue sky floating - \u00a9 khobenz' alt=''  itemprop=\"thumbnailUrl\"   \/><\/div><\/li><li  class=' slide-2 ' ><div data-rel='slideshow-1' class='avia-slide-wrap '   ><img decoding=\"async\" class=\"wp-image-12634 avia-img-lazy-loading-not-12634\"  src=\"https:\/\/koh-lanta-tours.com\/wp-content\/uploads\/2018\/04\/AdobeStock_128547532-1500x430.jpeg\" width=\"1500\" height=\"430\" title='Man holding snorkel goggles - \u00a9 narongcp' alt=''  itemprop=\"thumbnailUrl\"   \/><\/div><\/li><li  class=' slide-3 ' ><div data-rel='slideshow-1' class='avia-slide-wrap '   ><img decoding=\"async\" class=\"wp-image-12628 avia-img-lazy-loading-not-12628\"  src=\"https:\/\/koh-lanta-tours.com\/wp-content\/uploads\/2018\/04\/AdobeStock_118050735-1500x430.jpeg\" width=\"1500\" height=\"430\" title='Young woman at snorkeling in the tropical water - \u00a9 soft_light' alt=''  itemprop=\"thumbnailUrl\"   \/><\/div><\/li><li  class=' slide-4 ' ><div data-rel='slideshow-1' class='avia-slide-wrap '   ><img decoding=\"async\" class=\"wp-image-12610 avia-img-lazy-loading-not-12610\"  src=\"https:\/\/koh-lanta-tours.com\/wp-content\/uploads\/2018\/04\/AdobeStock_63740521-1500x430.jpeg\" width=\"1500\" height=\"430\" title='Koh Rok - \u00a9 St\u00e9phane BRACKEN' alt=''  itemprop=\"thumbnailUrl\"   \/><\/div><\/li><\/ul><div class='avia-slideshow-arrows avia-slideshow-controls' ><a href='#prev' class='prev-slide ' aria-hidden='true' data-av_icon='\ue87c' data-av_iconfont='entypo-fontello'  tabindex='-1'>F\u00f6reg\u00e5ende<\/a><a href='#next' class='next-slide ' aria-hidden='true' data-av_icon='\ue87d' data-av_iconfont='entypo-fontello'  tabindex='-1'>N\u00e4sta<\/a><\/div><div class='avia-slideshow-dots avia-slideshow-controls'><a href='#1' class='goto-slide active' >1<\/a><a href='#2' class='goto-slide ' >2<\/a><a href='#3' class='goto-slide ' >3<\/a><a href='#4' class='goto-slide ' >4<\/a><\/div><\/div><\/div>\n<div id='av-layout-grid-1'  class='av-layout-grid-container av-4do03s-fcc9aeca06d506d9c042a1cb552f0303 entry-content-wrapper main_color av-flex-cells  avia-builder-el-1  el_after_av_slideshow_full  el_before_av_layout_row  grid-row-not-first  container_wrap sidebar_right'  >\n\n<style type=\"text\/css\" data-created_by=\"avia_inline_auto\" id=\"style-css-av-4afkqw-56c0b50fe20759d48ca14752ce9ba274\">\n.flex_cell.av-4afkqw-56c0b50fe20759d48ca14752ce9ba274{\nvertical-align:top;\npadding:120px 60px 120px 60px;\n}\n<\/style>\n<div class='flex_cell av_one_half av-4afkqw-56c0b50fe20759d48ca14752ce9ba274 no_margin  avia-builder-el-2  el_before_av_cell_one_half  avia-builder-el-first ' ><div class='flex_cell_inner'><section  class='av_textblock_section av-41osyg-e4c86e3664efe488487c4e848b330b6b'  itemscope=\"itemscope\" itemtype=\"https:\/\/schema.org\/CreativeWork\" ><div class='avia_textblock'  itemprop=\"text\" ><p>Den nord\u00f6stra kusten av Koh Lanta \u00e4r omgiven av de t\u00e4ta, k\u00e4nslosamma r\u00f6tterna och de frodiga gr\u00f6na bladen fr\u00e5n mangroverna som kantar de lugna b\u00e4ckarna och floderna. Milj\u00f6n ger en k\u00e4nsla av nostalgi som \u00e4r sv\u00e5r att beskriva i ord. <strong>Mangroverna p\u00e5 Koh Lanta <\/strong>ger en perfekt paus fr\u00e5n de anstr\u00e4ngande plaggen och sandstr\u00e4nderna. H\u00e4r kan du stanna upp f\u00f6r en kort avkopplande promenad, \u00e5terf\u00f6renas med naturen i de flytande boendena eller \u00e5ka kajak.<\/p>\n<p>F\u00e5 en smak av det unika landskapet genom att promenera p\u00e5 tr\u00e4g\u00e5ngen som tar dig till Tung Yee Peng Mangroveskogen. Se n\u00e5gra violkrybbor som vrider sig i leran och h\u00e5lls samman av mangrovens m\u00f6rka r\u00f6rformade r\u00f6tter. Se f\u00e5glar som tranor och havs\u00f6rnar flyga \u00f6ver tr\u00e4den eller fiska p\u00e5 grunt vatten. F\u00e5nga brummandet fr\u00e5n de avl\u00e4gsna longtailb\u00e5tens motorer n\u00e4r du vandrar genom <strong>mangrovetr\u00e4sket p\u00e5 Koh Lanta<\/strong>.<\/p>\n<\/div><\/section>\n<\/div><\/div>\n<style type=\"text\/css\" data-created_by=\"avia_inline_auto\" id=\"style-css-av-3xi97c-804feb3a0eaecf75bc2c0b0f85094a08\">\n.flex_cell.av-3xi97c-804feb3a0eaecf75bc2c0b0f85094a08{\nvertical-align:top;\npadding:30px 30px 30px 30px;\nbackground:url(https:\/\/koh-lanta-tours.com\/wp-content\/uploads\/2018\/04\/AdobeStock_118050735-1030x529.jpeg) 50% 50% no-repeat scroll ;\n}\n<\/style>\n<div class='flex_cell av_one_half av-3xi97c-804feb3a0eaecf75bc2c0b0f85094a08 no_margin av-hide-on-mobile  avia-builder-el-4  el_after_av_cell_one_half  avia-builder-el-last ' ><div class='flex_cell_inner'><\/div><\/div>\n<\/div>\n<div id='av-layout-grid-2'  class='av-layout-grid-container av-dgdyg-928760256a6095d86d52c02b6f37d709 entry-content-wrapper main_color av-flex-cells  avia-builder-el-5  el_after_av_layout_row  el_before_av_layout_row  grid-row-not-first  container_wrap sidebar_right'  >\n\n<style type=\"text\/css\" data-created_by=\"avia_inline_auto\" id=\"style-css-av-3iyvds-90eecb3e61c70505fc90db65a25cac35\">\n.flex_cell.av-3iyvds-90eecb3e61c70505fc90db65a25cac35{\nvertical-align:top;\npadding:30px 30px 30px 30px;\nbackground:url(https:\/\/koh-lanta-tours.com\/wp-content\/uploads\/2018\/04\/AdobeStock_63740521-1030x674.jpeg) 0% 100% no-repeat scroll ;\n}\n<\/style>\n<div class='flex_cell av_one_half av-3iyvds-90eecb3e61c70505fc90db65a25cac35 no_margin av-hide-on-mobile  avia-builder-el-6  el_before_av_cell_one_half  avia-builder-el-first ' ><div class='flex_cell_inner'><\/div><\/div>\n<style type=\"text\/css\" data-created_by=\"avia_inline_auto\" id=\"style-css-av-3ef5v4-f82a96e26e4f004a157d90d6aec9c4ee\">\n.flex_cell.av-3ef5v4-f82a96e26e4f004a157d90d6aec9c4ee{\nvertical-align:top;\npadding:120px 60px 120px 60px;\n}\n<\/style>\n<div class='flex_cell av_one_half av-3ef5v4-f82a96e26e4f004a157d90d6aec9c4ee no_margin  avia-builder-el-7  el_after_av_cell_one_half  avia-builder-el-last ' ><div class='flex_cell_inner'><section  class='av_textblock_section av-377n9s-a9183a451970358c35ee20768d70891f'  itemscope=\"itemscope\" itemtype=\"https:\/\/schema.org\/CreativeWork\" ><div class='avia_textblock'  itemprop=\"text\" ><p>Ta en kajak genom de br\u00e4ckta floderna och de magnifika inre vattenv\u00e4garna eller ta en longtailb\u00e5t f\u00f6r en lugn tur l\u00e4ngs mangrovetr\u00e4sket. G\u00f6r ett stopp vid Floating House Homestay f\u00f6r att f\u00e5nga n\u00e5gra levande fiskar som simmar i saltvattenh\u00e5lorna tills de plockas upp till grillen. Se n\u00e5gra busiga apor som mumsar p\u00e5 det marina livet som de plockar vid l\u00e5gvatten.<\/p>\n<p>Du kan enkelt hyra en kajak f\u00f6r upp till 3 timmar. Alternativt kan du boka en tur med en longtailb\u00e5t f\u00f6r att uppt\u00e4cka <strong>mangrovetr\u00e4dets <\/strong>underverk p\u00e5 <strong>Koh Lanta <\/strong>. Du kan ocks\u00e5 stanna kvar ett tag och \u00e4gna dig \u00e5t de aktiviteter som erbjuds p\u00e5 homestayet. Du kan reservera en plats i t\u00e4lten som \u00e4r installerade p\u00e5 terrasserna i de \u00f6ppna husen i hemg\u00e5rden. Du kan \u00e4gna dig \u00e5t aktiviteter som kajakpaddling, b\u00e5tturer och vattencykling f\u00f6r att g\u00f6ra ditt bes\u00f6k \u00e4nnu mer sp\u00e4nnande. F\u00e5nga din middag levande, simmande under dina f\u00f6tter. Du kan bo i ett homestay f\u00f6r ett paket med tv\u00e5 dagar och tv\u00e5 n\u00e4tter inklusive boende, m\u00e5ltider, aktiviteter och turer p\u00e5 en longtailb\u00e5t.<\/p>\n<\/div><\/section>\n<\/div><\/div>\n<\/div>\n<div id='av-layout-grid-3'  class='av-layout-grid-container av-329ut4-82ff5df522ff7a7d5fb3470ae7f1c770 entry-content-wrapper main_color av-flex-cells  avia-builder-el-9  el_after_av_layout_row  el_before_av_layout_row  grid-row-not-first  container_wrap sidebar_right'  >\n\n<style type=\"text\/css\" data-created_by=\"avia_inline_auto\" id=\"style-css-av-2w2o34-98d172bec4e77f83340815ebda9dcf54\">\n.flex_cell.av-2w2o34-98d172bec4e77f83340815ebda9dcf54{\nvertical-align:top;\npadding:120px 60px 120px 60px;\n}\n<\/style>\n<div class='flex_cell av_one_half av-2w2o34-98d172bec4e77f83340815ebda9dcf54 no_margin  avia-builder-el-10  el_before_av_cell_one_half  avia-builder-el-first ' ><div class='flex_cell_inner'><section  class='av_textblock_section av-2nyj40-39fa04c92acd51574b875d99b15f8577'  itemscope=\"itemscope\" itemtype=\"https:\/\/schema.org\/CreativeWork\" ><div class='avia_textblock'  itemprop=\"text\" ><p>Alternativt kan du boka n\u00e5gra avskilda rum p\u00e5 Thung Yee Pheng Seafood, som flyter p\u00e5 en smal vattenv\u00e4g som \u00e4r omgiven av mangrover. Rummen \u00e4r tillg\u00e4ngliga inom ramen f\u00f6r det kombinerade programmet f\u00f6r boende och fiskodling och kan l\u00e4tt n\u00e5s, men l\u00e4get \u00e4r kanske inte lika f\u00f6rtrollande. Men rummen \u00e4r v\u00e4rda att stanna till f\u00f6r en snabb lunch och lite vila \u00e4ven om du inte planerar att stanna \u00f6ver natten.<\/p>\n<\/div><\/section>\n<\/div><\/div>\n<style type=\"text\/css\" data-created_by=\"avia_inline_auto\" id=\"style-css-av-2kcau8-cd37e9219d6ee16a6b20c80fdbaabe32\">\n.flex_cell.av-2kcau8-cd37e9219d6ee16a6b20c80fdbaabe32{\nvertical-align:top;\npadding:30px 30px 30px 30px;\nbackground:url(https:\/\/koh-lanta-tours.com\/wp-content\/uploads\/2018\/04\/AdobeStock_185745582-1030x687.jpeg) 50% 0% no-repeat scroll ;\n}\n<\/style>\n<div class='flex_cell av_one_half av-2kcau8-cd37e9219d6ee16a6b20c80fdbaabe32 no_margin av-hide-on-mobile  avia-builder-el-12  el_after_av_cell_one_half  avia-builder-el-last ' ><div class='flex_cell_inner'><\/div><\/div>\n<\/div>\n<div id='av-layout-grid-4'  class='av-layout-grid-container av-2ewvcg-80130df898ebf52f623fb96b61f33894 entry-content-wrapper main_color av-flex-cells  avia-builder-el-13  el_after_av_layout_row  el_before_av_section  grid-row-not-first  container_wrap sidebar_right'  >\n\n<style type=\"text\/css\" data-created_by=\"avia_inline_auto\" id=\"style-css-av-28p63s-ccb0fbcbd7f10ecf6071a4b8fd302b12\">\n.flex_cell.av-28p63s-ccb0fbcbd7f10ecf6071a4b8fd302b12{\nvertical-align:top;\npadding:30px 30px 30px 30px;\nbackground:url(https:\/\/koh-lanta-tours.com\/wp-content\/uploads\/2018\/04\/AdobeStock_63740521-1030x674.jpeg) 0% 100% no-repeat scroll ;\n}\n<\/style>\n<div class='flex_cell av_one_half av-28p63s-ccb0fbcbd7f10ecf6071a4b8fd302b12 no_margin av-hide-on-mobile  avia-builder-el-14  el_before_av_cell_one_half  avia-builder-el-first ' ><div class='flex_cell_inner'><\/div><\/div>\n<style type=\"text\/css\" data-created_by=\"avia_inline_auto\" id=\"style-css-av-237rmg-8db99a15b69280fae412cdf136c5b68a\">\n.flex_cell.av-237rmg-8db99a15b69280fae412cdf136c5b68a{\nvertical-align:top;\npadding:120px 60px 120px 60px;\n}\n<\/style>\n<div class='flex_cell av_one_half av-237rmg-8db99a15b69280fae412cdf136c5b68a no_margin  avia-builder-el-15  el_after_av_cell_one_half  avia-builder-el-last ' ><div class='flex_cell_inner'><section  class='av_textblock_section av-1vva0o-7b99e1f57b643dae378a464015492052'  itemscope=\"itemscope\" itemtype=\"https:\/\/schema.org\/CreativeWork\" ><div class='avia_textblock'  itemprop=\"text\" ><p>I byn Thung Yee Pheng finns ocks\u00e5 orkid\u00e9- och fj\u00e4rilstr\u00e4dg\u00e5rdar som du kan l\u00e4gga till i din resplan n\u00e4r du g\u00e5r genom <strong>mangrovetr\u00e4sket p\u00e5 Koh Lanta <\/strong>. Du kan anlita en lokal guide n\u00e4r du tar en tur genom de skuggiga mangroverna p\u00e5 en longtailb\u00e5t. Mangroveskogarna p\u00e5 Koh Lanta \u00e4r prim\u00e4ra f\u00f6r\u00f6kningsomr\u00e5den f\u00f6r delfiner och hajar, d\u00e4r de skyddar sina unga djur. Mangrovernas t\u00e4ta r\u00f6tter skapar ett skyddat omr\u00e5de f\u00f6r krabbor, fiskar, hummer, ostron och r\u00e4kor. Mangroveskogen fungerar som en barnkammare f\u00f6r d\u00e4ggdjur, reptiler och f\u00e5glar och skyddar d\u00e4rmed kusterna fr\u00e5n erosion.<\/p>\n<p>Ta en minnesv\u00e4rd tur till <strong>mangroverna p\u00e5 Koh Lanta <\/strong>och utforska naturens underverk som aldrig f\u00f6rr.<\/p>\n<\/div><\/section>\n<\/div><\/div>\n<\/div>\n<div id='av_section_1'  class='avia-section av-1ssid4-9d621373f8c6ae2a1defd094853bf303 alternate_color avia-section-large avia-no-border-styling  avia-builder-el-17  el_after_av_layout_row  avia-builder-el-last  avia-bg-style-scroll container_wrap sidebar_right'  ><div class='container av-section-cont-open' ><div class='template-page content  av-content-small alpha units'><div class='post-entry post-entry-type-page post-entry-21240'><div class='entry-content-wrapper clearfix'>\n\n<style type=\"text\/css\" data-created_by=\"avia_inline_auto\" id=\"style-css-av-1m5zy0-b1814e832b649cddd44a791f8fae822e\">\n#top .av-special-heading.av-1m5zy0-b1814e832b649cddd44a791f8fae822e{\npadding-bottom:20px;\n}\nbody .av-special-heading.av-1m5zy0-b1814e832b649cddd44a791f8fae822e .av-special-heading-tag .heading-char{\nfont-size:25px;\n}\n.av-special-heading.av-1m5zy0-b1814e832b649cddd44a791f8fae822e .av-subheading{\nfont-size:15px;\n}\n<\/style>\n<div  class='av-special-heading av-1m5zy0-b1814e832b649cddd44a791f8fae822e av-special-heading-h1 blockquote modern-quote modern-centered  avia-builder-el-18  el_before_av_one_fifth  avia-builder-el-first '><div class='av-subheading av-subheading_above'><p>De hetaste erbjudandena och rabatterna i din inkorg!<\/p>\n<\/div><h1 class='av-special-heading-tag'  itemprop=\"headline\"  >Prenumerera p\u00e5 v\u00e5rt nyhetsbrev<\/h1><div class=\"special-heading-border\"><div class=\"special-heading-inner-border\"><\/div><\/div><\/div>\n\n<style type=\"text\/css\" data-created_by=\"avia_inline_auto\" id=\"style-css-av-1cqhq0-bbd6f1b1b5aa784555dac622b978772c\">\n.flex_column.av-1cqhq0-bbd6f1b1b5aa784555dac622b978772c{\nborder-radius:0px 0px 0px 0px;\n-webkit-border-radius:0px 0px 0px 0px;\n-moz-border-radius:0px 0px 0px 0px;\n}\n<\/style>\n<div class='flex_column av-1cqhq0-bbd6f1b1b5aa784555dac622b978772c av_one_fifth  avia-builder-el-19  el_after_av_heading  el_before_av_three_fifth  first flex_column_div av-zero-column-padding '   ><\/div>\n<style type=\"text\/css\" data-created_by=\"avia_inline_auto\" id=\"style-css-av-19aoxk-32a6325634e832a2d888fa0fa8e60fef\">\n.flex_column.av-19aoxk-32a6325634e832a2d888fa0fa8e60fef{\nborder-radius:0px 0px 0px 0px;\n-webkit-border-radius:0px 0px 0px 0px;\n-moz-border-radius:0px 0px 0px 0px;\n}\n<\/style>\n<div class='flex_column av-19aoxk-32a6325634e832a2d888fa0fa8e60fef av_three_fifth  avia-builder-el-20  el_after_av_one_fifth  el_before_av_one_fifth  flex_column_div av-zero-column-padding '   ><\/div>\n<style type=\"text\/css\" data-created_by=\"avia_inline_auto\" id=\"style-css-av-ash0w-f1aac5741294b1480454b87bba9a7cec\">\n.flex_column.av-ash0w-f1aac5741294b1480454b87bba9a7cec{\nborder-radius:0px 0px 0px 0px;\n-webkit-border-radius:0px 0px 0px 0px;\n-moz-border-radius:0px 0px 0px 0px;\n}\n<\/style>\n<div class='flex_column av-ash0w-f1aac5741294b1480454b87bba9a7cec av_one_fifth  avia-builder-el-22  el_after_av_three_fifth  avia-builder-el-last  flex_column_div av-zero-column-padding '   ><\/div>\n<\/div><\/div><\/div><!-- close content main div --><\/div><\/div><div id='after_section_1'  class='main_color av_default_container_wrap container_wrap sidebar_right'  ><div class='container av-section-cont-open' ><div class='template-page content  av-content-small alpha units'><div class='post-entry post-entry-type-page post-entry-21240'><div class='entry-content-wrapper clearfix'>\n","protected":false},"excerpt":{"rendered":"","protected":false},"author":9940,"featured_media":0,"parent":15906,"menu_order":0,"comment_status":"closed","ping_status":"closed","template":"","meta":{"footnotes":""},"class_list":["post-21240","page","type-page","status-publish","hentry"],"yoast_head":"<!-- This site is optimized with the Yoast SEO Premium plugin v20.9 (Yoast SEO v26.2) - https:\/\/yoast.com\/wordpress\/plugins\/seo\/ -->\n<title>Obefl\u00e4ckade mystiska mangrover p\u00e5 Koh Lanta - My Tour by koh-lanta-tours.com<\/title>\n<meta name=\"robots\" content=\"index, follow, max-snippet:-1, max-image-preview:large, max-video-preview:-1\" \/>\n<link rel=\"canonical\" href=\"https:\/\/koh-lanta-tours.com\/sv\/destinationer-runt-koh-lanta\/pristine-mystical-mangroves-on-koh-lanta\/\" \/>\n<meta property=\"og:locale\" content=\"sv_SE\" \/>\n<meta property=\"og:type\" content=\"article\" \/>\n<meta property=\"og:title\" content=\"Obefl\u00e4ckade mystiska mangrover p\u00e5 Koh Lanta\" \/>\n<meta property=\"og:url\" content=\"https:\/\/koh-lanta-tours.com\/sv\/destinationer-runt-koh-lanta\/pristine-mystical-mangroves-on-koh-lanta\/\" \/>\n<meta property=\"og:site_name\" content=\"My Tour by koh-lanta-tours.com\" \/>\n<meta property=\"article:publisher\" content=\"https:\/\/www.facebook.com\/MyTourKohLanta\/\" \/>\n<meta property=\"article:modified_time\" content=\"2023-01-16T12:06:56+00:00\" \/>\n<meta name=\"twitter:card\" content=\"summary_large_image\" \/>\n<meta name=\"twitter:label1\" content=\"Ber\u00e4knad l\u00e4stid\" \/>\n\t<meta name=\"twitter:data1\" content=\"9 minuter\" \/>\n<script type=\"application\/ld+json\" class=\"yoast-schema-graph\">{\"@context\":\"https:\/\/schema.org\",\"@graph\":[{\"@type\":\"WebPage\",\"@id\":\"https:\/\/koh-lanta-tours.com\/sv\/destinationer-runt-koh-lanta\/pristine-mystical-mangroves-on-koh-lanta\/\",\"url\":\"https:\/\/koh-lanta-tours.com\/sv\/destinationer-runt-koh-lanta\/pristine-mystical-mangroves-on-koh-lanta\/\",\"name\":\"Obefl\u00e4ckade mystiska mangrover p\u00e5 Koh Lanta - My Tour by koh-lanta-tours.com\",\"isPartOf\":{\"@id\":\"https:\/\/koh-lanta-tours.com\/sv\/#website\"},\"datePublished\":\"2023-01-16T12:06:48+00:00\",\"dateModified\":\"2023-01-16T12:06:56+00:00\",\"breadcrumb\":{\"@id\":\"https:\/\/koh-lanta-tours.com\/sv\/destinationer-runt-koh-lanta\/pristine-mystical-mangroves-on-koh-lanta\/#breadcrumb\"},\"inLanguage\":\"sv-SE\",\"potentialAction\":[{\"@type\":\"ReadAction\",\"target\":[\"https:\/\/koh-lanta-tours.com\/sv\/destinationer-runt-koh-lanta\/pristine-mystical-mangroves-on-koh-lanta\/\"]}]},{\"@type\":\"BreadcrumbList\",\"@id\":\"https:\/\/koh-lanta-tours.com\/sv\/destinationer-runt-koh-lanta\/pristine-mystical-mangroves-on-koh-lanta\/#breadcrumb\",\"itemListElement\":[{\"@type\":\"ListItem\",\"position\":1,\"name\":\"Home\",\"item\":\"https:\/\/koh-lanta-tours.com\/sv\/\"},{\"@type\":\"ListItem\",\"position\":2,\"name\":\"Destinationer runt Koh Lanta\",\"item\":\"https:\/\/koh-lanta-tours.com\/sv\/destinations-around-koh-lanta\/\"},{\"@type\":\"ListItem\",\"position\":3,\"name\":\"Obefl\u00e4ckade mystiska mangrover p\u00e5 Koh Lanta\"}]},{\"@type\":\"WebSite\",\"@id\":\"https:\/\/koh-lanta-tours.com\/sv\/#website\",\"url\":\"https:\/\/koh-lanta-tours.com\/sv\/\",\"name\":\"My Tour by koh-lanta-tours.com\",\"description\":\"Tours on and around the beautiful islant koh lanta.\",\"publisher\":{\"@id\":\"https:\/\/koh-lanta-tours.com\/sv\/#organization\"},\"potentialAction\":[{\"@type\":\"SearchAction\",\"target\":{\"@type\":\"EntryPoint\",\"urlTemplate\":\"https:\/\/koh-lanta-tours.com\/sv\/?s={search_term_string}\"},\"query-input\":{\"@type\":\"PropertyValueSpecification\",\"valueRequired\":true,\"valueName\":\"search_term_string\"}}],\"inLanguage\":\"sv-SE\"},{\"@type\":\"Organization\",\"@id\":\"https:\/\/koh-lanta-tours.com\/sv\/#organization\",\"name\":\"My Tour by koh-lanta-tours.com\",\"url\":\"https:\/\/koh-lanta-tours.com\/sv\/\",\"logo\":{\"@type\":\"ImageObject\",\"inLanguage\":\"sv-SE\",\"@id\":\"https:\/\/koh-lanta-tours.com\/sv\/#\/schema\/logo\/image\/\",\"url\":\"https:\/\/koh-lanta-tours.com\/wp-content\/uploads\/2018\/04\/logo.png\",\"contentUrl\":\"https:\/\/koh-lanta-tours.com\/wp-content\/uploads\/2018\/04\/logo.png\",\"width\":2048,\"height\":712,\"caption\":\"My Tour by koh-lanta-tours.com\"},\"image\":{\"@id\":\"https:\/\/koh-lanta-tours.com\/sv\/#\/schema\/logo\/image\/\"},\"sameAs\":[\"https:\/\/www.facebook.com\/MyTourKohLanta\/\"]}]}<\/script>\n<!-- \/ Yoast SEO Premium plugin. -->","yoast_head_json":{"title":"Obefl\u00e4ckade mystiska mangrover p\u00e5 Koh Lanta - My Tour by koh-lanta-tours.com","robots":{"index":"index","follow":"follow","max-snippet":"max-snippet:-1","max-image-preview":"max-image-preview:large","max-video-preview":"max-video-preview:-1"},"canonical":"https:\/\/koh-lanta-tours.com\/sv\/destinationer-runt-koh-lanta\/pristine-mystical-mangroves-on-koh-lanta\/","og_locale":"sv_SE","og_type":"article","og_title":"Obefl\u00e4ckade mystiska mangrover p\u00e5 Koh Lanta","og_url":"https:\/\/koh-lanta-tours.com\/sv\/destinationer-runt-koh-lanta\/pristine-mystical-mangroves-on-koh-lanta\/","og_site_name":"My Tour by koh-lanta-tours.com","article_publisher":"https:\/\/www.facebook.com\/MyTourKohLanta\/","article_modified_time":"2023-01-16T12:06:56+00:00","twitter_card":"summary_large_image","twitter_misc":{"Ber\u00e4knad l\u00e4stid":"9 minuter"},"schema":{"@context":"https:\/\/schema.org","@graph":[{"@type":"WebPage","@id":"https:\/\/koh-lanta-tours.com\/sv\/destinationer-runt-koh-lanta\/pristine-mystical-mangroves-on-koh-lanta\/","url":"https:\/\/koh-lanta-tours.com\/sv\/destinationer-runt-koh-lanta\/pristine-mystical-mangroves-on-koh-lanta\/","name":"Obefl\u00e4ckade mystiska mangrover p\u00e5 Koh Lanta - My Tour by koh-lanta-tours.com","isPartOf":{"@id":"https:\/\/koh-lanta-tours.com\/sv\/#website"},"datePublished":"2023-01-16T12:06:48+00:00","dateModified":"2023-01-16T12:06:56+00:00","breadcrumb":{"@id":"https:\/\/koh-lanta-tours.com\/sv\/destinationer-runt-koh-lanta\/pristine-mystical-mangroves-on-koh-lanta\/#breadcrumb"},"inLanguage":"sv-SE","potentialAction":[{"@type":"ReadAction","target":["https:\/\/koh-lanta-tours.com\/sv\/destinationer-runt-koh-lanta\/pristine-mystical-mangroves-on-koh-lanta\/"]}]},{"@type":"BreadcrumbList","@id":"https:\/\/koh-lanta-tours.com\/sv\/destinationer-runt-koh-lanta\/pristine-mystical-mangroves-on-koh-lanta\/#breadcrumb","itemListElement":[{"@type":"ListItem","position":1,"name":"Home","item":"https:\/\/koh-lanta-tours.com\/sv\/"},{"@type":"ListItem","position":2,"name":"Destinationer runt Koh Lanta","item":"https:\/\/koh-lanta-tours.com\/sv\/destinations-around-koh-lanta\/"},{"@type":"ListItem","position":3,"name":"Obefl\u00e4ckade mystiska mangrover p\u00e5 Koh Lanta"}]},{"@type":"WebSite","@id":"https:\/\/koh-lanta-tours.com\/sv\/#website","url":"https:\/\/koh-lanta-tours.com\/sv\/","name":"My Tour by koh-lanta-tours.com","description":"Tours on and around the beautiful islant koh lanta.","publisher":{"@id":"https:\/\/koh-lanta-tours.com\/sv\/#organization"},"potentialAction":[{"@type":"SearchAction","target":{"@type":"EntryPoint","urlTemplate":"https:\/\/koh-lanta-tours.com\/sv\/?s={search_term_string}"},"query-input":{"@type":"PropertyValueSpecification","valueRequired":true,"valueName":"search_term_string"}}],"inLanguage":"sv-SE"},{"@type":"Organization","@id":"https:\/\/koh-lanta-tours.com\/sv\/#organization","name":"My Tour by koh-lanta-tours.com","url":"https:\/\/koh-lanta-tours.com\/sv\/","logo":{"@type":"ImageObject","inLanguage":"sv-SE","@id":"https:\/\/koh-lanta-tours.com\/sv\/#\/schema\/logo\/image\/","url":"https:\/\/koh-lanta-tours.com\/wp-content\/uploads\/2018\/04\/logo.png","contentUrl":"https:\/\/koh-lanta-tours.com\/wp-content\/uploads\/2018\/04\/logo.png","width":2048,"height":712,"caption":"My Tour by koh-lanta-tours.com"},"image":{"@id":"https:\/\/koh-lanta-tours.com\/sv\/#\/schema\/logo\/image\/"},"sameAs":["https:\/\/www.facebook.com\/MyTourKohLanta\/"]}]}},"_links":{"self":[{"href":"https:\/\/koh-lanta-tours.com\/sv\/wp-json\/wp\/v2\/pages\/21240","targetHints":{"allow":["GET"]}}],"collection":[{"href":"https:\/\/koh-lanta-tours.com\/sv\/wp-json\/wp\/v2\/pages"}],"about":[{"href":"https:\/\/koh-lanta-tours.com\/sv\/wp-json\/wp\/v2\/types\/page"}],"author":[{"embeddable":true,"href":"https:\/\/koh-lanta-tours.com\/sv\/wp-json\/wp\/v2\/users\/9940"}],"replies":[{"embeddable":true,"href":"https:\/\/koh-lanta-tours.com\/sv\/wp-json\/wp\/v2\/comments?post=21240"}],"version-history":[{"count":4,"href":"https:\/\/koh-lanta-tours.com\/sv\/wp-json\/wp\/v2\/pages\/21240\/revisions"}],"predecessor-version":[{"id":21247,"href":"https:\/\/koh-lanta-tours.com\/sv\/wp-json\/wp\/v2\/pages\/21240\/revisions\/21247"}],"up":[{"embeddable":true,"href":"https:\/\/koh-lanta-tours.com\/sv\/wp-json\/wp\/v2\/pages\/15906"}],"wp:attachment":[{"href":"https:\/\/koh-lanta-tours.com\/sv\/wp-json\/wp\/v2\/media?parent=21240"}],"curies":[{"name":"wp","href":"https:\/\/api.w.org\/{rel}","templated":true}]}}