{"id":15906,"date":"2023-01-03T08:51:37","date_gmt":"2023-01-03T01:51:37","guid":{"rendered":"https:\/\/koh-lanta-tours.com\/destinationer-runt-koh-lanta\/"},"modified":"2023-01-03T08:51:51","modified_gmt":"2023-01-03T01:51:51","slug":"destinationer-runt-koh-lanta","status":"publish","type":"page","link":"https:\/\/koh-lanta-tours.com\/sv\/destinationer-runt-koh-lanta\/","title":{"rendered":"Destinationer runt Koh Lanta"},"content":{"rendered":"\n<style type=\"text\/css\" data-created_by=\"avia_inline_auto\" id=\"style-css-av-3med69-2098857612a83f5e45afd377c6ff6762\">\n.avia-section.av-3med69-2098857612a83f5e45afd377c6ff6762{\nbackground-repeat:no-repeat;\nbackground-image:url(https:\/\/koh-lanta-tours.com\/wp-content\/uploads\/2016\/02\/travel-banner-cyan-2-1500x630.jpg);\nbackground-position:50% 0%;\nbackground-attachment:scroll;\n}\n.avia-section.av-3med69-2098857612a83f5e45afd377c6ff6762 .av-section-color-overlay{\nopacity:0.4;\nbackground-color:#000000;\n}\n<\/style>\n<div id='av_section_1'  class='avia-section av-3med69-2098857612a83f5e45afd377c6ff6762 main_color avia-section-large avia-no-border-styling  avia-builder-el-0  el_before_av_section  avia-builder-el-first  avia-full-stretch avia-bg-style-scroll av-section-color-overlay-active container_wrap sidebar_right'  data-section-bg-repeat='stretch'><div class='av-section-color-overlay-wrap'><div class=\"av-section-color-overlay\"><\/div><div class='container av-section-cont-open' ><main  role=\"main\" itemprop=\"mainContentOfPage\"  class='template-page content  av-content-small alpha units'><div class='post-entry post-entry-type-page post-entry-15906'><div class='entry-content-wrapper clearfix'>\n\n<style type=\"text\/css\" data-created_by=\"avia_inline_auto\" id=\"style-css-av-3gqfcp-0955e54c7c97e0d245689c4d144cc97e\">\n#top .av-special-heading.av-3gqfcp-0955e54c7c97e0d245689c4d144cc97e{\npadding-bottom:10px;\ncolor:#ffffff;\nfont-size:70px;\n}\nbody .av-special-heading.av-3gqfcp-0955e54c7c97e0d245689c4d144cc97e .av-special-heading-tag .heading-char{\nfont-size:25px;\n}\n#top #wrap_all .av-special-heading.av-3gqfcp-0955e54c7c97e0d245689c4d144cc97e .av-special-heading-tag{\nfont-size:70px;\n}\n.av-special-heading.av-3gqfcp-0955e54c7c97e0d245689c4d144cc97e .special-heading-inner-border{\nborder-color:#ffffff;\n}\n.av-special-heading.av-3gqfcp-0955e54c7c97e0d245689c4d144cc97e .av-subheading{\nfont-size:15px;\n}\n<\/style>\n<div  class='av-special-heading av-3gqfcp-0955e54c7c97e0d245689c4d144cc97e av-special-heading-h6 custom-color-heading blockquote modern-quote modern-centered  avia-builder-el-1  avia-builder-el-no-sibling  av-inherit-size'><h6 class='av-special-heading-tag'  itemprop=\"headline\"  >Destinationer<\/h6><div class=\"special-heading-border\"><div class=\"special-heading-inner-border\"><\/div><\/div><\/div>\n\n<\/div><\/div><\/main><!-- close content main element --><\/div><\/div><\/div><div id='av_section_2'  class='avia-section av-3a3dn5-04cc4ff78eed9d931c43e364e92380f9 main_color avia-section-default avia-no-shadow  avia-builder-el-2  el_after_av_section  el_before_av_portfolio  avia-bg-style-scroll container_wrap sidebar_right'  ><div class='container av-section-cont-open' ><div class='template-page content  av-content-small alpha units'><div class='post-entry post-entry-type-page post-entry-15906'><div class='entry-content-wrapper clearfix'>\n\n<style type=\"text\/css\" data-created_by=\"avia_inline_auto\" id=\"style-css-av-317w3l-b42d9631fb1aa43b85d3d0f0d46e904c\">\n.flex_column.av-317w3l-b42d9631fb1aa43b85d3d0f0d46e904c{\nborder-radius:0px 0px 0px 0px;\n-webkit-border-radius:0px 0px 0px 0px;\n-moz-border-radius:0px 0px 0px 0px;\n}\n<\/style>\n<div class='flex_column av-317w3l-b42d9631fb1aa43b85d3d0f0d46e904c av_one_half  avia-builder-el-3  el_before_av_one_half  avia-builder-el-first  first flex_column_div av-zero-column-padding '   ><style type=\"text\/css\" data-created_by=\"avia_inline_auto\" id=\"style-css-av-2v6rqp-f297ef2fd7aa538ba55ef44ac1df3ff8\">\n#top .av-special-heading.av-2v6rqp-f297ef2fd7aa538ba55ef44ac1df3ff8{\npadding-bottom:30px;\n}\nbody .av-special-heading.av-2v6rqp-f297ef2fd7aa538ba55ef44ac1df3ff8 .av-special-heading-tag .heading-char{\nfont-size:25px;\n}\n.av-special-heading.av-2v6rqp-f297ef2fd7aa538ba55ef44ac1df3ff8 .av-subheading{\nfont-size:15px;\n}\n<\/style>\n<div  class='av-special-heading av-2v6rqp-f297ef2fd7aa538ba55ef44ac1df3ff8 av-special-heading-h1  avia-builder-el-4  avia-builder-el-no-sibling  av-thin-font'><h1 class='av-special-heading-tag'  itemprop=\"headline\"  >M\u00e5ste bes\u00f6ka f\u00e4ngslande destinationer<br \/> <strong>i och runt Koh Lanta<\/strong><\/h1><div class=\"special-heading-border\"><div class=\"special-heading-inner-border\"><\/div><\/div><\/div><\/div>\n<style type=\"text\/css\" data-created_by=\"avia_inline_auto\" id=\"style-css-av-2q5bc1-e11c6f60cbf6ce36a4a58d5df00b7786\">\n.flex_column.av-2q5bc1-e11c6f60cbf6ce36a4a58d5df00b7786{\nborder-radius:0px 0px 0px 0px;\n-webkit-border-radius:0px 0px 0px 0px;\n-moz-border-radius:0px 0px 0px 0px;\n}\n<\/style>\n<div class='flex_column av-2q5bc1-e11c6f60cbf6ce36a4a58d5df00b7786 av_one_half  avia-builder-el-5  el_after_av_one_half  el_before_av_one_half  flex_column_div av-zero-column-padding '   ><\/div>\n<style type=\"text\/css\" data-created_by=\"avia_inline_auto\" id=\"style-css-av-2jtuah-f7efa7f8a1c7719cfd393e1fbf44a937\">\n.flex_column.av-2jtuah-f7efa7f8a1c7719cfd393e1fbf44a937{\nborder-radius:0px 0px 0px 0px;\n-webkit-border-radius:0px 0px 0px 0px;\n-moz-border-radius:0px 0px 0px 0px;\n}\n<\/style>\n<div class='flex_column av-2jtuah-f7efa7f8a1c7719cfd393e1fbf44a937 av_one_half  avia-builder-el-6  el_after_av_one_half  el_before_av_one_half  first flex_column_div av-zero-column-padding column-top-margin'   ><section  class='av_textblock_section av-2grsvd-9b82981b1cdd0e98567159b9052fbb89'  itemscope=\"itemscope\" itemtype=\"https:\/\/schema.org\/CreativeWork\" ><div class='avia_textblock'  itemprop=\"text\" ><p>Vi erbjuder fascinerande resepaket till olika vackra \u00f6ar i Thailand. F\u00f6rst p\u00e5 listan st\u00e5r <a href=\"https:\/\/koh-lanta-tours.com\/destinations-around-koh-lanta\/koh-lanta-island\/\">Koh Lanta<\/a> som \u00e4r en idyllisk plats f\u00f6r minnesv\u00e4rda och roliga semestrar. \u00d6ns tropiska atmosf\u00e4r lockar m\u00e5nga bes\u00f6kare fr\u00e5n hela v\u00e4rlden. Koh Lanta har lockande str\u00e4nder, fenomenala landskap och ett lyckligt panorama som fyller varje hj\u00e4rta med lugn och ro. F\u00f6rutom natursk\u00f6nhet och en lycklig omgivning erbjuder \u00f6n en myriad av upplevelser f\u00f6r alla, fr\u00e5n ensamhetss\u00f6kare och avh\u00e5llna hombres till adrenalinjunkies. Utforska de <a href=\"https:\/\/koh-lanta-tours.com\/destinations-around-koh-lanta\/pristine-mystical-mangroves-on-koh-lanta\/\">mystiska mangroverna p\u00e5 Koh Lanta<\/a> eller g\u00f6r en <a href=\"https:\/\/koh-lanta-tours.com\/destinations-around-koh-lanta\/elephant-trekking-on-koh-lanta\/\">elefantvandring<\/a> genom regnskogarna. Men ditt bes\u00f6k i Thailand blir inte komplett om du inte utforskar andra n\u00e4rliggande \u00f6ar som alla erbjuder en unik upplevelse som du bara f\u00e5r uppleva en g\u00e5ng i livet.<\/p>\n<\/div><\/section><\/div>\n<style type=\"text\/css\" data-created_by=\"avia_inline_auto\" id=\"style-css-av-2a6j7d-5f3e3a570342f7430ab4e48662511f5a\">\n.flex_column.av-2a6j7d-5f3e3a570342f7430ab4e48662511f5a{\nborder-radius:0px 0px 0px 0px;\n-webkit-border-radius:0px 0px 0px 0px;\n-moz-border-radius:0px 0px 0px 0px;\n}\n<\/style>\n<div class='flex_column av-2a6j7d-5f3e3a570342f7430ab4e48662511f5a av_one_half  avia-builder-el-8  el_after_av_one_half  avia-builder-el-last  flex_column_div av-zero-column-padding column-top-margin'   ><section  class='av_textblock_section av-25bfyp-778d58a7f65b67dff39f532658781109'  itemscope=\"itemscope\" itemtype=\"https:\/\/schema.org\/CreativeWork\" ><div class='avia_textblock'  itemprop=\"text\" ><p>Snorkla dig fram genom vackra grunda korallrev och utforska majest\u00e4tiska undervattensgrottor p\u00e5 <a href=\"https:\/\/koh-lanta-tours.com\/sv\/koh-ha-ett-tropiskt-paradis-for-att-foryngra-dina-sinnen\/\">Koh Ha<\/a>. Se fantastiska stalaktiter och stalagmitformationer och bevittna exotiska marina varelser n\u00e4r du r\u00f6r dig genom katedralen. Se sk\u00f6ldpaddor, utforska undervattensekosystemet och tillbringa en lugn kv\u00e4ll vid det <a href=\"https:\/\/koh-lanta-tours.com\/destinations-around-koh-lanta\/pristine-mystical-mangroves-on-koh-lanta\/\">hisnande vattenfallet i Koh Lanta<\/a>. Utforska den <a href=\"https:\/\/koh-lanta-tours.com\/destinations-around-koh-lanta\/the-magical-emerald-cave-of-koh-mook\/\">majest\u00e4tiska Emerald Cave p\u00e5 Koh Mook<\/a>. Sl\u00e5 dig ner p\u00e5 <a href=\"https:\/\/koh-lanta-tours.com\/destinations-around-koh-lanta\/koh-kradan-on-koh-lanta\/\">Koh Kradans sandiga och korallbekl\u00e4dda str\u00e4nder<\/a>. Beundra karst\u00f6arna och det grunda <a href=\"https:\/\/koh-lanta-tours.com\/destinations-around-koh-lanta\/koh-ngai\/\">kristallina akvamarina vattnet p\u00e5 Koh Ngai<\/a>. Pressa dig i <a href=\"https:\/\/koh-lanta-tours.com\/destinations-around-koh-lanta\/koh-phi-phi\/\">Koh Phi Phis ceruleanf\u00e4rgade vatten<\/a> eller vandra genom dess gr\u00f6nskande djungler. Snorkla bland mjuka korallrev och flamboyanta tropiska fiskar p\u00e5 <a href=\"https:\/\/koh-lanta-tours.com\/destinations-around-koh-lanta\/koh-chuek\/\">Koh Chuek<\/a>. Slappna av och varva ner p\u00e5 den or\u00f6rda platsen <a href=\"https:\/\/koh-lanta-tours.com\/destinations-around-koh-lanta\/koh-bu-bu\/\">Koh Bu Bu<\/a>. Ta dig i kajak genom <a href=\"https:\/\/koh-lanta-tours.com\/destinations-around-koh-lanta\/koh-talabeng\/\">Koh Talabengs<\/a> spektakul\u00e4ra grottor och imponerande <a href=\"https:\/\/koh-lanta-tours.com\/destinations-around-koh-lanta\/koh-talabeng\/\">kalkstensformationer<\/a>.<\/p>\n<p>L\u00e4gg till resm\u00e5len i v\u00e5ra paketresor i din resplan och f\u00e5 en spektakul\u00e4r och minnesv\u00e4rd semester i Thailand.<\/p>\n<\/div><\/section><\/div><\/p>\n<div id='av_section_3'  class='avia-section av-1r2wkp-a9fadff78b1f2bf83bb490c7a3ea7469 alternate_color avia-section-large avia-no-border-styling  avia-builder-el-11  el_after_av_portfolio  avia-builder-el-last  avia-bg-style-scroll container_wrap sidebar_right'  ><div class='container av-section-cont-open' ><div class='template-page content  av-content-small alpha units'><div class='post-entry post-entry-type-page post-entry-15906'><div class='entry-content-wrapper clearfix'>\n\n<style type=\"text\/css\" data-created_by=\"avia_inline_auto\" id=\"style-css-av-1jjiih-9092a377c3ece393c860c2aa4c01d926\">\n#top .av-special-heading.av-1jjiih-9092a377c3ece393c860c2aa4c01d926{\npadding-bottom:20px;\n}\nbody .av-special-heading.av-1jjiih-9092a377c3ece393c860c2aa4c01d926 .av-special-heading-tag .heading-char{\nfont-size:25px;\n}\n.av-special-heading.av-1jjiih-9092a377c3ece393c860c2aa4c01d926 .av-subheading{\nfont-size:15px;\n}\n<\/style>\n<div  class='av-special-heading av-1jjiih-9092a377c3ece393c860c2aa4c01d926 av-special-heading-h1 blockquote modern-quote modern-centered  avia-builder-el-12  el_before_av_one_fifth  avia-builder-el-first '><div class='av-subheading av-subheading_above'><p>De hetaste erbjudandena och rabatterna i din inkorg!<\/p>\n<\/div><h1 class='av-special-heading-tag'  itemprop=\"headline\"  >Prenumerera p\u00e5 v\u00e5rt nyhetsbrev<\/h1><div class=\"special-heading-border\"><div class=\"special-heading-inner-border\"><\/div><\/div><\/div>\n\n<style type=\"text\/css\" data-created_by=\"avia_inline_auto\" id=\"style-css-av-1e9t1d-e041b6d6f46d990f67e43f6f9e5a5228\">\n.flex_column.av-1e9t1d-e041b6d6f46d990f67e43f6f9e5a5228{\nborder-radius:0px 0px 0px 0px;\n-webkit-border-radius:0px 0px 0px 0px;\n-moz-border-radius:0px 0px 0px 0px;\n}\n<\/style>\n<div class='flex_column av-1e9t1d-e041b6d6f46d990f67e43f6f9e5a5228 av_one_fifth  avia-builder-el-13  el_after_av_heading  el_before_av_three_fifth  first flex_column_div av-zero-column-padding '   ><\/div>\n<style type=\"text\/css\" data-created_by=\"avia_inline_auto\" id=\"style-css-av-1avwx5-549e650fe83d278ecee6f8f7d05f3894\">\n.flex_column.av-1avwx5-549e650fe83d278ecee6f8f7d05f3894{\nborder-radius:0px 0px 0px 0px;\n-webkit-border-radius:0px 0px 0px 0px;\n-moz-border-radius:0px 0px 0px 0px;\n}\n<\/style>\n<div class='flex_column av-1avwx5-549e650fe83d278ecee6f8f7d05f3894 av_three_fifth  avia-builder-el-14  el_after_av_one_fifth  el_before_av_one_fifth  flex_column_div av-zero-column-padding '   ><\/div>\n<style type=\"text\/css\" data-created_by=\"avia_inline_auto\" id=\"style-css-av-bgvop-6a70754c67ad96be696bf12ae2921b39\">\n.flex_column.av-bgvop-6a70754c67ad96be696bf12ae2921b39{\nborder-radius:0px 0px 0px 0px;\n-webkit-border-radius:0px 0px 0px 0px;\n-moz-border-radius:0px 0px 0px 0px;\n}\n<\/style>\n<div class='flex_column av-bgvop-6a70754c67ad96be696bf12ae2921b39 av_one_fifth  avia-builder-el-16  el_after_av_three_fifth  avia-builder-el-last  flex_column_div av-zero-column-padding '   ><\/div>\n<\/div><\/div><\/div><!-- close content main div --><\/div><\/div><div id='after_section_3'  class='main_color av_default_container_wrap container_wrap sidebar_right'  ><div class='container av-section-cont-open' ><div class='template-page content  av-content-small alpha units'><div class='post-entry post-entry-type-page post-entry-15906'><div class='entry-content-wrapper clearfix'>\n","protected":false},"excerpt":{"rendered":"","protected":false},"author":9940,"featured_media":0,"parent":0,"menu_order":0,"comment_status":"closed","ping_status":"closed","template":"","meta":{"footnotes":""},"class_list":["post-15906","page","type-page","status-publish","hentry"],"yoast_head":"<!-- This site is optimized with the Yoast SEO Premium plugin v20.9 (Yoast SEO v26.2) - https:\/\/yoast.com\/wordpress\/plugins\/seo\/ -->\n<title>Destinationer | Saker att g\u00f6ra och bes\u00f6ka p\u00e5 Koh-Lanta med Koh Lanta Tours<\/title>\n<meta name=\"description\" content=\"Eftersom vi har bott p\u00e5 Koh Lanta under en mycket l\u00e5ng tid har vi sett att det inte finns n\u00e5gon m\u00f6jlighet att boka en resa eller tur online. Kontakta oss f\u00f6r att f\u00e5 veta mer eller boka ditt paket nu.\" \/>\n<meta name=\"robots\" content=\"index, follow, max-snippet:-1, max-image-preview:large, max-video-preview:-1\" \/>\n<link rel=\"canonical\" href=\"https:\/\/koh-lanta-tours.com\/sv\/destinationer-runt-koh-lanta\/\" \/>\n<meta property=\"og:locale\" content=\"sv_SE\" \/>\n<meta property=\"og:type\" content=\"article\" \/>\n<meta property=\"og:title\" content=\"Destinationer runt Koh Lanta\" \/>\n<meta property=\"og:description\" content=\"Eftersom vi har bott p\u00e5 Koh Lanta under en mycket l\u00e5ng tid har vi sett att det inte finns n\u00e5gon m\u00f6jlighet att boka en resa eller tur online. Kontakta oss f\u00f6r att f\u00e5 veta mer eller boka ditt paket nu.\" \/>\n<meta property=\"og:url\" content=\"https:\/\/koh-lanta-tours.com\/sv\/destinationer-runt-koh-lanta\/\" \/>\n<meta property=\"og:site_name\" content=\"My Tour by koh-lanta-tours.com\" \/>\n<meta property=\"article:publisher\" content=\"https:\/\/www.facebook.com\/MyTourKohLanta\/\" \/>\n<meta property=\"article:modified_time\" content=\"2023-01-03T01:51:51+00:00\" \/>\n<meta name=\"twitter:card\" content=\"summary_large_image\" \/>\n<meta name=\"twitter:label1\" content=\"Ber\u00e4knad l\u00e4stid\" \/>\n\t<meta name=\"twitter:data1\" content=\"7 minuter\" \/>\n<script type=\"application\/ld+json\" class=\"yoast-schema-graph\">{\"@context\":\"https:\/\/schema.org\",\"@graph\":[{\"@type\":\"WebPage\",\"@id\":\"https:\/\/koh-lanta-tours.com\/sv\/destinationer-runt-koh-lanta\/\",\"url\":\"https:\/\/koh-lanta-tours.com\/sv\/destinationer-runt-koh-lanta\/\",\"name\":\"Destinationer | Saker att g\u00f6ra och bes\u00f6ka p\u00e5 Koh-Lanta med Koh Lanta Tours\",\"isPartOf\":{\"@id\":\"https:\/\/koh-lanta-tours.com\/sv\/#website\"},\"datePublished\":\"2023-01-03T01:51:37+00:00\",\"dateModified\":\"2023-01-03T01:51:51+00:00\",\"description\":\"Eftersom vi har bott p\u00e5 Koh Lanta under en mycket l\u00e5ng tid har vi sett att det inte finns n\u00e5gon m\u00f6jlighet att boka en resa eller tur online. Kontakta oss f\u00f6r att f\u00e5 veta mer eller boka ditt paket nu.\",\"breadcrumb\":{\"@id\":\"https:\/\/koh-lanta-tours.com\/sv\/destinationer-runt-koh-lanta\/#breadcrumb\"},\"inLanguage\":\"sv-SE\",\"potentialAction\":[{\"@type\":\"ReadAction\",\"target\":[\"https:\/\/koh-lanta-tours.com\/sv\/destinationer-runt-koh-lanta\/\"]}]},{\"@type\":\"BreadcrumbList\",\"@id\":\"https:\/\/koh-lanta-tours.com\/sv\/destinationer-runt-koh-lanta\/#breadcrumb\",\"itemListElement\":[{\"@type\":\"ListItem\",\"position\":1,\"name\":\"Home\",\"item\":\"https:\/\/koh-lanta-tours.com\/sv\/\"},{\"@type\":\"ListItem\",\"position\":2,\"name\":\"Destinationer runt Koh Lanta\"}]},{\"@type\":\"WebSite\",\"@id\":\"https:\/\/koh-lanta-tours.com\/sv\/#website\",\"url\":\"https:\/\/koh-lanta-tours.com\/sv\/\",\"name\":\"My Tour by koh-lanta-tours.com\",\"description\":\"Tours on and around the beautiful islant koh lanta.\",\"publisher\":{\"@id\":\"https:\/\/koh-lanta-tours.com\/sv\/#organization\"},\"potentialAction\":[{\"@type\":\"SearchAction\",\"target\":{\"@type\":\"EntryPoint\",\"urlTemplate\":\"https:\/\/koh-lanta-tours.com\/sv\/?s={search_term_string}\"},\"query-input\":{\"@type\":\"PropertyValueSpecification\",\"valueRequired\":true,\"valueName\":\"search_term_string\"}}],\"inLanguage\":\"sv-SE\"},{\"@type\":\"Organization\",\"@id\":\"https:\/\/koh-lanta-tours.com\/sv\/#organization\",\"name\":\"My Tour by koh-lanta-tours.com\",\"url\":\"https:\/\/koh-lanta-tours.com\/sv\/\",\"logo\":{\"@type\":\"ImageObject\",\"inLanguage\":\"sv-SE\",\"@id\":\"https:\/\/koh-lanta-tours.com\/sv\/#\/schema\/logo\/image\/\",\"url\":\"https:\/\/koh-lanta-tours.com\/wp-content\/uploads\/2018\/04\/logo.png\",\"contentUrl\":\"https:\/\/koh-lanta-tours.com\/wp-content\/uploads\/2018\/04\/logo.png\",\"width\":2048,\"height\":712,\"caption\":\"My Tour by koh-lanta-tours.com\"},\"image\":{\"@id\":\"https:\/\/koh-lanta-tours.com\/sv\/#\/schema\/logo\/image\/\"},\"sameAs\":[\"https:\/\/www.facebook.com\/MyTourKohLanta\/\"]}]}<\/script>\n<!-- \/ Yoast SEO Premium plugin. -->","yoast_head_json":{"title":"Destinationer | Saker att g\u00f6ra och bes\u00f6ka p\u00e5 Koh-Lanta med Koh Lanta Tours","description":"Eftersom vi har bott p\u00e5 Koh Lanta under en mycket l\u00e5ng tid har vi sett att det inte finns n\u00e5gon m\u00f6jlighet att boka en resa eller tur online. Kontakta oss f\u00f6r att f\u00e5 veta mer eller boka ditt paket nu.","robots":{"index":"index","follow":"follow","max-snippet":"max-snippet:-1","max-image-preview":"max-image-preview:large","max-video-preview":"max-video-preview:-1"},"canonical":"https:\/\/koh-lanta-tours.com\/sv\/destinationer-runt-koh-lanta\/","og_locale":"sv_SE","og_type":"article","og_title":"Destinationer runt Koh Lanta","og_description":"Eftersom vi har bott p\u00e5 Koh Lanta under en mycket l\u00e5ng tid har vi sett att det inte finns n\u00e5gon m\u00f6jlighet att boka en resa eller tur online. Kontakta oss f\u00f6r att f\u00e5 veta mer eller boka ditt paket nu.","og_url":"https:\/\/koh-lanta-tours.com\/sv\/destinationer-runt-koh-lanta\/","og_site_name":"My Tour by koh-lanta-tours.com","article_publisher":"https:\/\/www.facebook.com\/MyTourKohLanta\/","article_modified_time":"2023-01-03T01:51:51+00:00","twitter_card":"summary_large_image","twitter_misc":{"Ber\u00e4knad l\u00e4stid":"7 minuter"},"schema":{"@context":"https:\/\/schema.org","@graph":[{"@type":"WebPage","@id":"https:\/\/koh-lanta-tours.com\/sv\/destinationer-runt-koh-lanta\/","url":"https:\/\/koh-lanta-tours.com\/sv\/destinationer-runt-koh-lanta\/","name":"Destinationer | Saker att g\u00f6ra och bes\u00f6ka p\u00e5 Koh-Lanta med Koh Lanta Tours","isPartOf":{"@id":"https:\/\/koh-lanta-tours.com\/sv\/#website"},"datePublished":"2023-01-03T01:51:37+00:00","dateModified":"2023-01-03T01:51:51+00:00","description":"Eftersom vi har bott p\u00e5 Koh Lanta under en mycket l\u00e5ng tid har vi sett att det inte finns n\u00e5gon m\u00f6jlighet att boka en resa eller tur online. Kontakta oss f\u00f6r att f\u00e5 veta mer eller boka ditt paket nu.","breadcrumb":{"@id":"https:\/\/koh-lanta-tours.com\/sv\/destinationer-runt-koh-lanta\/#breadcrumb"},"inLanguage":"sv-SE","potentialAction":[{"@type":"ReadAction","target":["https:\/\/koh-lanta-tours.com\/sv\/destinationer-runt-koh-lanta\/"]}]},{"@type":"BreadcrumbList","@id":"https:\/\/koh-lanta-tours.com\/sv\/destinationer-runt-koh-lanta\/#breadcrumb","itemListElement":[{"@type":"ListItem","position":1,"name":"Home","item":"https:\/\/koh-lanta-tours.com\/sv\/"},{"@type":"ListItem","position":2,"name":"Destinationer runt Koh Lanta"}]},{"@type":"WebSite","@id":"https:\/\/koh-lanta-tours.com\/sv\/#website","url":"https:\/\/koh-lanta-tours.com\/sv\/","name":"My Tour by koh-lanta-tours.com","description":"Tours on and around the beautiful islant koh lanta.","publisher":{"@id":"https:\/\/koh-lanta-tours.com\/sv\/#organization"},"potentialAction":[{"@type":"SearchAction","target":{"@type":"EntryPoint","urlTemplate":"https:\/\/koh-lanta-tours.com\/sv\/?s={search_term_string}"},"query-input":{"@type":"PropertyValueSpecification","valueRequired":true,"valueName":"search_term_string"}}],"inLanguage":"sv-SE"},{"@type":"Organization","@id":"https:\/\/koh-lanta-tours.com\/sv\/#organization","name":"My Tour by koh-lanta-tours.com","url":"https:\/\/koh-lanta-tours.com\/sv\/","logo":{"@type":"ImageObject","inLanguage":"sv-SE","@id":"https:\/\/koh-lanta-tours.com\/sv\/#\/schema\/logo\/image\/","url":"https:\/\/koh-lanta-tours.com\/wp-content\/uploads\/2018\/04\/logo.png","contentUrl":"https:\/\/koh-lanta-tours.com\/wp-content\/uploads\/2018\/04\/logo.png","width":2048,"height":712,"caption":"My Tour by koh-lanta-tours.com"},"image":{"@id":"https:\/\/koh-lanta-tours.com\/sv\/#\/schema\/logo\/image\/"},"sameAs":["https:\/\/www.facebook.com\/MyTourKohLanta\/"]}]}},"_links":{"self":[{"href":"https:\/\/koh-lanta-tours.com\/sv\/wp-json\/wp\/v2\/pages\/15906","targetHints":{"allow":["GET"]}}],"collection":[{"href":"https:\/\/koh-lanta-tours.com\/sv\/wp-json\/wp\/v2\/pages"}],"about":[{"href":"https:\/\/koh-lanta-tours.com\/sv\/wp-json\/wp\/v2\/types\/page"}],"author":[{"embeddable":true,"href":"https:\/\/koh-lanta-tours.com\/sv\/wp-json\/wp\/v2\/users\/9940"}],"replies":[{"embeddable":true,"href":"https:\/\/koh-lanta-tours.com\/sv\/wp-json\/wp\/v2\/comments?post=15906"}],"version-history":[{"count":8,"href":"https:\/\/koh-lanta-tours.com\/sv\/wp-json\/wp\/v2\/pages\/15906\/revisions"}],"predecessor-version":[{"id":15935,"href":"https:\/\/koh-lanta-tours.com\/sv\/wp-json\/wp\/v2\/pages\/15906\/revisions\/15935"}],"wp:attachment":[{"href":"https:\/\/koh-lanta-tours.com\/sv\/wp-json\/wp\/v2\/media?parent=15906"}],"curies":[{"name":"wp","href":"https:\/\/api.w.org\/{rel}","templated":true}]}}