{"id":13117,"date":"2023-01-03T08:44:34","date_gmt":"2023-01-03T01:44:34","guid":{"rendered":"https:\/\/koh-lanta-tours.com\/vackra-dagsutflykter-runt-koh-lanta\/"},"modified":"2023-01-03T08:44:38","modified_gmt":"2023-01-03T01:44:38","slug":"vackra-dagsutflykter-runt-koh-lanta","status":"publish","type":"page","link":"https:\/\/koh-lanta-tours.com\/sv\/vackra-dagsutflykter-runt-koh-lanta\/","title":{"rendered":"Vackra dagsutflykter runt Koh Lanta"},"content":{"rendered":"\n<style type=\"text\/css\" data-created_by=\"avia_inline_auto\" id=\"style-css-av-8xg4d-da3b723a67960f028209c6b7843b08a1\">\n.flex_column.av-8xg4d-da3b723a67960f028209c6b7843b08a1{\nborder-radius:0px 0px 0px 0px;\n-webkit-border-radius:0px 0px 0px 0px;\n-moz-border-radius:0px 0px 0px 0px;\n}\n<\/style>\n<div class='flex_column av-8xg4d-da3b723a67960f028209c6b7843b08a1 av_one_fifth  avia-builder-el-0  el_before_av_three_fifth  avia-builder-el-first  first flex_column_div av-hide-on-mobile av-zero-column-padding '   ><\/div>\n\n<style type=\"text\/css\" data-created_by=\"avia_inline_auto\" id=\"style-css-av-29rbgt-4aebe5677e9f4a1cf13bc9312f94c58c\">\n.flex_column.av-29rbgt-4aebe5677e9f4a1cf13bc9312f94c58c{\nborder-radius:0px 0px 0px 0px;\n-webkit-border-radius:0px 0px 0px 0px;\n-moz-border-radius:0px 0px 0px 0px;\n}\n<\/style>\n<div class='flex_column av-29rbgt-4aebe5677e9f4a1cf13bc9312f94c58c av_three_fifth  avia-builder-el-1  el_after_av_one_fifth  el_before_av_one_fifth  flex_column_div av-zero-column-padding '   ><div   data-autoplay=''  data-interval='5'  data-animation='fade'  data-hoverpause='1'  class='template-shop avia-content-slider avia-content-grid-active avia-product-slider1 avia-content-slider-odd  avia-builder-el-2  avia-builder-el-no-sibling   shop_columns_3' ><div class='avia-content-slider-inner'><ul class=\"products\"><li class=\"product type-product post-18135 status-publish first instock product_cat-dagsutflykter-runt-koh-lanta product_tag-portratt has-post-thumbnail virtual sold-individually purchasable product-type-booking\">\n\t<div class='inner_product main_color wrapped_style noLightbox  av-product-class-minimal-overlay'><a href=\"https:\/\/koh-lanta-tours.com\/sv\/shop\/dagsutflykter-runt-koh-lanta\/dagsutflykt-till-koh-rok\/\" class=\"woocommerce-LoopProduct-link woocommerce-loop-product__link\"><div class='thumbnail_container'><img loading=\"lazy\" decoding=\"async\" width=\"450\" height=\"450\" src=\"https:\/\/koh-lanta-tours.com\/wp-content\/uploads\/2018\/04\/AdobeStock_118050735-450x450.jpeg\" class=\"wp-image-12628 avia-img-lazy-loading-12628 attachment-shop_catalog size-shop_catalog wp-post-image\" alt=\"\" srcset=\"https:\/\/koh-lanta-tours.com\/wp-content\/uploads\/2018\/04\/AdobeStock_118050735-450x450.jpeg 450w, https:\/\/koh-lanta-tours.com\/wp-content\/uploads\/2018\/04\/AdobeStock_118050735-100x100.jpeg 100w, https:\/\/koh-lanta-tours.com\/wp-content\/uploads\/2018\/04\/AdobeStock_118050735-80x80.jpeg 80w, https:\/\/koh-lanta-tours.com\/wp-content\/uploads\/2018\/04\/AdobeStock_118050735-36x36.jpeg 36w, https:\/\/koh-lanta-tours.com\/wp-content\/uploads\/2018\/04\/AdobeStock_118050735-180x180.jpeg 180w, https:\/\/koh-lanta-tours.com\/wp-content\/uploads\/2018\/04\/AdobeStock_118050735-120x120.jpeg 120w\" sizes=\"auto, (max-width: 450px) 100vw, 450px\" \/><\/div><div class='inner_product_header'><div class='avia-arrow'><\/div><div class='inner_product_header_table'><div class='inner_product_header_cell'><h2 class=\"woocommerce-loop-product__title\">Dagstur till Koh Rok<\/h2>\n\t<span class=\"price\">Fr\u00e5n: <span class=\"woocommerce-Price-amount amount\"><bdi><span class=\"woocommerce-Price-currencySymbol\">&#3647;<\/span>1,000.00<\/bdi><\/span><\/span>\n<\/div><\/div><\/div><\/a><\/div><\/li>\n<li class=\"product type-product post-15252 status-publish instock product_cat-dagsutflykter-runt-koh-lanta product_tag-portratt has-post-thumbnail virtual sold-individually purchasable product-type-booking\">\n\t<div class='inner_product main_color wrapped_style noLightbox  av-product-class-minimal-overlay'><a href=\"https:\/\/koh-lanta-tours.com\/sv\/shop\/dagsutflykter-runt-koh-lanta\/en-dags-om-fyra-oar-tur-med-snabbbat\/\" class=\"woocommerce-LoopProduct-link woocommerce-loop-product__link\"><div class='thumbnail_container'><img loading=\"lazy\" decoding=\"async\" width=\"450\" height=\"450\" src=\"https:\/\/koh-lanta-tours.com\/wp-content\/uploads\/2018\/04\/AdobeStock_177077555-450x450.jpeg\" class=\"wp-image-12646 avia-img-lazy-loading-12646 attachment-shop_catalog size-shop_catalog wp-post-image\" alt=\"\" srcset=\"https:\/\/koh-lanta-tours.com\/wp-content\/uploads\/2018\/04\/AdobeStock_177077555-450x450.jpeg 450w, https:\/\/koh-lanta-tours.com\/wp-content\/uploads\/2018\/04\/AdobeStock_177077555-100x100.jpeg 100w, https:\/\/koh-lanta-tours.com\/wp-content\/uploads\/2018\/04\/AdobeStock_177077555-80x80.jpeg 80w, https:\/\/koh-lanta-tours.com\/wp-content\/uploads\/2018\/04\/AdobeStock_177077555-36x36.jpeg 36w, https:\/\/koh-lanta-tours.com\/wp-content\/uploads\/2018\/04\/AdobeStock_177077555-180x180.jpeg 180w, https:\/\/koh-lanta-tours.com\/wp-content\/uploads\/2018\/04\/AdobeStock_177077555-120x120.jpeg 120w\" sizes=\"auto, (max-width: 450px) 100vw, 450px\" \/><\/div><div class='inner_product_header'><div class='avia-arrow'><\/div><div class='inner_product_header_table'><div class='inner_product_header_cell'><h2 class=\"woocommerce-loop-product__title\">En dag med Speedboat p\u00e5 4 \u00f6ar<\/h2>\n\t<span class=\"price\">Fr\u00e5n: <span class=\"woocommerce-Price-amount amount\"><bdi><span class=\"woocommerce-Price-currencySymbol\">&#3647;<\/span>1,000.00<\/bdi><\/span><\/span>\n<\/div><\/div><\/div><\/a><\/div><\/li>\n<li class=\"product type-product post-19125 status-publish last instock product_cat-dagsutflykter-runt-koh-lanta product_tag-portratt has-post-thumbnail virtual sold-individually purchasable product-type-booking\">\n\t<div class='inner_product main_color wrapped_style noLightbox  av-product-class-minimal-overlay'><a href=\"https:\/\/koh-lanta-tours.com\/sv\/shop\/dagsutflykter-runt-koh-lanta\/endags-kajakutflykt-till-koh-aung-talabeng-och-bubu-on\/\" class=\"woocommerce-LoopProduct-link woocommerce-loop-product__link\"><div class='thumbnail_container'><img loading=\"lazy\" decoding=\"async\" width=\"450\" height=\"450\" src=\"https:\/\/koh-lanta-tours.com\/wp-content\/uploads\/2018\/04\/AdobeStock_181005508-450x450.jpeg\" class=\"wp-image-12652 avia-img-lazy-loading-12652 attachment-shop_catalog size-shop_catalog wp-post-image\" alt=\"\" srcset=\"https:\/\/koh-lanta-tours.com\/wp-content\/uploads\/2018\/04\/AdobeStock_181005508-450x450.jpeg 450w, https:\/\/koh-lanta-tours.com\/wp-content\/uploads\/2018\/04\/AdobeStock_181005508-100x100.jpeg 100w, https:\/\/koh-lanta-tours.com\/wp-content\/uploads\/2018\/04\/AdobeStock_181005508-80x80.jpeg 80w, https:\/\/koh-lanta-tours.com\/wp-content\/uploads\/2018\/04\/AdobeStock_181005508-36x36.jpeg 36w, https:\/\/koh-lanta-tours.com\/wp-content\/uploads\/2018\/04\/AdobeStock_181005508-180x180.jpeg 180w, https:\/\/koh-lanta-tours.com\/wp-content\/uploads\/2018\/04\/AdobeStock_181005508-120x120.jpeg 120w\" sizes=\"auto, (max-width: 450px) 100vw, 450px\" \/><\/div><div class='inner_product_header'><div class='avia-arrow'><\/div><div class='inner_product_header_table'><div class='inner_product_header_cell'><h2 class=\"woocommerce-loop-product__title\">En dags kajaktur till Koh Aung, Talabeng och BuBu Island<\/h2>\n\t<span class=\"price\">Fr\u00e5n: <span class=\"woocommerce-Price-amount amount\"><bdi><span class=\"woocommerce-Price-currencySymbol\">&#3647;<\/span>700.00<\/bdi><\/span><\/span>\n<\/div><\/div><\/div><\/a><\/div><\/li>\n<li class=\"product type-product post-18492 status-publish first instock product_cat-dagsutflykter-runt-koh-lanta product_tag-portratt has-post-thumbnail virtual sold-individually purchasable product-type-booking\">\n\t<div class='inner_product main_color wrapped_style noLightbox  av-product-class-minimal-overlay'><a href=\"https:\/\/koh-lanta-tours.com\/sv\/shop\/dagsutflykter-runt-koh-lanta\/endags-kajakutflykt-till-koh-talabeng-bubu-island-och-elefantvandring\/\" class=\"woocommerce-LoopProduct-link woocommerce-loop-product__link\"><div class='thumbnail_container'><img loading=\"lazy\" decoding=\"async\" width=\"450\" height=\"450\" src=\"https:\/\/koh-lanta-tours.com\/wp-content\/uploads\/2018\/04\/AdobeStock_181005508-450x450.jpeg\" class=\"wp-image-12652 avia-img-lazy-loading-12652 attachment-shop_catalog size-shop_catalog wp-post-image\" alt=\"\" srcset=\"https:\/\/koh-lanta-tours.com\/wp-content\/uploads\/2018\/04\/AdobeStock_181005508-450x450.jpeg 450w, https:\/\/koh-lanta-tours.com\/wp-content\/uploads\/2018\/04\/AdobeStock_181005508-100x100.jpeg 100w, https:\/\/koh-lanta-tours.com\/wp-content\/uploads\/2018\/04\/AdobeStock_181005508-80x80.jpeg 80w, https:\/\/koh-lanta-tours.com\/wp-content\/uploads\/2018\/04\/AdobeStock_181005508-36x36.jpeg 36w, https:\/\/koh-lanta-tours.com\/wp-content\/uploads\/2018\/04\/AdobeStock_181005508-180x180.jpeg 180w, https:\/\/koh-lanta-tours.com\/wp-content\/uploads\/2018\/04\/AdobeStock_181005508-120x120.jpeg 120w\" sizes=\"auto, (max-width: 450px) 100vw, 450px\" \/><\/div><div class='inner_product_header'><div class='avia-arrow'><\/div><div class='inner_product_header_table'><div class='inner_product_header_cell'><h2 class=\"woocommerce-loop-product__title\">En dags kajaktur till Koh Talabeng, BuBu Island och elefantvandring<\/h2>\n\t<span class=\"price\">Fr\u00e5n: <span class=\"woocommerce-Price-amount amount\"><bdi><span class=\"woocommerce-Price-currencySymbol\">&#3647;<\/span>1,000.00<\/bdi><\/span><\/span>\n<\/div><\/div><\/div><\/a><\/div><\/li>\n<li class=\"product type-product post-15962 status-publish instock product_cat-dagsutflykter-runt-koh-lanta product_tag-portratt has-post-thumbnail virtual sold-individually purchasable product-type-booking\">\n\t<div class='inner_product main_color wrapped_style noLightbox  av-product-class-minimal-overlay'><a href=\"https:\/\/koh-lanta-tours.com\/sv\/shop\/dagsutflykter-runt-koh-lanta\/en-dag-pa-fyra-oar-med-langsvansbat\/\" class=\"woocommerce-LoopProduct-link woocommerce-loop-product__link\"><div class='thumbnail_container'><img loading=\"lazy\" decoding=\"async\" width=\"450\" height=\"450\" src=\"https:\/\/koh-lanta-tours.com\/wp-content\/uploads\/2018\/04\/AdobeStock_141103217-450x450.jpeg\" class=\"wp-image-12640 avia-img-lazy-loading-12640 attachment-shop_catalog size-shop_catalog wp-post-image\" alt=\"\" srcset=\"https:\/\/koh-lanta-tours.com\/wp-content\/uploads\/2018\/04\/AdobeStock_141103217-450x450.jpeg 450w, https:\/\/koh-lanta-tours.com\/wp-content\/uploads\/2018\/04\/AdobeStock_141103217-100x100.jpeg 100w, https:\/\/koh-lanta-tours.com\/wp-content\/uploads\/2018\/04\/AdobeStock_141103217-80x80.jpeg 80w, https:\/\/koh-lanta-tours.com\/wp-content\/uploads\/2018\/04\/AdobeStock_141103217-36x36.jpeg 36w, https:\/\/koh-lanta-tours.com\/wp-content\/uploads\/2018\/04\/AdobeStock_141103217-180x180.jpeg 180w, https:\/\/koh-lanta-tours.com\/wp-content\/uploads\/2018\/04\/AdobeStock_141103217-120x120.jpeg 120w\" sizes=\"auto, (max-width: 450px) 100vw, 450px\" \/><\/div><div class='inner_product_header'><div class='avia-arrow'><\/div><div class='inner_product_header_table'><div class='inner_product_header_cell'><h2 class=\"woocommerce-loop-product__title\">En dags tur till 4 \u00f6ar med Longtail Boat<\/h2>\n\t<span class=\"price\">Fr\u00e5n: <span class=\"woocommerce-Price-amount amount\"><bdi><span class=\"woocommerce-Price-currencySymbol\">&#3647;<\/span>700.00<\/bdi><\/span><\/span>\n<\/div><\/div><\/div><\/a><\/div><\/li>\n<li class=\"product type-product post-13455 status-publish last instock product_cat-dagsutflykter-runt-koh-lanta product_tag-portratt has-post-thumbnail virtual sold-individually purchasable product-type-booking\">\n\t<div class='inner_product main_color wrapped_style noLightbox  av-product-class-minimal-overlay'><a href=\"https:\/\/koh-lanta-tours.com\/sv\/shop\/dagsutflykter-runt-koh-lanta\/endagsutflykt-till-koh-phi-phi-phi-oarna\/\" class=\"woocommerce-LoopProduct-link woocommerce-loop-product__link\"><div class='thumbnail_container'><img loading=\"lazy\" decoding=\"async\" width=\"450\" height=\"450\" src=\"https:\/\/koh-lanta-tours.com\/wp-content\/uploads\/2018\/07\/IMG_1599-450x450.jpg\" class=\"wp-image-12892 avia-img-lazy-loading-12892 attachment-shop_catalog size-shop_catalog wp-post-image\" alt=\"\" srcset=\"https:\/\/koh-lanta-tours.com\/wp-content\/uploads\/2018\/07\/IMG_1599-450x450.jpg 450w, https:\/\/koh-lanta-tours.com\/wp-content\/uploads\/2018\/07\/IMG_1599-100x100.jpg 100w, https:\/\/koh-lanta-tours.com\/wp-content\/uploads\/2018\/07\/IMG_1599-80x80.jpg 80w, https:\/\/koh-lanta-tours.com\/wp-content\/uploads\/2018\/07\/IMG_1599-36x36.jpg 36w, https:\/\/koh-lanta-tours.com\/wp-content\/uploads\/2018\/07\/IMG_1599-180x180.jpg 180w, https:\/\/koh-lanta-tours.com\/wp-content\/uploads\/2018\/07\/IMG_1599-120x120.jpg 120w\" sizes=\"auto, (max-width: 450px) 100vw, 450px\" \/><\/div><div class='inner_product_header'><div class='avia-arrow'><\/div><div class='inner_product_header_table'><div class='inner_product_header_cell'><h2 class=\"woocommerce-loop-product__title\">En dagsutflykt till \u00f6n Koh Phi Phi<\/h2>\n\t<span class=\"price\">Fr\u00e5n: <span class=\"woocommerce-Price-amount amount\"><bdi><span class=\"woocommerce-Price-currencySymbol\">&#3647;<\/span>1,000.00<\/bdi><\/span><\/span>\n<\/div><\/div><\/div><\/a><\/div><\/li>\n<\/ul><\/div><\/div><div class=\"clear\"><\/div><\/div>\n<style type=\"text\/css\" data-created_by=\"avia_inline_auto\" id=\"style-css-av-6sitx-a0e208269b8561822be0884410ec65c1\">\n.flex_column.av-6sitx-a0e208269b8561822be0884410ec65c1{\nborder-radius:0px 0px 0px 0px;\n-webkit-border-radius:0px 0px 0px 0px;\n-moz-border-radius:0px 0px 0px 0px;\n}\n<\/style>\n<div class='flex_column av-6sitx-a0e208269b8561822be0884410ec65c1 av_one_fifth flex_column_div av-hide-on-mobile av-zero-column-padding '   ><\/div><\/p>\n<\/div><\/div><\/div><!-- close content main div --><\/div><\/div><div id='av_section_1'  class='avia-section av-1qxukt-fa4ab2651527c2a37d31667ca8090d38 alternate_color avia-section-large avia-no-border-styling avia-bg-style-scroll container_wrap sidebar_right'  ><div class='container av-section-cont-open' ><div class='template-page content  av-content-small alpha units'><div class='post-entry post-entry-type-page post-entry-13455'><div class='entry-content-wrapper clearfix'>\n\n<style type=\"text\/css\" data-created_by=\"avia_inline_auto\" id=\"style-css-av-1ifb31-0cb3c2e7ddf494d8b66372704df85079\">\n#top .av-special-heading.av-1ifb31-0cb3c2e7ddf494d8b66372704df85079{\npadding-bottom:20px;\n}\nbody .av-special-heading.av-1ifb31-0cb3c2e7ddf494d8b66372704df85079 .av-special-heading-tag .heading-char{\nfont-size:25px;\n}\n.av-special-heading.av-1ifb31-0cb3c2e7ddf494d8b66372704df85079 .av-subheading{\nfont-size:15px;\n}\n<\/style>\n<div  class='av-special-heading av-1ifb31-0cb3c2e7ddf494d8b66372704df85079 av-special-heading-h1 blockquote modern-quote modern-centered'><div class='av-subheading av-subheading_above'><p>De hetaste erbjudandena och rabatterna i din inkorg!<\/p>\n<\/div><h1 class='av-special-heading-tag'  itemprop=\"headline\"  >Prenumerera p\u00e5 v\u00e5rt nyhetsbrev<\/h1><div class=\"special-heading-border\"><div class=\"special-heading-inner-border\"><\/div><\/div><\/div>\n\n<style type=\"text\/css\" data-created_by=\"avia_inline_auto\" id=\"style-css-av-1crplx-16f709f86cfe2d69cc4b0fd78a7f87e8\">\n.flex_column.av-1crplx-16f709f86cfe2d69cc4b0fd78a7f87e8{\nborder-radius:0px 0px 0px 0px;\n-webkit-border-radius:0px 0px 0px 0px;\n-moz-border-radius:0px 0px 0px 0px;\n}\n<\/style>\n<div class='flex_column av-1crplx-16f709f86cfe2d69cc4b0fd78a7f87e8 av_one_fifth first flex_column_div av-zero-column-padding '   ><\/div>\n<style type=\"text\/css\" data-created_by=\"avia_inline_auto\" id=\"style-css-av-16vhy5-368e97e4c01cd9b422868b4dcb36562a\">\n.flex_column.av-16vhy5-368e97e4c01cd9b422868b4dcb36562a{\nborder-radius:0px 0px 0px 0px;\n-webkit-border-radius:0px 0px 0px 0px;\n-moz-border-radius:0px 0px 0px 0px;\n}\n<\/style>\n<div class='flex_column av-16vhy5-368e97e4c01cd9b422868b4dcb36562a av_three_fifth flex_column_div av-zero-column-padding '   ><\/div>\n<style type=\"text\/css\" data-created_by=\"avia_inline_auto\" id=\"style-css-av-ap3sd-8d33df54ec536bf58f3e0953c6bc6ac7\">\n.flex_column.av-ap3sd-8d33df54ec536bf58f3e0953c6bc6ac7{\nborder-radius:0px 0px 0px 0px;\n-webkit-border-radius:0px 0px 0px 0px;\n-moz-border-radius:0px 0px 0px 0px;\n}\n<\/style>\n<div class='flex_column av-ap3sd-8d33df54ec536bf58f3e0953c6bc6ac7 av_one_fifth flex_column_div av-zero-column-padding '   ><\/div>\n<\/div><\/div><\/div><!-- close content main div --><\/div><\/div><div id='after_section_1'  class='main_color av_default_container_wrap container_wrap sidebar_right'  ><div class='container av-section-cont-open' ><div class='template-page content  av-content-small alpha units'><div class='post-entry post-entry-type-page post-entry-13455'><div class='entry-content-wrapper clearfix'>\n","protected":false},"excerpt":{"rendered":"","protected":false},"author":9940,"featured_media":0,"parent":0,"menu_order":0,"comment_status":"closed","ping_status":"closed","template":"","meta":{"footnotes":""},"class_list":["post-13117","page","type-page","status-publish","hentry"],"yoast_head":"<!-- This site is optimized with the Yoast SEO Premium plugin v20.9 (Yoast SEO v26.2) - https:\/\/yoast.com\/wordpress\/plugins\/seo\/ -->\n<title>Vackra dagsutflykter till Koh Lanta | Dagsturer med Koh Lanta Tours<\/title>\n<meta name=\"description\" content=\"Kolla in v\u00e5ra turer och utforska den vackra naturen p\u00e5 Koh Lanta eller andra n\u00e4rliggande \u00f6ar. Bes\u00f6k Koh-Lanta och tillbringa din semester d\u00e4r och ha kul med familj och v\u00e4nner.\" \/>\n<meta name=\"robots\" content=\"index, follow, max-snippet:-1, max-image-preview:large, max-video-preview:-1\" \/>\n<link rel=\"canonical\" href=\"https:\/\/koh-lanta-tours.com\/sv\/vackra-dagsutflykter-runt-koh-lanta\/\" \/>\n<meta property=\"og:locale\" content=\"sv_SE\" \/>\n<meta property=\"og:type\" content=\"article\" \/>\n<meta property=\"og:title\" content=\"Vackra dagsutflykter runt Koh Lanta\" \/>\n<meta property=\"og:description\" content=\"Kolla in v\u00e5ra turer och utforska den vackra naturen p\u00e5 Koh Lanta eller andra n\u00e4rliggande \u00f6ar. Bes\u00f6k Koh-Lanta och tillbringa din semester d\u00e4r och ha kul med familj och v\u00e4nner.\" \/>\n<meta property=\"og:url\" content=\"https:\/\/koh-lanta-tours.com\/sv\/vackra-dagsutflykter-runt-koh-lanta\/\" \/>\n<meta property=\"og:site_name\" content=\"My Tour by koh-lanta-tours.com\" \/>\n<meta property=\"article:publisher\" content=\"https:\/\/www.facebook.com\/MyTourKohLanta\/\" \/>\n<meta property=\"article:modified_time\" content=\"2023-01-03T01:44:38+00:00\" \/>\n<meta name=\"twitter:card\" content=\"summary_large_image\" \/>\n<meta name=\"twitter:label1\" content=\"Ber\u00e4knad l\u00e4stid\" \/>\n\t<meta name=\"twitter:data1\" content=\"3 minuter\" \/>\n<script type=\"application\/ld+json\" class=\"yoast-schema-graph\">{\"@context\":\"https:\/\/schema.org\",\"@graph\":[{\"@type\":\"WebPage\",\"@id\":\"https:\/\/koh-lanta-tours.com\/sv\/vackra-dagsutflykter-runt-koh-lanta\/\",\"url\":\"https:\/\/koh-lanta-tours.com\/sv\/vackra-dagsutflykter-runt-koh-lanta\/\",\"name\":\"Vackra dagsutflykter till Koh Lanta | Dagsturer med Koh Lanta Tours\",\"isPartOf\":{\"@id\":\"https:\/\/koh-lanta-tours.com\/sv\/#website\"},\"datePublished\":\"2023-01-03T01:44:34+00:00\",\"dateModified\":\"2023-01-03T01:44:38+00:00\",\"description\":\"Kolla in v\u00e5ra turer och utforska den vackra naturen p\u00e5 Koh Lanta eller andra n\u00e4rliggande \u00f6ar. Bes\u00f6k Koh-Lanta och tillbringa din semester d\u00e4r och ha kul med familj och v\u00e4nner.\",\"breadcrumb\":{\"@id\":\"https:\/\/koh-lanta-tours.com\/sv\/vackra-dagsutflykter-runt-koh-lanta\/#breadcrumb\"},\"inLanguage\":\"sv-SE\",\"potentialAction\":[{\"@type\":\"ReadAction\",\"target\":[\"https:\/\/koh-lanta-tours.com\/sv\/vackra-dagsutflykter-runt-koh-lanta\/\"]}]},{\"@type\":\"BreadcrumbList\",\"@id\":\"https:\/\/koh-lanta-tours.com\/sv\/vackra-dagsutflykter-runt-koh-lanta\/#breadcrumb\",\"itemListElement\":[{\"@type\":\"ListItem\",\"position\":1,\"name\":\"Home\",\"item\":\"https:\/\/koh-lanta-tours.com\/sv\/\"},{\"@type\":\"ListItem\",\"position\":2,\"name\":\"Vackra dagsutflykter runt Koh Lanta\"}]},{\"@type\":\"WebSite\",\"@id\":\"https:\/\/koh-lanta-tours.com\/sv\/#website\",\"url\":\"https:\/\/koh-lanta-tours.com\/sv\/\",\"name\":\"My Tour by koh-lanta-tours.com\",\"description\":\"Tours on and around the beautiful islant koh lanta.\",\"publisher\":{\"@id\":\"https:\/\/koh-lanta-tours.com\/sv\/#organization\"},\"potentialAction\":[{\"@type\":\"SearchAction\",\"target\":{\"@type\":\"EntryPoint\",\"urlTemplate\":\"https:\/\/koh-lanta-tours.com\/sv\/?s={search_term_string}\"},\"query-input\":{\"@type\":\"PropertyValueSpecification\",\"valueRequired\":true,\"valueName\":\"search_term_string\"}}],\"inLanguage\":\"sv-SE\"},{\"@type\":\"Organization\",\"@id\":\"https:\/\/koh-lanta-tours.com\/sv\/#organization\",\"name\":\"My Tour by koh-lanta-tours.com\",\"url\":\"https:\/\/koh-lanta-tours.com\/sv\/\",\"logo\":{\"@type\":\"ImageObject\",\"inLanguage\":\"sv-SE\",\"@id\":\"https:\/\/koh-lanta-tours.com\/sv\/#\/schema\/logo\/image\/\",\"url\":\"https:\/\/koh-lanta-tours.com\/wp-content\/uploads\/2018\/04\/logo.png\",\"contentUrl\":\"https:\/\/koh-lanta-tours.com\/wp-content\/uploads\/2018\/04\/logo.png\",\"width\":2048,\"height\":712,\"caption\":\"My Tour by koh-lanta-tours.com\"},\"image\":{\"@id\":\"https:\/\/koh-lanta-tours.com\/sv\/#\/schema\/logo\/image\/\"},\"sameAs\":[\"https:\/\/www.facebook.com\/MyTourKohLanta\/\"]}]}<\/script>\n<meta property=\"product:price:amount\" content=\"1000.00\" \/>\n<meta property=\"product:price:currency\" content=\"THB\" \/>\n<meta property=\"og:availability\" content=\"instock\" \/>\n<meta property=\"product:availability\" content=\"instock\" \/>\n<meta property=\"product:condition\" content=\"new\" \/>\n<!-- \/ Yoast SEO Premium plugin. -->","yoast_head_json":{"title":"Vackra dagsutflykter till Koh Lanta | Dagsturer med Koh Lanta Tours","description":"Kolla in v\u00e5ra turer och utforska den vackra naturen p\u00e5 Koh Lanta eller andra n\u00e4rliggande \u00f6ar. Bes\u00f6k Koh-Lanta och tillbringa din semester d\u00e4r och ha kul med familj och v\u00e4nner.","robots":{"index":"index","follow":"follow","max-snippet":"max-snippet:-1","max-image-preview":"max-image-preview:large","max-video-preview":"max-video-preview:-1"},"canonical":"https:\/\/koh-lanta-tours.com\/sv\/vackra-dagsutflykter-runt-koh-lanta\/","og_locale":"sv_SE","og_type":"article","og_title":"Vackra dagsutflykter runt Koh Lanta","og_description":"Kolla in v\u00e5ra turer och utforska den vackra naturen p\u00e5 Koh Lanta eller andra n\u00e4rliggande \u00f6ar. Bes\u00f6k Koh-Lanta och tillbringa din semester d\u00e4r och ha kul med familj och v\u00e4nner.","og_url":"https:\/\/koh-lanta-tours.com\/sv\/vackra-dagsutflykter-runt-koh-lanta\/","og_site_name":"My Tour by koh-lanta-tours.com","article_publisher":"https:\/\/www.facebook.com\/MyTourKohLanta\/","article_modified_time":"2023-01-03T01:44:38+00:00","twitter_card":"summary_large_image","twitter_misc":{"Ber\u00e4knad l\u00e4stid":"3 minuter"},"schema":{"@context":"https:\/\/schema.org","@graph":[{"@type":"WebPage","@id":"https:\/\/koh-lanta-tours.com\/sv\/vackra-dagsutflykter-runt-koh-lanta\/","url":"https:\/\/koh-lanta-tours.com\/sv\/vackra-dagsutflykter-runt-koh-lanta\/","name":"Vackra dagsutflykter till Koh Lanta | Dagsturer med Koh Lanta Tours","isPartOf":{"@id":"https:\/\/koh-lanta-tours.com\/sv\/#website"},"datePublished":"2023-01-03T01:44:34+00:00","dateModified":"2023-01-03T01:44:38+00:00","description":"Kolla in v\u00e5ra turer och utforska den vackra naturen p\u00e5 Koh Lanta eller andra n\u00e4rliggande \u00f6ar. Bes\u00f6k Koh-Lanta och tillbringa din semester d\u00e4r och ha kul med familj och v\u00e4nner.","breadcrumb":{"@id":"https:\/\/koh-lanta-tours.com\/sv\/vackra-dagsutflykter-runt-koh-lanta\/#breadcrumb"},"inLanguage":"sv-SE","potentialAction":[{"@type":"ReadAction","target":["https:\/\/koh-lanta-tours.com\/sv\/vackra-dagsutflykter-runt-koh-lanta\/"]}]},{"@type":"BreadcrumbList","@id":"https:\/\/koh-lanta-tours.com\/sv\/vackra-dagsutflykter-runt-koh-lanta\/#breadcrumb","itemListElement":[{"@type":"ListItem","position":1,"name":"Home","item":"https:\/\/koh-lanta-tours.com\/sv\/"},{"@type":"ListItem","position":2,"name":"Vackra dagsutflykter runt Koh Lanta"}]},{"@type":"WebSite","@id":"https:\/\/koh-lanta-tours.com\/sv\/#website","url":"https:\/\/koh-lanta-tours.com\/sv\/","name":"My Tour by koh-lanta-tours.com","description":"Tours on and around the beautiful islant koh lanta.","publisher":{"@id":"https:\/\/koh-lanta-tours.com\/sv\/#organization"},"potentialAction":[{"@type":"SearchAction","target":{"@type":"EntryPoint","urlTemplate":"https:\/\/koh-lanta-tours.com\/sv\/?s={search_term_string}"},"query-input":{"@type":"PropertyValueSpecification","valueRequired":true,"valueName":"search_term_string"}}],"inLanguage":"sv-SE"},{"@type":"Organization","@id":"https:\/\/koh-lanta-tours.com\/sv\/#organization","name":"My Tour by koh-lanta-tours.com","url":"https:\/\/koh-lanta-tours.com\/sv\/","logo":{"@type":"ImageObject","inLanguage":"sv-SE","@id":"https:\/\/koh-lanta-tours.com\/sv\/#\/schema\/logo\/image\/","url":"https:\/\/koh-lanta-tours.com\/wp-content\/uploads\/2018\/04\/logo.png","contentUrl":"https:\/\/koh-lanta-tours.com\/wp-content\/uploads\/2018\/04\/logo.png","width":2048,"height":712,"caption":"My Tour by koh-lanta-tours.com"},"image":{"@id":"https:\/\/koh-lanta-tours.com\/sv\/#\/schema\/logo\/image\/"},"sameAs":["https:\/\/www.facebook.com\/MyTourKohLanta\/"]}]},"product_price_amount":"1000.00","product_price_currency":"THB","og_availability":"instock","product_availability":"instock","product_condition":"new"},"_links":{"self":[{"href":"https:\/\/koh-lanta-tours.com\/sv\/wp-json\/wp\/v2\/pages\/13117","targetHints":{"allow":["GET"]}}],"collection":[{"href":"https:\/\/koh-lanta-tours.com\/sv\/wp-json\/wp\/v2\/pages"}],"about":[{"href":"https:\/\/koh-lanta-tours.com\/sv\/wp-json\/wp\/v2\/types\/page"}],"author":[{"embeddable":true,"href":"https:\/\/koh-lanta-tours.com\/sv\/wp-json\/wp\/v2\/users\/9940"}],"replies":[{"embeddable":true,"href":"https:\/\/koh-lanta-tours.com\/sv\/wp-json\/wp\/v2\/comments?post=13117"}],"version-history":[{"count":2,"href":"https:\/\/koh-lanta-tours.com\/sv\/wp-json\/wp\/v2\/pages\/13117\/revisions"}],"predecessor-version":[{"id":13130,"href":"https:\/\/koh-lanta-tours.com\/sv\/wp-json\/wp\/v2\/pages\/13117\/revisions\/13130"}],"wp:attachment":[{"href":"https:\/\/koh-lanta-tours.com\/sv\/wp-json\/wp\/v2\/media?parent=13117"}],"curies":[{"name":"wp","href":"https:\/\/api.w.org\/{rel}","templated":true}]}}