{"id":21228,"date":"2023-01-16T19:06:43","date_gmt":"2023-01-16T12:06:43","guid":{"rendered":"https:\/\/koh-lanta-tours.com\/miejsca-docelowe-wokol-koh-lanta\/prypec-miasta-na-kolejnej-lancie\/"},"modified":"2023-01-16T19:06:46","modified_gmt":"2023-01-16T12:06:46","slug":"prypec-miasta-na-kolejnej-lancie","status":"publish","type":"page","link":"https:\/\/koh-lanta-tours.com\/pl\/miejsca-docelowe-wokol-koh-lanta\/prypec-miasta-na-kolejnej-lancie\/","title":{"rendered":"Dziewicze, mistyczne lasy namorzynowe na Koh Lanta"},"content":{"rendered":"<div id='full_slider_1'  class='avia-fullwidth-slider main_color avia-shadow  av-desktop-hide  avia-builder-el-0  el_before_av_layout_row  avia-builder-el-first   container_wrap sidebar_right'  ><div   data-size='featured'  data-lightbox_size='large'  data-animation='slide'  data-conditional_play=''  data-ids='408,407,406,403'  data-video_counter='0'  data-autoplay='true'  data-bg_slider='false'  data-slide_height=''  data-handle='av_slideshow_full'  data-interval='5'  data-class=' '  data-el_id=''  data-css_id=''  data-scroll_down=''  data-control_layout='av-control-default'  data-custom_markup=''  data-perma_caption=''  data-autoplay_stopper=''  data-image_attachment=''  data-min_height='0px'  data-lazy_loading='disabled'  data-src=''  data-position='top left'  data-repeat='no-repeat'  data-attach='scroll'  data-stretch=''  data-img_scrset=''  data-default-height='28.666666666667'  class='avia-slideshow avia-slideshow-1  av-control-default av-default-height-applied avia-slideshow-featured av_slideshow_full   avia-slide-slider '  itemprop=\"image\" itemscope=\"itemscope\" itemtype=\"https:\/\/schema.org\/ImageObject\" ><ul class='avia-slideshow-inner ' style='padding-bottom: 28.666666666667%;' ><li  class=' slide-1 ' ><div data-rel='slideshow-1' class='avia-slide-wrap '   ><img decoding=\"async\" class=\"wp-image-12639 avia-img-lazy-loading-not-12639\"  src=\"https:\/\/koh-lanta-tours.com\/wp-content\/uploads\/2018\/04\/AdobeStock_141103217-1500x430.jpeg\" width=\"1500\" height=\"430\" title='Long tail boat clear sea blue sky floating - \u00a9 khobenz' alt=''  itemprop=\"thumbnailUrl\"   \/><\/div><\/li><li  class=' slide-2 ' ><div data-rel='slideshow-1' class='avia-slide-wrap '   ><img decoding=\"async\" class=\"wp-image-12633 avia-img-lazy-loading-not-12633\"  src=\"https:\/\/koh-lanta-tours.com\/wp-content\/uploads\/2018\/04\/AdobeStock_128547532-1500x430.jpeg\" width=\"1500\" height=\"430\" title='Man holding snorkel goggles - \u00a9 narongcp' alt=''  itemprop=\"thumbnailUrl\"   \/><\/div><\/li><li  class=' slide-3 ' ><div data-rel='slideshow-1' class='avia-slide-wrap '   ><img decoding=\"async\" class=\"wp-image-12627 avia-img-lazy-loading-not-12627\"  src=\"https:\/\/koh-lanta-tours.com\/wp-content\/uploads\/2018\/04\/AdobeStock_118050735-1500x430.jpeg\" width=\"1500\" height=\"430\" title='Young woman at snorkeling in the tropical water - \u00a9 soft_light' alt=''  itemprop=\"thumbnailUrl\"   \/><\/div><\/li><li  class=' slide-4 ' ><div data-rel='slideshow-1' class='avia-slide-wrap '   ><img decoding=\"async\" class=\"wp-image-12609 avia-img-lazy-loading-not-12609\"  src=\"https:\/\/koh-lanta-tours.com\/wp-content\/uploads\/2018\/04\/AdobeStock_63740521-1500x430.jpeg\" width=\"1500\" height=\"430\" title='Koh Rok - \u00a9 St\u00e9phane BRACKEN' alt=''  itemprop=\"thumbnailUrl\"   \/><\/div><\/li><\/ul><div class='avia-slideshow-arrows avia-slideshow-controls' ><a href='#prev' class='prev-slide ' aria-hidden='true' data-av_icon='\ue87c' data-av_iconfont='entypo-fontello'  tabindex='-1'>Previous<\/a><a href='#next' class='next-slide ' aria-hidden='true' data-av_icon='\ue87d' data-av_iconfont='entypo-fontello'  tabindex='-1'>Next<\/a><\/div><div class='avia-slideshow-dots avia-slideshow-controls'><a href='#1' class='goto-slide active' >1<\/a><a href='#2' class='goto-slide ' >2<\/a><a href='#3' class='goto-slide ' >3<\/a><a href='#4' class='goto-slide ' >4<\/a><\/div><\/div><\/div>\n<div id='av-layout-grid-1'  class='av-layout-grid-container av-4do03s-fcc9aeca06d506d9c042a1cb552f0303 entry-content-wrapper main_color av-flex-cells  avia-builder-el-1  el_after_av_slideshow_full  el_before_av_layout_row  grid-row-not-first  container_wrap sidebar_right'  >\n\n<style type=\"text\/css\" data-created_by=\"avia_inline_auto\" id=\"style-css-av-4afkqw-56c0b50fe20759d48ca14752ce9ba274\">\n.flex_cell.av-4afkqw-56c0b50fe20759d48ca14752ce9ba274{\nvertical-align:top;\npadding:120px 60px 120px 60px;\n}\n<\/style>\n<div class='flex_cell av_one_half av-4afkqw-56c0b50fe20759d48ca14752ce9ba274 no_margin  avia-builder-el-2  el_before_av_cell_one_half  avia-builder-el-first ' ><div class='flex_cell_inner'><section  class='av_textblock_section av-41osyg-e4c86e3664efe488487c4e848b330b6b'  itemscope=\"itemscope\" itemtype=\"https:\/\/schema.org\/CreativeWork\" ><div class='avia_textblock'  itemprop=\"text\" ><p>P\u00f3\u0142nocno-wschodnie wybrze\u017ce Koh Lanta jest otulone g\u0119stymi, emocjonalnymi korzeniami i bujnymi, zielonymi li\u015b\u0107mi mangrowc\u00f3w, kt\u00f3re wy\u015bcie\u0142aj\u0105 pogodne strumienie i spokojne rzeki. Otoczenie przynosi poczucie nostalgii, kt\u00f3re trudno uj\u0105\u0107 w s\u0142owa. <strong>Mangrowce na Koh Lancie <\/strong>stanowi\u0105 kwintesencj\u0119 przerwy od uci\u0105\u017cliwych plag i piaszczystych brzeg\u00f3w. Tutaj mo\u017cna zatrzyma\u0107 si\u0119 na kr\u00f3tk\u0105 relaksuj\u0105c\u0105 promenad\u0119, pogodzi\u0107 si\u0119 z natur\u0105 w p\u0142ywaj\u0105cych domostwach lub wybra\u0107 si\u0119 na sp\u0142yw kajakowy.<\/p>\n<p>Poznaj unikalny krajobraz, spaceruj\u0105c po drewnianej k\u0142adce, kt\u00f3ra prowadzi do lasu mangrowc\u00f3w Tung Yee Peng. Zauwa\u017c kilka krab\u00f3w skrzypk\u00f3w, kt\u00f3re wij\u0105 si\u0119 w b\u0142ocie trzymanym razem przez rurkowate, ciemne korzenie mangrowc\u00f3w. Z\u0142apa\u0107 kilka ptak\u00f3w, takich jak \u017curawie i or\u0142y morskie, szybuj\u0105cych nad drzewami lub \u0142owi\u0105cych ryby na p\u0142yciznach. Uchwy\u0107 szum silnik\u00f3w odleg\u0142ych \u0142odzi typu longtail podczas spaceru przez <strong>lasy mangrowe na Koh Lanta<\/strong>.<\/p>\n<\/div><\/section>\n<\/div><\/div>\n<style type=\"text\/css\" data-created_by=\"avia_inline_auto\" id=\"style-css-av-3xi97c-804feb3a0eaecf75bc2c0b0f85094a08\">\n.flex_cell.av-3xi97c-804feb3a0eaecf75bc2c0b0f85094a08{\nvertical-align:top;\npadding:30px 30px 30px 30px;\nbackground:url(https:\/\/koh-lanta-tours.com\/wp-content\/uploads\/2018\/04\/AdobeStock_118050735-1030x529.jpeg) 50% 50% no-repeat scroll ;\n}\n<\/style>\n<div class='flex_cell av_one_half av-3xi97c-804feb3a0eaecf75bc2c0b0f85094a08 no_margin av-hide-on-mobile  avia-builder-el-4  el_after_av_cell_one_half  avia-builder-el-last ' ><div class='flex_cell_inner'><\/div><\/div>\n<\/div>\n<div id='av-layout-grid-2'  class='av-layout-grid-container av-dgdyg-928760256a6095d86d52c02b6f37d709 entry-content-wrapper main_color av-flex-cells  avia-builder-el-5  el_after_av_layout_row  el_before_av_layout_row  grid-row-not-first  container_wrap sidebar_right'  >\n\n<style type=\"text\/css\" data-created_by=\"avia_inline_auto\" id=\"style-css-av-3iyvds-90eecb3e61c70505fc90db65a25cac35\">\n.flex_cell.av-3iyvds-90eecb3e61c70505fc90db65a25cac35{\nvertical-align:top;\npadding:30px 30px 30px 30px;\nbackground:url(https:\/\/koh-lanta-tours.com\/wp-content\/uploads\/2018\/04\/AdobeStock_63740521-1030x674.jpeg) 0% 100% no-repeat scroll ;\n}\n<\/style>\n<div class='flex_cell av_one_half av-3iyvds-90eecb3e61c70505fc90db65a25cac35 no_margin av-hide-on-mobile  avia-builder-el-6  el_before_av_cell_one_half  avia-builder-el-first ' ><div class='flex_cell_inner'><\/div><\/div>\n<style type=\"text\/css\" data-created_by=\"avia_inline_auto\" id=\"style-css-av-3ef5v4-f82a96e26e4f004a157d90d6aec9c4ee\">\n.flex_cell.av-3ef5v4-f82a96e26e4f004a157d90d6aec9c4ee{\nvertical-align:top;\npadding:120px 60px 120px 60px;\n}\n<\/style>\n<div class='flex_cell av_one_half av-3ef5v4-f82a96e26e4f004a157d90d6aec9c4ee no_margin  avia-builder-el-7  el_after_av_cell_one_half  avia-builder-el-last ' ><div class='flex_cell_inner'><section  class='av_textblock_section av-377n9s-a9183a451970358c35ee20768d70891f'  itemscope=\"itemscope\" itemtype=\"https:\/\/schema.org\/CreativeWork\" ><div class='avia_textblock'  itemprop=\"text\" ><p>Przemierzaj s\u0142onawe rzeki i wspania\u0142e \u015br\u00f3dl\u0105dowe szlaki wodne na kajaku lub we\u017a \u0142\u00f3d\u017a z d\u0142ugim ogonem na spokojn\u0105 podr\u00f3\u017c obok las\u00f3w namorzynowych. Znajd\u017a przystanek w Floating House Homestay, aby uchwyci\u0107 kilka \u017cywych ryb p\u0142ywaj\u0105cych w s\u0142onowodnych pi\u00f3rach, dop\u00f3ki nie zostan\u0105 zebrane na grilla. Zauwa\u017c kilka psotnych ma\u0142pek chrupi\u0105cych morskie \u017cycie, kt\u00f3re zbieraj\u0105 podczas odp\u0142ywu.<\/p>\n<p>Bez problemu mo\u017cna dosta\u0107 Kajak na wynajem do 3 godzin. Alternatywnie, mo\u017cna zarezerwowa\u0107 wycieczk\u0119 na \u0142odzi longtail, aby ods\u0142oni\u0107 cuda <strong>Mangroves na Koh Lanta. <\/strong>Mo\u017cesz r\u00f3wnie\u017c pozosta\u0107 w pobli\u017cu przez jaki\u015b czas, aby odda\u0107 si\u0119 zaj\u0119ciom oferowanym w domu. Mo\u017cna zarezerwowa\u0107 sobie miejsce w namiotach zainstalowanych na pok\u0142adach dom\u00f3w pod go\u0142ym niebem przy homestay. Oddaj si\u0119 takim zaj\u0119ciom jak sp\u0142ywy kajakowe, wycieczki \u0142odzi\u0105 i rowery wodne, aby uczyni\u0107 swoj\u0105 wizyt\u0119 bardziej odpr\u0119\u017caj\u0105c\u0105. Z\u0142ap sw\u00f3j obiad na \u017cywo; p\u0142ywaj\u0105c pod twoimi stopami. Mo\u017cesz znale\u017a\u0107 schronienie w homestay za pakiet dw\u00f3ch dni i dw\u00f3ch nocy, w tym zakwaterowanie, posi\u0142ek, dzia\u0142ania i wycieczki na \u0142odzi longtail.<\/p>\n<\/div><\/section>\n<\/div><\/div>\n<\/div>\n<div id='av-layout-grid-3'  class='av-layout-grid-container av-329ut4-82ff5df522ff7a7d5fb3470ae7f1c770 entry-content-wrapper main_color av-flex-cells  avia-builder-el-9  el_after_av_layout_row  el_before_av_layout_row  grid-row-not-first  container_wrap sidebar_right'  >\n\n<style type=\"text\/css\" data-created_by=\"avia_inline_auto\" id=\"style-css-av-2w2o34-98d172bec4e77f83340815ebda9dcf54\">\n.flex_cell.av-2w2o34-98d172bec4e77f83340815ebda9dcf54{\nvertical-align:top;\npadding:120px 60px 120px 60px;\n}\n<\/style>\n<div class='flex_cell av_one_half av-2w2o34-98d172bec4e77f83340815ebda9dcf54 no_margin  avia-builder-el-10  el_before_av_cell_one_half  avia-builder-el-first ' ><div class='flex_cell_inner'><section  class='av_textblock_section av-2nyj40-39fa04c92acd51574b875d99b15f8577'  itemscope=\"itemscope\" itemtype=\"https:\/\/schema.org\/CreativeWork\" ><div class='avia_textblock'  itemprop=\"text\" ><p>Alternatywnie, mo\u017cna zarezerwowa\u0107 niekt\u00f3re zaciszne pokoje p\u0142ywaj\u0105ce na w\u0105skiej drodze wodnej granicz\u0105cej z Mangroves \u015bwiadczone przez Thung Yee Pheng Seafood. Pokoje s\u0105 dost\u0119pne w ramach po\u0142\u0105czonego programu homestay i farmy rybnej i mo\u017cna do nich \u0142atwo dotrze\u0107, jednak lokalizacja mo\u017ce nie by\u0107 tak urzekaj\u0105ca. Z tym, \u017ce pokoje s\u0105 warte zatrzymania si\u0119 na szybki lunch i troch\u0119 odpoczynku, nawet je\u015bli nie planujesz zosta\u0107 na noc.<\/p>\n<\/div><\/section>\n<\/div><\/div>\n<style type=\"text\/css\" data-created_by=\"avia_inline_auto\" id=\"style-css-av-2kcau8-cd37e9219d6ee16a6b20c80fdbaabe32\">\n.flex_cell.av-2kcau8-cd37e9219d6ee16a6b20c80fdbaabe32{\nvertical-align:top;\npadding:30px 30px 30px 30px;\nbackground:url(https:\/\/koh-lanta-tours.com\/wp-content\/uploads\/2018\/04\/AdobeStock_185745582-1030x687.jpeg) 50% 0% no-repeat scroll ;\n}\n<\/style>\n<div class='flex_cell av_one_half av-2kcau8-cd37e9219d6ee16a6b20c80fdbaabe32 no_margin av-hide-on-mobile  avia-builder-el-12  el_after_av_cell_one_half  avia-builder-el-last ' ><div class='flex_cell_inner'><\/div><\/div>\n<\/div>\n<div id='av-layout-grid-4'  class='av-layout-grid-container av-2ewvcg-80130df898ebf52f623fb96b61f33894 entry-content-wrapper main_color av-flex-cells  avia-builder-el-13  el_after_av_layout_row  el_before_av_section  grid-row-not-first  container_wrap sidebar_right'  >\n\n<style type=\"text\/css\" data-created_by=\"avia_inline_auto\" id=\"style-css-av-28p63s-ccb0fbcbd7f10ecf6071a4b8fd302b12\">\n.flex_cell.av-28p63s-ccb0fbcbd7f10ecf6071a4b8fd302b12{\nvertical-align:top;\npadding:30px 30px 30px 30px;\nbackground:url(https:\/\/koh-lanta-tours.com\/wp-content\/uploads\/2018\/04\/AdobeStock_63740521-1030x674.jpeg) 0% 100% no-repeat scroll ;\n}\n<\/style>\n<div class='flex_cell av_one_half av-28p63s-ccb0fbcbd7f10ecf6071a4b8fd302b12 no_margin av-hide-on-mobile  avia-builder-el-14  el_before_av_cell_one_half  avia-builder-el-first ' ><div class='flex_cell_inner'><\/div><\/div>\n<style type=\"text\/css\" data-created_by=\"avia_inline_auto\" id=\"style-css-av-237rmg-8db99a15b69280fae412cdf136c5b68a\">\n.flex_cell.av-237rmg-8db99a15b69280fae412cdf136c5b68a{\nvertical-align:top;\npadding:120px 60px 120px 60px;\n}\n<\/style>\n<div class='flex_cell av_one_half av-237rmg-8db99a15b69280fae412cdf136c5b68a no_margin  avia-builder-el-15  el_after_av_cell_one_half  avia-builder-el-last ' ><div class='flex_cell_inner'><section  class='av_textblock_section av-1vva0o-7b99e1f57b643dae378a464015492052'  itemscope=\"itemscope\" itemtype=\"https:\/\/schema.org\/CreativeWork\" ><div class='avia_textblock'  itemprop=\"text\" ><p>Wioska Thung Yee Pheng posiada r\u00f3wnie\u017c ogrody orchidei i motyli, kt\u00f3re warto doda\u0107 do swojego planu podr\u00f3\u017cy podczas przemierzania <strong>las\u00f3w mangrowych na Koh Lanta <\/strong>. Mo\u017cesz wynaj\u0105\u0107 lokalnego przewodnika i wybra\u0107 si\u0119 na wycieczk\u0119 przez cieniste lasy mangrowe \u0142odzi\u0105 z d\u0142ugim ogonem. Lasy namorzynowe na Koh Lancie s\u0105 podstawowymi miejscami l\u0119gowymi dla delfin\u00f3w i rekin\u00f3w, w kt\u00f3rych znajduj\u0105 schronienie ich m\u0142ode osobniki. G\u0119ste korzenie mangrowc\u00f3w tworz\u0105 obszar chroniony dla krab\u00f3w, ryb, homar\u00f3w, ostryg i krewetek. Las namorzynowy s\u0142u\u017cy jako \u017c\u0142obek dla ssak\u00f3w, gad\u00f3w i ptak\u00f3w, chroni\u0105c tym samym wybrze\u017ce przed erozj\u0105.<\/p>\n<p>Wybierz si\u0119 na niezapomnian\u0105 wycieczk\u0119 do <strong>las\u00f3w mangrowych na Koh Lanta <\/strong>, aby pozna\u0107 cuda natury jak nigdy dot\u0105d.<\/p>\n<\/div><\/section>\n<\/div><\/div>\n<\/div>\n<div id='av_section_1'  class='avia-section av-1ssid4-9d621373f8c6ae2a1defd094853bf303 alternate_color avia-section-large avia-no-border-styling  avia-builder-el-17  el_after_av_layout_row  avia-builder-el-last  avia-bg-style-scroll container_wrap sidebar_right'  ><div class='container av-section-cont-open' ><div class='template-page content  av-content-small alpha units'><div class='post-entry post-entry-type-page post-entry-21228'><div class='entry-content-wrapper clearfix'>\n\n<style type=\"text\/css\" data-created_by=\"avia_inline_auto\" id=\"style-css-av-1m5zy0-0b4604958965b82983ce4dafd300448c\">\n#top .av-special-heading.av-1m5zy0-0b4604958965b82983ce4dafd300448c{\npadding-bottom:20px;\n}\nbody .av-special-heading.av-1m5zy0-0b4604958965b82983ce4dafd300448c .av-special-heading-tag .heading-char{\nfont-size:25px;\n}\n.av-special-heading.av-1m5zy0-0b4604958965b82983ce4dafd300448c .av-subheading{\nfont-size:15px;\n}\n<\/style>\n<div  class='av-special-heading av-1m5zy0-0b4604958965b82983ce4dafd300448c av-special-heading-h1 blockquote modern-quote modern-centered  avia-builder-el-18  el_before_av_one_fifth  avia-builder-el-first '><div class='av-subheading av-subheading_above'><p>Najgor\u0119tsze oferty i zni\u017cki w Twojej skrzynce pocztowej!<\/p>\n<\/div><h1 class='av-special-heading-tag'  itemprop=\"headline\"  >Zapisz si\u0119 na nasz Newsletter<\/h1><div class=\"special-heading-border\"><div class=\"special-heading-inner-border\"><\/div><\/div><\/div>\n\n<style type=\"text\/css\" data-created_by=\"avia_inline_auto\" id=\"style-css-av-1cqhq0-bbd6f1b1b5aa784555dac622b978772c\">\n.flex_column.av-1cqhq0-bbd6f1b1b5aa784555dac622b978772c{\nborder-radius:0px 0px 0px 0px;\n-webkit-border-radius:0px 0px 0px 0px;\n-moz-border-radius:0px 0px 0px 0px;\n}\n<\/style>\n<div class='flex_column av-1cqhq0-bbd6f1b1b5aa784555dac622b978772c av_one_fifth  avia-builder-el-19  el_after_av_heading  el_before_av_three_fifth  first flex_column_div av-zero-column-padding '   ><\/div>\n<style type=\"text\/css\" data-created_by=\"avia_inline_auto\" id=\"style-css-av-19aoxk-32a6325634e832a2d888fa0fa8e60fef\">\n.flex_column.av-19aoxk-32a6325634e832a2d888fa0fa8e60fef{\nborder-radius:0px 0px 0px 0px;\n-webkit-border-radius:0px 0px 0px 0px;\n-moz-border-radius:0px 0px 0px 0px;\n}\n<\/style>\n<div class='flex_column av-19aoxk-32a6325634e832a2d888fa0fa8e60fef av_three_fifth  avia-builder-el-20  el_after_av_one_fifth  el_before_av_one_fifth  flex_column_div av-zero-column-padding '   ><\/div>\n<style type=\"text\/css\" data-created_by=\"avia_inline_auto\" id=\"style-css-av-ash0w-f1aac5741294b1480454b87bba9a7cec\">\n.flex_column.av-ash0w-f1aac5741294b1480454b87bba9a7cec{\nborder-radius:0px 0px 0px 0px;\n-webkit-border-radius:0px 0px 0px 0px;\n-moz-border-radius:0px 0px 0px 0px;\n}\n<\/style>\n<div class='flex_column av-ash0w-f1aac5741294b1480454b87bba9a7cec av_one_fifth  avia-builder-el-22  el_after_av_three_fifth  avia-builder-el-last  flex_column_div av-zero-column-padding '   ><\/div>\n<\/div><\/div><\/div><!-- close content main div --><\/div><\/div><div id='after_section_1'  class='main_color av_default_container_wrap container_wrap sidebar_right'  ><div class='container av-section-cont-open' ><div class='template-page content  av-content-small alpha units'><div class='post-entry post-entry-type-page post-entry-21228'><div class='entry-content-wrapper clearfix'>\n","protected":false},"excerpt":{"rendered":"","protected":false},"author":9940,"featured_media":0,"parent":15902,"menu_order":0,"comment_status":"closed","ping_status":"closed","template":"","meta":{"footnotes":""},"class_list":["post-21228","page","type-page","status-publish","hentry"],"yoast_head":"<!-- This site is optimized with the Yoast SEO Premium plugin v20.9 (Yoast SEO v26.2) - https:\/\/yoast.com\/wordpress\/plugins\/seo\/ -->\n<title>Dziewicze, mistyczne lasy namorzynowe na Koh Lanta - My Tour by koh-lanta-tours.com<\/title>\n<meta name=\"robots\" content=\"index, follow, max-snippet:-1, max-image-preview:large, max-video-preview:-1\" \/>\n<link rel=\"canonical\" href=\"https:\/\/koh-lanta-tours.com\/pl\/miejsca-docelowe-wokol-koh-lanta\/prypec-miasta-na-kolejnej-lancie\/\" \/>\n<meta property=\"og:locale\" content=\"pl_PL\" \/>\n<meta property=\"og:type\" content=\"article\" \/>\n<meta property=\"og:title\" content=\"Dziewicze, mistyczne lasy namorzynowe na Koh Lanta\" \/>\n<meta property=\"og:url\" content=\"https:\/\/koh-lanta-tours.com\/pl\/miejsca-docelowe-wokol-koh-lanta\/prypec-miasta-na-kolejnej-lancie\/\" \/>\n<meta property=\"og:site_name\" content=\"My Tour by koh-lanta-tours.com\" \/>\n<meta property=\"article:publisher\" content=\"https:\/\/www.facebook.com\/MyTourKohLanta\/\" \/>\n<meta property=\"article:modified_time\" content=\"2023-01-16T12:06:46+00:00\" \/>\n<meta name=\"twitter:card\" content=\"summary_large_image\" \/>\n<meta name=\"twitter:label1\" content=\"Szacowany czas czytania\" \/>\n\t<meta name=\"twitter:data1\" content=\"9 minut\" \/>\n<script type=\"application\/ld+json\" class=\"yoast-schema-graph\">{\"@context\":\"https:\/\/schema.org\",\"@graph\":[{\"@type\":\"WebPage\",\"@id\":\"https:\/\/koh-lanta-tours.com\/pl\/miejsca-docelowe-wokol-koh-lanta\/prypec-miasta-na-kolejnej-lancie\/\",\"url\":\"https:\/\/koh-lanta-tours.com\/pl\/miejsca-docelowe-wokol-koh-lanta\/prypec-miasta-na-kolejnej-lancie\/\",\"name\":\"Dziewicze, mistyczne lasy namorzynowe na Koh Lanta - My Tour by koh-lanta-tours.com\",\"isPartOf\":{\"@id\":\"https:\/\/koh-lanta-tours.com\/pl\/#website\"},\"datePublished\":\"2023-01-16T12:06:43+00:00\",\"dateModified\":\"2023-01-16T12:06:46+00:00\",\"breadcrumb\":{\"@id\":\"https:\/\/koh-lanta-tours.com\/pl\/miejsca-docelowe-wokol-koh-lanta\/prypec-miasta-na-kolejnej-lancie\/#breadcrumb\"},\"inLanguage\":\"pl-PL\",\"potentialAction\":[{\"@type\":\"ReadAction\",\"target\":[\"https:\/\/koh-lanta-tours.com\/pl\/miejsca-docelowe-wokol-koh-lanta\/prypec-miasta-na-kolejnej-lancie\/\"]}]},{\"@type\":\"BreadcrumbList\",\"@id\":\"https:\/\/koh-lanta-tours.com\/pl\/miejsca-docelowe-wokol-koh-lanta\/prypec-miasta-na-kolejnej-lancie\/#breadcrumb\",\"itemListElement\":[{\"@type\":\"ListItem\",\"position\":1,\"name\":\"Home\",\"item\":\"https:\/\/koh-lanta-tours.com\/pl\/\"},{\"@type\":\"ListItem\",\"position\":2,\"name\":\"Miejsca docelowe wok\u00f3\u0142 Koh Lanta\",\"item\":\"https:\/\/koh-lanta-tours.com\/pl\/miejsca-docelowe-wokol-koh-lanta\/\"},{\"@type\":\"ListItem\",\"position\":3,\"name\":\"Dziewicze, mistyczne lasy namorzynowe na Koh Lanta\"}]},{\"@type\":\"WebSite\",\"@id\":\"https:\/\/koh-lanta-tours.com\/pl\/#website\",\"url\":\"https:\/\/koh-lanta-tours.com\/pl\/\",\"name\":\"My Tour by koh-lanta-tours.com\",\"description\":\"Tours on and around the beautiful islant koh lanta.\",\"publisher\":{\"@id\":\"https:\/\/koh-lanta-tours.com\/pl\/#organization\"},\"potentialAction\":[{\"@type\":\"SearchAction\",\"target\":{\"@type\":\"EntryPoint\",\"urlTemplate\":\"https:\/\/koh-lanta-tours.com\/pl\/?s={search_term_string}\"},\"query-input\":{\"@type\":\"PropertyValueSpecification\",\"valueRequired\":true,\"valueName\":\"search_term_string\"}}],\"inLanguage\":\"pl-PL\"},{\"@type\":\"Organization\",\"@id\":\"https:\/\/koh-lanta-tours.com\/pl\/#organization\",\"name\":\"My Tour by koh-lanta-tours.com\",\"url\":\"https:\/\/koh-lanta-tours.com\/pl\/\",\"logo\":{\"@type\":\"ImageObject\",\"inLanguage\":\"pl-PL\",\"@id\":\"https:\/\/koh-lanta-tours.com\/pl\/#\/schema\/logo\/image\/\",\"url\":\"https:\/\/koh-lanta-tours.com\/wp-content\/uploads\/2018\/04\/logo.png\",\"contentUrl\":\"https:\/\/koh-lanta-tours.com\/wp-content\/uploads\/2018\/04\/logo.png\",\"width\":2048,\"height\":712,\"caption\":\"My Tour by koh-lanta-tours.com\"},\"image\":{\"@id\":\"https:\/\/koh-lanta-tours.com\/pl\/#\/schema\/logo\/image\/\"},\"sameAs\":[\"https:\/\/www.facebook.com\/MyTourKohLanta\/\"]}]}<\/script>\n<!-- \/ Yoast SEO Premium plugin. -->","yoast_head_json":{"title":"Dziewicze, mistyczne lasy namorzynowe na Koh Lanta - My Tour by koh-lanta-tours.com","robots":{"index":"index","follow":"follow","max-snippet":"max-snippet:-1","max-image-preview":"max-image-preview:large","max-video-preview":"max-video-preview:-1"},"canonical":"https:\/\/koh-lanta-tours.com\/pl\/miejsca-docelowe-wokol-koh-lanta\/prypec-miasta-na-kolejnej-lancie\/","og_locale":"pl_PL","og_type":"article","og_title":"Dziewicze, mistyczne lasy namorzynowe na Koh Lanta","og_url":"https:\/\/koh-lanta-tours.com\/pl\/miejsca-docelowe-wokol-koh-lanta\/prypec-miasta-na-kolejnej-lancie\/","og_site_name":"My Tour by koh-lanta-tours.com","article_publisher":"https:\/\/www.facebook.com\/MyTourKohLanta\/","article_modified_time":"2023-01-16T12:06:46+00:00","twitter_card":"summary_large_image","twitter_misc":{"Szacowany czas czytania":"9 minut"},"schema":{"@context":"https:\/\/schema.org","@graph":[{"@type":"WebPage","@id":"https:\/\/koh-lanta-tours.com\/pl\/miejsca-docelowe-wokol-koh-lanta\/prypec-miasta-na-kolejnej-lancie\/","url":"https:\/\/koh-lanta-tours.com\/pl\/miejsca-docelowe-wokol-koh-lanta\/prypec-miasta-na-kolejnej-lancie\/","name":"Dziewicze, mistyczne lasy namorzynowe na Koh Lanta - My Tour by koh-lanta-tours.com","isPartOf":{"@id":"https:\/\/koh-lanta-tours.com\/pl\/#website"},"datePublished":"2023-01-16T12:06:43+00:00","dateModified":"2023-01-16T12:06:46+00:00","breadcrumb":{"@id":"https:\/\/koh-lanta-tours.com\/pl\/miejsca-docelowe-wokol-koh-lanta\/prypec-miasta-na-kolejnej-lancie\/#breadcrumb"},"inLanguage":"pl-PL","potentialAction":[{"@type":"ReadAction","target":["https:\/\/koh-lanta-tours.com\/pl\/miejsca-docelowe-wokol-koh-lanta\/prypec-miasta-na-kolejnej-lancie\/"]}]},{"@type":"BreadcrumbList","@id":"https:\/\/koh-lanta-tours.com\/pl\/miejsca-docelowe-wokol-koh-lanta\/prypec-miasta-na-kolejnej-lancie\/#breadcrumb","itemListElement":[{"@type":"ListItem","position":1,"name":"Home","item":"https:\/\/koh-lanta-tours.com\/pl\/"},{"@type":"ListItem","position":2,"name":"Miejsca docelowe wok\u00f3\u0142 Koh Lanta","item":"https:\/\/koh-lanta-tours.com\/pl\/miejsca-docelowe-wokol-koh-lanta\/"},{"@type":"ListItem","position":3,"name":"Dziewicze, mistyczne lasy namorzynowe na Koh Lanta"}]},{"@type":"WebSite","@id":"https:\/\/koh-lanta-tours.com\/pl\/#website","url":"https:\/\/koh-lanta-tours.com\/pl\/","name":"My Tour by koh-lanta-tours.com","description":"Tours on and around the beautiful islant koh lanta.","publisher":{"@id":"https:\/\/koh-lanta-tours.com\/pl\/#organization"},"potentialAction":[{"@type":"SearchAction","target":{"@type":"EntryPoint","urlTemplate":"https:\/\/koh-lanta-tours.com\/pl\/?s={search_term_string}"},"query-input":{"@type":"PropertyValueSpecification","valueRequired":true,"valueName":"search_term_string"}}],"inLanguage":"pl-PL"},{"@type":"Organization","@id":"https:\/\/koh-lanta-tours.com\/pl\/#organization","name":"My Tour by koh-lanta-tours.com","url":"https:\/\/koh-lanta-tours.com\/pl\/","logo":{"@type":"ImageObject","inLanguage":"pl-PL","@id":"https:\/\/koh-lanta-tours.com\/pl\/#\/schema\/logo\/image\/","url":"https:\/\/koh-lanta-tours.com\/wp-content\/uploads\/2018\/04\/logo.png","contentUrl":"https:\/\/koh-lanta-tours.com\/wp-content\/uploads\/2018\/04\/logo.png","width":2048,"height":712,"caption":"My Tour by koh-lanta-tours.com"},"image":{"@id":"https:\/\/koh-lanta-tours.com\/pl\/#\/schema\/logo\/image\/"},"sameAs":["https:\/\/www.facebook.com\/MyTourKohLanta\/"]}]}},"_links":{"self":[{"href":"https:\/\/koh-lanta-tours.com\/pl\/wp-json\/wp\/v2\/pages\/21228","targetHints":{"allow":["GET"]}}],"collection":[{"href":"https:\/\/koh-lanta-tours.com\/pl\/wp-json\/wp\/v2\/pages"}],"about":[{"href":"https:\/\/koh-lanta-tours.com\/pl\/wp-json\/wp\/v2\/types\/page"}],"author":[{"embeddable":true,"href":"https:\/\/koh-lanta-tours.com\/pl\/wp-json\/wp\/v2\/users\/9940"}],"replies":[{"embeddable":true,"href":"https:\/\/koh-lanta-tours.com\/pl\/wp-json\/wp\/v2\/comments?post=21228"}],"version-history":[{"count":2,"href":"https:\/\/koh-lanta-tours.com\/pl\/wp-json\/wp\/v2\/pages\/21228\/revisions"}],"predecessor-version":[{"id":21239,"href":"https:\/\/koh-lanta-tours.com\/pl\/wp-json\/wp\/v2\/pages\/21228\/revisions\/21239"}],"up":[{"embeddable":true,"href":"https:\/\/koh-lanta-tours.com\/pl\/wp-json\/wp\/v2\/pages\/15902"}],"wp:attachment":[{"href":"https:\/\/koh-lanta-tours.com\/pl\/wp-json\/wp\/v2\/media?parent=21228"}],"curies":[{"name":"wp","href":"https:\/\/api.w.org\/{rel}","templated":true}]}}