{"id":15902,"date":"2023-01-03T08:51:33","date_gmt":"2023-01-03T01:51:33","guid":{"rendered":"https:\/\/koh-lanta-tours.com\/miejsca-docelowe-wokol-koh-lanta\/"},"modified":"2023-01-03T08:51:51","modified_gmt":"2023-01-03T01:51:51","slug":"miejsca-docelowe-wokol-koh-lanta","status":"publish","type":"page","link":"https:\/\/koh-lanta-tours.com\/pl\/miejsca-docelowe-wokol-koh-lanta\/","title":{"rendered":"Miejsca docelowe wok\u00f3\u0142 Koh Lanta"},"content":{"rendered":"\n<style type=\"text\/css\" data-created_by=\"avia_inline_auto\" id=\"style-css-av-3med69-2098857612a83f5e45afd377c6ff6762\">\n.avia-section.av-3med69-2098857612a83f5e45afd377c6ff6762{\nbackground-repeat:no-repeat;\nbackground-image:url(https:\/\/koh-lanta-tours.com\/wp-content\/uploads\/2016\/02\/travel-banner-cyan-2-1500x630.jpg);\nbackground-position:50% 0%;\nbackground-attachment:scroll;\n}\n.avia-section.av-3med69-2098857612a83f5e45afd377c6ff6762 .av-section-color-overlay{\nopacity:0.4;\nbackground-color:#000000;\n}\n<\/style>\n<div id='av_section_1'  class='avia-section av-3med69-2098857612a83f5e45afd377c6ff6762 main_color avia-section-large avia-no-border-styling  avia-builder-el-0  el_before_av_section  avia-builder-el-first  avia-full-stretch avia-bg-style-scroll av-section-color-overlay-active container_wrap sidebar_right'  data-section-bg-repeat='stretch'><div class='av-section-color-overlay-wrap'><div class=\"av-section-color-overlay\"><\/div><div class='container av-section-cont-open' ><main  role=\"main\" itemprop=\"mainContentOfPage\"  class='template-page content  av-content-small alpha units'><div class='post-entry post-entry-type-page post-entry-15902'><div class='entry-content-wrapper clearfix'>\n\n<style type=\"text\/css\" data-created_by=\"avia_inline_auto\" id=\"style-css-av-3gqfcp-cd24c07e298fea8660cb0d5e94543c29\">\n#top .av-special-heading.av-3gqfcp-cd24c07e298fea8660cb0d5e94543c29{\npadding-bottom:10px;\ncolor:#ffffff;\nfont-size:70px;\n}\nbody .av-special-heading.av-3gqfcp-cd24c07e298fea8660cb0d5e94543c29 .av-special-heading-tag .heading-char{\nfont-size:25px;\n}\n#top #wrap_all .av-special-heading.av-3gqfcp-cd24c07e298fea8660cb0d5e94543c29 .av-special-heading-tag{\nfont-size:70px;\n}\n.av-special-heading.av-3gqfcp-cd24c07e298fea8660cb0d5e94543c29 .special-heading-inner-border{\nborder-color:#ffffff;\n}\n.av-special-heading.av-3gqfcp-cd24c07e298fea8660cb0d5e94543c29 .av-subheading{\nfont-size:15px;\n}\n<\/style>\n<div  class='av-special-heading av-3gqfcp-cd24c07e298fea8660cb0d5e94543c29 av-special-heading-h6 custom-color-heading blockquote modern-quote modern-centered  avia-builder-el-1  avia-builder-el-no-sibling  av-inherit-size'><h6 class='av-special-heading-tag'  itemprop=\"headline\"  >Miejsca przeznaczenia<\/h6><div class=\"special-heading-border\"><div class=\"special-heading-inner-border\"><\/div><\/div><\/div>\n\n<\/div><\/div><\/main><!-- close content main element --><\/div><\/div><\/div><div id='av_section_2'  class='avia-section av-3a3dn5-04cc4ff78eed9d931c43e364e92380f9 main_color avia-section-default avia-no-shadow  avia-builder-el-2  el_after_av_section  el_before_av_portfolio  avia-bg-style-scroll container_wrap sidebar_right'  ><div class='container av-section-cont-open' ><div class='template-page content  av-content-small alpha units'><div class='post-entry post-entry-type-page post-entry-15902'><div class='entry-content-wrapper clearfix'>\n\n<style type=\"text\/css\" data-created_by=\"avia_inline_auto\" id=\"style-css-av-317w3l-b42d9631fb1aa43b85d3d0f0d46e904c\">\n.flex_column.av-317w3l-b42d9631fb1aa43b85d3d0f0d46e904c{\nborder-radius:0px 0px 0px 0px;\n-webkit-border-radius:0px 0px 0px 0px;\n-moz-border-radius:0px 0px 0px 0px;\n}\n<\/style>\n<div class='flex_column av-317w3l-b42d9631fb1aa43b85d3d0f0d46e904c av_one_half  avia-builder-el-3  el_before_av_one_half  avia-builder-el-first  first flex_column_div av-zero-column-padding '   ><style type=\"text\/css\" data-created_by=\"avia_inline_auto\" id=\"style-css-av-2v6rqp-b2844da7c89530ae6a1ecd8f34ee2190\">\n#top .av-special-heading.av-2v6rqp-b2844da7c89530ae6a1ecd8f34ee2190{\npadding-bottom:30px;\n}\nbody .av-special-heading.av-2v6rqp-b2844da7c89530ae6a1ecd8f34ee2190 .av-special-heading-tag .heading-char{\nfont-size:25px;\n}\n.av-special-heading.av-2v6rqp-b2844da7c89530ae6a1ecd8f34ee2190 .av-subheading{\nfont-size:15px;\n}\n<\/style>\n<div  class='av-special-heading av-2v6rqp-b2844da7c89530ae6a1ecd8f34ee2190 av-special-heading-h1  avia-builder-el-4  avia-builder-el-no-sibling  av-thin-font'><h1 class='av-special-heading-tag'  itemprop=\"headline\"  >Koniecznie trzeba odwiedzi\u0107 urzekaj\u0105ce miejsca<br \/> <strong>w i wok\u00f3\u0142 Koh Lanta<\/strong><\/h1><div class=\"special-heading-border\"><div class=\"special-heading-inner-border\"><\/div><\/div><\/div><\/div>\n<style type=\"text\/css\" data-created_by=\"avia_inline_auto\" id=\"style-css-av-2q5bc1-e11c6f60cbf6ce36a4a58d5df00b7786\">\n.flex_column.av-2q5bc1-e11c6f60cbf6ce36a4a58d5df00b7786{\nborder-radius:0px 0px 0px 0px;\n-webkit-border-radius:0px 0px 0px 0px;\n-moz-border-radius:0px 0px 0px 0px;\n}\n<\/style>\n<div class='flex_column av-2q5bc1-e11c6f60cbf6ce36a4a58d5df00b7786 av_one_half  avia-builder-el-5  el_after_av_one_half  el_before_av_one_half  flex_column_div av-zero-column-padding '   ><\/div>\n<style type=\"text\/css\" data-created_by=\"avia_inline_auto\" id=\"style-css-av-2jtuah-f7efa7f8a1c7719cfd393e1fbf44a937\">\n.flex_column.av-2jtuah-f7efa7f8a1c7719cfd393e1fbf44a937{\nborder-radius:0px 0px 0px 0px;\n-webkit-border-radius:0px 0px 0px 0px;\n-moz-border-radius:0px 0px 0px 0px;\n}\n<\/style>\n<div class='flex_column av-2jtuah-f7efa7f8a1c7719cfd393e1fbf44a937 av_one_half  avia-builder-el-6  el_after_av_one_half  el_before_av_one_half  first flex_column_div av-zero-column-padding column-top-margin'   ><section  class='av_textblock_section av-2grsvd-9b82981b1cdd0e98567159b9052fbb89'  itemscope=\"itemscope\" itemtype=\"https:\/\/schema.org\/CreativeWork\" ><div class='avia_textblock'  itemprop=\"text\" ><p>Zapewniamy fascynuj\u0105ce pakiety wycieczek na r\u00f3\u017cne pi\u0119kne wyspy w Tajlandii. Pierwsza na li\u015bcie jest <a href=\"https:\/\/koh-lanta-tours.com\/destinations-around-koh-lanta\/koh-lanta-island\/\">Koh Lanta<\/a>, kt\u00f3ra jest idyllicznym miejscem na niezapomniane, pe\u0142ne zabawy wakacje. Tropikalny klimat wyspy przyci\u0105ga wielu turyst\u00f3w z ca\u0142ego \u015bwiata. Urzekaj\u0105ce pla\u017ce, zjawiskowe krajobrazy i b\u0142oga panorama Koh Lanty wype\u0142niaj\u0105 ka\u017cde serce spokojem i cisz\u0105. Opr\u00f3cz naturalnego pi\u0119kna i b\u0142ogiego otoczenia, wyspa oferuje niezliczon\u0105 ilo\u015b\u0107 do\u015bwiadcze\u0144 dla ka\u017cdego, od poszukiwaczy samotno\u015bci i indolentnych hombres do adrenaliny junkies. Poznaj <a href=\"https:\/\/koh-lanta-tours.com\/destinations-around-koh-lanta\/pristine-mystical-mangroves-on-koh-lanta\/\">mistyczne lasy namorzynowe na Koh Lancie<\/a> lub wybierz si\u0119 na <a href=\"https:\/\/koh-lanta-tours.com\/destinations-around-koh-lanta\/elephant-trekking-on-koh-lanta\/\">trekking na s\u0142oniach<\/a> przez lasy deszczowe. Ale Twoja wizyta w Tajlandii nie b\u0119dzie kompletna, je\u015bli nie odkryjesz innych pobliskich wysp, z kt\u00f3rych ka\u017cda zapewnia wyj\u0105tkowe i jedyne w swoim rodzaju do\u015bwiadczenie.<\/p>\n<\/div><\/section><\/div>\n<style type=\"text\/css\" data-created_by=\"avia_inline_auto\" id=\"style-css-av-2a6j7d-5f3e3a570342f7430ab4e48662511f5a\">\n.flex_column.av-2a6j7d-5f3e3a570342f7430ab4e48662511f5a{\nborder-radius:0px 0px 0px 0px;\n-webkit-border-radius:0px 0px 0px 0px;\n-moz-border-radius:0px 0px 0px 0px;\n}\n<\/style>\n<div class='flex_column av-2a6j7d-5f3e3a570342f7430ab4e48662511f5a av_one_half  avia-builder-el-8  el_after_av_one_half  avia-builder-el-last  flex_column_div av-zero-column-padding column-top-margin'   ><section  class='av_textblock_section av-25bfyp-778d58a7f65b67dff39f532658781109'  itemscope=\"itemscope\" itemtype=\"https:\/\/schema.org\/CreativeWork\" ><div class='avia_textblock'  itemprop=\"text\" ><p>Snorkluj si\u0119 przez pi\u0119kne p\u0142ytkie rafy koralowe i odkrywaj majestatyczne podwodne jaskinie w <a href=\"https:\/\/koh-lanta-tours.com\/destinations-around-koh-lanta\/koh-ha-a-tropical-paradise-to-rejuvenate-your-senses\/\">Koh Ha<\/a>. Zobacz niezwyk\u0142e stalaktyty i formacje stalagmit\u00f3w i \u015bwiadkiem niekt\u00f3rych egzotycznych stworze\u0144 morskich, jak porusza\u0107 si\u0119 po katedrze. Spotkaj \u017c\u00f3\u0142wie, poznaj podwodny ekosystem i sp\u0119d\u017a spokojny wiecz\u00f3r przy <a href=\"https:\/\/koh-lanta-tours.com\/destinations-around-koh-lanta\/pristine-mystical-mangroves-on-koh-lanta\/\">zapieraj\u0105cym dech w piersiach wodospadzie w Koh Lanta.<\/a> Poznaj <a href=\"https:\/\/koh-lanta-tours.com\/destinations-around-koh-lanta\/the-magical-emerald-cave-of-koh-mook\/\">majestatyczn\u0105 Szmaragdow\u0105 Jaskini\u0119 na Koh Mook<\/a>. Spaceruj po <a href=\"https:\/\/koh-lanta-tours.com\/destinations-around-koh-lanta\/koh-kradan-on-koh-lanta\/\">piaszczystych, ozdobionych koralami pla\u017cach Koh Kradan<\/a>. Zobacz krasowe masywy wysp i p\u0142ytk\u0105 <a href=\"https:\/\/koh-lanta-tours.com\/destinations-around-koh-lanta\/koh-ngai\/\">krystaliczn\u0105 akwamarynow\u0105 wod\u0119 na Koh Ngai<\/a>. Zanurz si\u0119 w <a href=\"https:\/\/koh-lanta-tours.com\/destinations-around-koh-lanta\/koh-phi-phi\/\">cerulowej wodzie Koh Phi Ph<\/a> i lub przejd\u017a si\u0119 przez jej bujne zielone d\u017cungle. Snorkeling w\u015br\u00f3d mi\u0119kkich raf koralowych i wspania\u0142ych tropikalnych ryb na <a href=\"https:\/\/koh-lanta-tours.com\/destinations-around-koh-lanta\/koh-chuek\/\">Koh Chuek<\/a>. Zrelaksuj si\u0119 i odpocznij w dziewiczym miejscu <a href=\"https:\/\/koh-lanta-tours.com\/destinations-around-koh-lanta\/koh-bu-bu\/\">Koh Bu Bu<\/a>. Przep\u0142y\u0144 kajakiem przez spektakularne jaskinie i zachwycaj\u0105ce <a href=\"https:\/\/koh-lanta-tours.com\/destinations-around-koh-lanta\/koh-talabeng\/\">formacje wapienne Koh Talabeng<\/a>.<\/p>\n<p>Dodaj do swojego planu podr\u00f3\u017cy miejsca z naszych pakiet\u00f3w wycieczkowych i prze\u017cyj spektakularnie niezapomniane wakacje w Tajlandii.<\/p>\n<\/div><\/section><\/div><\/p>\n<div id='av_section_3'  class='avia-section av-1r2wkp-a9fadff78b1f2bf83bb490c7a3ea7469 alternate_color avia-section-large avia-no-border-styling  avia-builder-el-11  el_after_av_portfolio  avia-builder-el-last  avia-bg-style-scroll container_wrap sidebar_right'  ><div class='container av-section-cont-open' ><div class='template-page content  av-content-small alpha units'><div class='post-entry post-entry-type-page post-entry-15902'><div class='entry-content-wrapper clearfix'>\n\n<style type=\"text\/css\" data-created_by=\"avia_inline_auto\" id=\"style-css-av-1jjiih-f0747defcabe60f128fe4e914dee6121\">\n#top .av-special-heading.av-1jjiih-f0747defcabe60f128fe4e914dee6121{\npadding-bottom:20px;\n}\nbody .av-special-heading.av-1jjiih-f0747defcabe60f128fe4e914dee6121 .av-special-heading-tag .heading-char{\nfont-size:25px;\n}\n.av-special-heading.av-1jjiih-f0747defcabe60f128fe4e914dee6121 .av-subheading{\nfont-size:15px;\n}\n<\/style>\n<div  class='av-special-heading av-1jjiih-f0747defcabe60f128fe4e914dee6121 av-special-heading-h1 blockquote modern-quote modern-centered  avia-builder-el-12  el_before_av_one_fifth  avia-builder-el-first '><div class='av-subheading av-subheading_above'><p>Najgor\u0119tsze oferty i zni\u017cki w Twojej skrzynce pocztowej!<\/p>\n<\/div><h1 class='av-special-heading-tag'  itemprop=\"headline\"  >Zapisz si\u0119 na nasz Newsletter<\/h1><div class=\"special-heading-border\"><div class=\"special-heading-inner-border\"><\/div><\/div><\/div>\n\n<style type=\"text\/css\" data-created_by=\"avia_inline_auto\" id=\"style-css-av-1e9t1d-e041b6d6f46d990f67e43f6f9e5a5228\">\n.flex_column.av-1e9t1d-e041b6d6f46d990f67e43f6f9e5a5228{\nborder-radius:0px 0px 0px 0px;\n-webkit-border-radius:0px 0px 0px 0px;\n-moz-border-radius:0px 0px 0px 0px;\n}\n<\/style>\n<div class='flex_column av-1e9t1d-e041b6d6f46d990f67e43f6f9e5a5228 av_one_fifth  avia-builder-el-13  el_after_av_heading  el_before_av_three_fifth  first flex_column_div av-zero-column-padding '   ><\/div>\n<style type=\"text\/css\" data-created_by=\"avia_inline_auto\" id=\"style-css-av-1avwx5-549e650fe83d278ecee6f8f7d05f3894\">\n.flex_column.av-1avwx5-549e650fe83d278ecee6f8f7d05f3894{\nborder-radius:0px 0px 0px 0px;\n-webkit-border-radius:0px 0px 0px 0px;\n-moz-border-radius:0px 0px 0px 0px;\n}\n<\/style>\n<div class='flex_column av-1avwx5-549e650fe83d278ecee6f8f7d05f3894 av_three_fifth  avia-builder-el-14  el_after_av_one_fifth  el_before_av_one_fifth  flex_column_div av-zero-column-padding '   ><\/div>\n<style type=\"text\/css\" data-created_by=\"avia_inline_auto\" id=\"style-css-av-bgvop-6a70754c67ad96be696bf12ae2921b39\">\n.flex_column.av-bgvop-6a70754c67ad96be696bf12ae2921b39{\nborder-radius:0px 0px 0px 0px;\n-webkit-border-radius:0px 0px 0px 0px;\n-moz-border-radius:0px 0px 0px 0px;\n}\n<\/style>\n<div class='flex_column av-bgvop-6a70754c67ad96be696bf12ae2921b39 av_one_fifth  avia-builder-el-16  el_after_av_three_fifth  avia-builder-el-last  flex_column_div av-zero-column-padding '   ><\/div>\n<\/div><\/div><\/div><!-- close content main div --><\/div><\/div><div id='after_section_3'  class='main_color av_default_container_wrap container_wrap sidebar_right'  ><div class='container av-section-cont-open' ><div class='template-page content  av-content-small alpha units'><div class='post-entry post-entry-type-page post-entry-15902'><div class='entry-content-wrapper clearfix'>\n","protected":false},"excerpt":{"rendered":"","protected":false},"author":9940,"featured_media":0,"parent":0,"menu_order":0,"comment_status":"closed","ping_status":"closed","template":"","meta":{"footnotes":""},"class_list":["post-15902","page","type-page","status-publish","hentry"],"yoast_head":"<!-- This site is optimized with the Yoast SEO Premium plugin v20.9 (Yoast SEO v26.2) - https:\/\/yoast.com\/wordpress\/plugins\/seo\/ -->\n<title>Miejsca docelowe | Rzeczy do zrobienia i odwiedzenia w Koh-Lanta z Koh Lanta Tours<\/title>\n<meta name=\"description\" content=\"Jako, \u017ce przebywamy na Koh Lancie bardzo d\u0142ugo, zauwa\u017cyli\u015bmy brak mo\u017cliwo\u015bci rezerwacji wyjazdu lub wycieczki online. Skontaktuj si\u0119 z nami, aby dowiedzie\u0107 si\u0119 wi\u0119cej lub zarezerwuj sw\u00f3j pakiet ju\u017c teraz.\" \/>\n<meta name=\"robots\" content=\"index, follow, max-snippet:-1, max-image-preview:large, max-video-preview:-1\" \/>\n<link rel=\"canonical\" href=\"https:\/\/koh-lanta-tours.com\/pl\/miejsca-docelowe-wokol-koh-lanta\/\" \/>\n<meta property=\"og:locale\" content=\"pl_PL\" \/>\n<meta property=\"og:type\" content=\"article\" \/>\n<meta property=\"og:title\" content=\"Miejsca docelowe wok\u00f3\u0142 Koh Lanta\" \/>\n<meta property=\"og:description\" content=\"Jako, \u017ce przebywamy na Koh Lancie bardzo d\u0142ugo, zauwa\u017cyli\u015bmy brak mo\u017cliwo\u015bci rezerwacji wyjazdu lub wycieczki online. Skontaktuj si\u0119 z nami, aby dowiedzie\u0107 si\u0119 wi\u0119cej lub zarezerwuj sw\u00f3j pakiet ju\u017c teraz.\" \/>\n<meta property=\"og:url\" content=\"https:\/\/koh-lanta-tours.com\/pl\/miejsca-docelowe-wokol-koh-lanta\/\" \/>\n<meta property=\"og:site_name\" content=\"My Tour by koh-lanta-tours.com\" \/>\n<meta property=\"article:publisher\" content=\"https:\/\/www.facebook.com\/MyTourKohLanta\/\" \/>\n<meta property=\"article:modified_time\" content=\"2023-01-03T01:51:51+00:00\" \/>\n<meta name=\"twitter:card\" content=\"summary_large_image\" \/>\n<meta name=\"twitter:label1\" content=\"Szacowany czas czytania\" \/>\n\t<meta name=\"twitter:data1\" content=\"7 minut\" \/>\n<script type=\"application\/ld+json\" class=\"yoast-schema-graph\">{\"@context\":\"https:\/\/schema.org\",\"@graph\":[{\"@type\":\"WebPage\",\"@id\":\"https:\/\/koh-lanta-tours.com\/pl\/miejsca-docelowe-wokol-koh-lanta\/\",\"url\":\"https:\/\/koh-lanta-tours.com\/pl\/miejsca-docelowe-wokol-koh-lanta\/\",\"name\":\"Miejsca docelowe | Rzeczy do zrobienia i odwiedzenia w Koh-Lanta z Koh Lanta Tours\",\"isPartOf\":{\"@id\":\"https:\/\/koh-lanta-tours.com\/pl\/#website\"},\"datePublished\":\"2023-01-03T01:51:33+00:00\",\"dateModified\":\"2023-01-03T01:51:51+00:00\",\"description\":\"Jako, \u017ce przebywamy na Koh Lancie bardzo d\u0142ugo, zauwa\u017cyli\u015bmy brak mo\u017cliwo\u015bci rezerwacji wyjazdu lub wycieczki online. Skontaktuj si\u0119 z nami, aby dowiedzie\u0107 si\u0119 wi\u0119cej lub zarezerwuj sw\u00f3j pakiet ju\u017c teraz.\",\"breadcrumb\":{\"@id\":\"https:\/\/koh-lanta-tours.com\/pl\/miejsca-docelowe-wokol-koh-lanta\/#breadcrumb\"},\"inLanguage\":\"pl-PL\",\"potentialAction\":[{\"@type\":\"ReadAction\",\"target\":[\"https:\/\/koh-lanta-tours.com\/pl\/miejsca-docelowe-wokol-koh-lanta\/\"]}]},{\"@type\":\"BreadcrumbList\",\"@id\":\"https:\/\/koh-lanta-tours.com\/pl\/miejsca-docelowe-wokol-koh-lanta\/#breadcrumb\",\"itemListElement\":[{\"@type\":\"ListItem\",\"position\":1,\"name\":\"Home\",\"item\":\"https:\/\/koh-lanta-tours.com\/pl\/\"},{\"@type\":\"ListItem\",\"position\":2,\"name\":\"Miejsca docelowe wok\u00f3\u0142 Koh Lanta\"}]},{\"@type\":\"WebSite\",\"@id\":\"https:\/\/koh-lanta-tours.com\/pl\/#website\",\"url\":\"https:\/\/koh-lanta-tours.com\/pl\/\",\"name\":\"My Tour by koh-lanta-tours.com\",\"description\":\"Tours on and around the beautiful islant koh lanta.\",\"publisher\":{\"@id\":\"https:\/\/koh-lanta-tours.com\/pl\/#organization\"},\"potentialAction\":[{\"@type\":\"SearchAction\",\"target\":{\"@type\":\"EntryPoint\",\"urlTemplate\":\"https:\/\/koh-lanta-tours.com\/pl\/?s={search_term_string}\"},\"query-input\":{\"@type\":\"PropertyValueSpecification\",\"valueRequired\":true,\"valueName\":\"search_term_string\"}}],\"inLanguage\":\"pl-PL\"},{\"@type\":\"Organization\",\"@id\":\"https:\/\/koh-lanta-tours.com\/pl\/#organization\",\"name\":\"My Tour by koh-lanta-tours.com\",\"url\":\"https:\/\/koh-lanta-tours.com\/pl\/\",\"logo\":{\"@type\":\"ImageObject\",\"inLanguage\":\"pl-PL\",\"@id\":\"https:\/\/koh-lanta-tours.com\/pl\/#\/schema\/logo\/image\/\",\"url\":\"https:\/\/koh-lanta-tours.com\/wp-content\/uploads\/2018\/04\/logo.png\",\"contentUrl\":\"https:\/\/koh-lanta-tours.com\/wp-content\/uploads\/2018\/04\/logo.png\",\"width\":2048,\"height\":712,\"caption\":\"My Tour by koh-lanta-tours.com\"},\"image\":{\"@id\":\"https:\/\/koh-lanta-tours.com\/pl\/#\/schema\/logo\/image\/\"},\"sameAs\":[\"https:\/\/www.facebook.com\/MyTourKohLanta\/\"]}]}<\/script>\n<!-- \/ Yoast SEO Premium plugin. -->","yoast_head_json":{"title":"Miejsca docelowe | Rzeczy do zrobienia i odwiedzenia w Koh-Lanta z Koh Lanta Tours","description":"Jako, \u017ce przebywamy na Koh Lancie bardzo d\u0142ugo, zauwa\u017cyli\u015bmy brak mo\u017cliwo\u015bci rezerwacji wyjazdu lub wycieczki online. Skontaktuj si\u0119 z nami, aby dowiedzie\u0107 si\u0119 wi\u0119cej lub zarezerwuj sw\u00f3j pakiet ju\u017c teraz.","robots":{"index":"index","follow":"follow","max-snippet":"max-snippet:-1","max-image-preview":"max-image-preview:large","max-video-preview":"max-video-preview:-1"},"canonical":"https:\/\/koh-lanta-tours.com\/pl\/miejsca-docelowe-wokol-koh-lanta\/","og_locale":"pl_PL","og_type":"article","og_title":"Miejsca docelowe wok\u00f3\u0142 Koh Lanta","og_description":"Jako, \u017ce przebywamy na Koh Lancie bardzo d\u0142ugo, zauwa\u017cyli\u015bmy brak mo\u017cliwo\u015bci rezerwacji wyjazdu lub wycieczki online. Skontaktuj si\u0119 z nami, aby dowiedzie\u0107 si\u0119 wi\u0119cej lub zarezerwuj sw\u00f3j pakiet ju\u017c teraz.","og_url":"https:\/\/koh-lanta-tours.com\/pl\/miejsca-docelowe-wokol-koh-lanta\/","og_site_name":"My Tour by koh-lanta-tours.com","article_publisher":"https:\/\/www.facebook.com\/MyTourKohLanta\/","article_modified_time":"2023-01-03T01:51:51+00:00","twitter_card":"summary_large_image","twitter_misc":{"Szacowany czas czytania":"7 minut"},"schema":{"@context":"https:\/\/schema.org","@graph":[{"@type":"WebPage","@id":"https:\/\/koh-lanta-tours.com\/pl\/miejsca-docelowe-wokol-koh-lanta\/","url":"https:\/\/koh-lanta-tours.com\/pl\/miejsca-docelowe-wokol-koh-lanta\/","name":"Miejsca docelowe | Rzeczy do zrobienia i odwiedzenia w Koh-Lanta z Koh Lanta Tours","isPartOf":{"@id":"https:\/\/koh-lanta-tours.com\/pl\/#website"},"datePublished":"2023-01-03T01:51:33+00:00","dateModified":"2023-01-03T01:51:51+00:00","description":"Jako, \u017ce przebywamy na Koh Lancie bardzo d\u0142ugo, zauwa\u017cyli\u015bmy brak mo\u017cliwo\u015bci rezerwacji wyjazdu lub wycieczki online. Skontaktuj si\u0119 z nami, aby dowiedzie\u0107 si\u0119 wi\u0119cej lub zarezerwuj sw\u00f3j pakiet ju\u017c teraz.","breadcrumb":{"@id":"https:\/\/koh-lanta-tours.com\/pl\/miejsca-docelowe-wokol-koh-lanta\/#breadcrumb"},"inLanguage":"pl-PL","potentialAction":[{"@type":"ReadAction","target":["https:\/\/koh-lanta-tours.com\/pl\/miejsca-docelowe-wokol-koh-lanta\/"]}]},{"@type":"BreadcrumbList","@id":"https:\/\/koh-lanta-tours.com\/pl\/miejsca-docelowe-wokol-koh-lanta\/#breadcrumb","itemListElement":[{"@type":"ListItem","position":1,"name":"Home","item":"https:\/\/koh-lanta-tours.com\/pl\/"},{"@type":"ListItem","position":2,"name":"Miejsca docelowe wok\u00f3\u0142 Koh Lanta"}]},{"@type":"WebSite","@id":"https:\/\/koh-lanta-tours.com\/pl\/#website","url":"https:\/\/koh-lanta-tours.com\/pl\/","name":"My Tour by koh-lanta-tours.com","description":"Tours on and around the beautiful islant koh lanta.","publisher":{"@id":"https:\/\/koh-lanta-tours.com\/pl\/#organization"},"potentialAction":[{"@type":"SearchAction","target":{"@type":"EntryPoint","urlTemplate":"https:\/\/koh-lanta-tours.com\/pl\/?s={search_term_string}"},"query-input":{"@type":"PropertyValueSpecification","valueRequired":true,"valueName":"search_term_string"}}],"inLanguage":"pl-PL"},{"@type":"Organization","@id":"https:\/\/koh-lanta-tours.com\/pl\/#organization","name":"My Tour by koh-lanta-tours.com","url":"https:\/\/koh-lanta-tours.com\/pl\/","logo":{"@type":"ImageObject","inLanguage":"pl-PL","@id":"https:\/\/koh-lanta-tours.com\/pl\/#\/schema\/logo\/image\/","url":"https:\/\/koh-lanta-tours.com\/wp-content\/uploads\/2018\/04\/logo.png","contentUrl":"https:\/\/koh-lanta-tours.com\/wp-content\/uploads\/2018\/04\/logo.png","width":2048,"height":712,"caption":"My Tour by koh-lanta-tours.com"},"image":{"@id":"https:\/\/koh-lanta-tours.com\/pl\/#\/schema\/logo\/image\/"},"sameAs":["https:\/\/www.facebook.com\/MyTourKohLanta\/"]}]}},"_links":{"self":[{"href":"https:\/\/koh-lanta-tours.com\/pl\/wp-json\/wp\/v2\/pages\/15902","targetHints":{"allow":["GET"]}}],"collection":[{"href":"https:\/\/koh-lanta-tours.com\/pl\/wp-json\/wp\/v2\/pages"}],"about":[{"href":"https:\/\/koh-lanta-tours.com\/pl\/wp-json\/wp\/v2\/types\/page"}],"author":[{"embeddable":true,"href":"https:\/\/koh-lanta-tours.com\/pl\/wp-json\/wp\/v2\/users\/9940"}],"replies":[{"embeddable":true,"href":"https:\/\/koh-lanta-tours.com\/pl\/wp-json\/wp\/v2\/comments?post=15902"}],"version-history":[{"count":10,"href":"https:\/\/koh-lanta-tours.com\/pl\/wp-json\/wp\/v2\/pages\/15902\/revisions"}],"predecessor-version":[{"id":15934,"href":"https:\/\/koh-lanta-tours.com\/pl\/wp-json\/wp\/v2\/pages\/15902\/revisions\/15934"}],"wp:attachment":[{"href":"https:\/\/koh-lanta-tours.com\/pl\/wp-json\/wp\/v2\/media?parent=15902"}],"curies":[{"name":"wp","href":"https:\/\/api.w.org\/{rel}","templated":true}]}}