{"id":21210,"date":"2023-01-16T19:06:35","date_gmt":"2023-01-16T12:06:35","guid":{"rendered":"https:\/\/koh-lanta-tours.com\/destinations-autour-de-koh-lanta\/pristine-mystique-mangroves-sur-koh-lanta\/"},"modified":"2023-01-16T19:06:46","modified_gmt":"2023-01-16T12:06:46","slug":"pristine-mystique-mangroves-sur-koh-lanta","status":"publish","type":"page","link":"https:\/\/koh-lanta-tours.com\/fr\/destinations-autour-de-koh-lanta\/pristine-mystique-mangroves-sur-koh-lanta\/","title":{"rendered":"Mangroves vierges et mystiques sur Koh Lanta"},"content":{"rendered":"<div id='full_slider_1'  class='avia-fullwidth-slider main_color avia-shadow  av-desktop-hide  avia-builder-el-0  el_before_av_layout_row  avia-builder-el-first   container_wrap sidebar_right'  ><div   data-size='featured'  data-lightbox_size='large'  data-animation='slide'  data-conditional_play=''  data-ids='408,407,406,403'  data-video_counter='0'  data-autoplay='true'  data-bg_slider='false'  data-slide_height=''  data-handle='av_slideshow_full'  data-interval='5'  data-class=' '  data-el_id=''  data-css_id=''  data-scroll_down=''  data-control_layout='av-control-default'  data-custom_markup=''  data-perma_caption=''  data-autoplay_stopper=''  data-image_attachment=''  data-min_height='0px'  data-lazy_loading='disabled'  data-src=''  data-position='top left'  data-repeat='no-repeat'  data-attach='scroll'  data-stretch=''  data-img_scrset=''  data-default-height='28.666666666667'  class='avia-slideshow avia-slideshow-1  av-control-default av-default-height-applied avia-slideshow-featured av_slideshow_full   avia-slide-slider '  itemprop=\"image\" itemscope=\"itemscope\" itemtype=\"https:\/\/schema.org\/ImageObject\" ><ul class='avia-slideshow-inner ' style='padding-bottom: 28.666666666667%;' ><li  class=' slide-1 ' ><div data-rel='slideshow-1' class='avia-slide-wrap '   ><img decoding=\"async\" class=\"wp-image-12637 avia-img-lazy-loading-not-12637\"  src=\"https:\/\/koh-lanta-tours.com\/wp-content\/uploads\/2018\/04\/AdobeStock_141103217-1500x430.jpeg\" width=\"1500\" height=\"430\" title='Long tail boat clear sea blue sky floating - \u00a9 khobenz' alt=''  itemprop=\"thumbnailUrl\"   \/><\/div><\/li><li  class=' slide-2 ' ><div data-rel='slideshow-1' class='avia-slide-wrap '   ><img decoding=\"async\" class=\"wp-image-12631 avia-img-lazy-loading-not-12631\"  src=\"https:\/\/koh-lanta-tours.com\/wp-content\/uploads\/2018\/04\/AdobeStock_128547532-1500x430.jpeg\" width=\"1500\" height=\"430\" title='Man holding snorkel goggles - \u00a9 narongcp' alt=''  itemprop=\"thumbnailUrl\"   \/><\/div><\/li><li  class=' slide-3 ' ><div data-rel='slideshow-1' class='avia-slide-wrap '   ><img decoding=\"async\" class=\"wp-image-12625 avia-img-lazy-loading-not-12625\"  src=\"https:\/\/koh-lanta-tours.com\/wp-content\/uploads\/2018\/04\/AdobeStock_118050735-1500x430.jpeg\" width=\"1500\" height=\"430\" title='Young woman at snorkeling in the tropical water - \u00a9 soft_light' alt=''  itemprop=\"thumbnailUrl\"   \/><\/div><\/li><li  class=' slide-4 ' ><div data-rel='slideshow-1' class='avia-slide-wrap '   ><img decoding=\"async\" class=\"wp-image-12607 avia-img-lazy-loading-not-12607\"  src=\"https:\/\/koh-lanta-tours.com\/wp-content\/uploads\/2018\/04\/AdobeStock_63740521-1500x430.jpeg\" width=\"1500\" height=\"430\" title='Koh Rok - \u00a9 St\u00e9phane BRACKEN' alt=''  itemprop=\"thumbnailUrl\"   \/><\/div><\/li><\/ul><div class='avia-slideshow-arrows avia-slideshow-controls' ><a href='#prev' class='prev-slide ' aria-hidden='true' data-av_icon='\ue87c' data-av_iconfont='entypo-fontello'  tabindex='-1'>Pr\u00e9c\u00e9dent<\/a><a href='#next' class='next-slide ' aria-hidden='true' data-av_icon='\ue87d' data-av_iconfont='entypo-fontello'  tabindex='-1'>Suivant<\/a><\/div><div class='avia-slideshow-dots avia-slideshow-controls'><a href='#1' class='goto-slide active' >1<\/a><a href='#2' class='goto-slide ' >2<\/a><a href='#3' class='goto-slide ' >3<\/a><a href='#4' class='goto-slide ' >4<\/a><\/div><\/div><\/div>\n<div id='av-layout-grid-1'  class='av-layout-grid-container av-4do03s-fcc9aeca06d506d9c042a1cb552f0303 entry-content-wrapper main_color av-flex-cells  avia-builder-el-1  el_after_av_slideshow_full  el_before_av_layout_row  grid-row-not-first  container_wrap sidebar_right'  >\n\n<style type=\"text\/css\" data-created_by=\"avia_inline_auto\" id=\"style-css-av-4afkqw-56c0b50fe20759d48ca14752ce9ba274\">\n.flex_cell.av-4afkqw-56c0b50fe20759d48ca14752ce9ba274{\nvertical-align:top;\npadding:120px 60px 120px 60px;\n}\n<\/style>\n<div class='flex_cell av_one_half av-4afkqw-56c0b50fe20759d48ca14752ce9ba274 no_margin  avia-builder-el-2  el_before_av_cell_one_half  avia-builder-el-first ' ><div class='flex_cell_inner'><section  class='av_textblock_section av-41osyg-e4c86e3664efe488487c4e848b330b6b'  itemscope=\"itemscope\" itemtype=\"https:\/\/schema.org\/CreativeWork\" ><div class='avia_textblock'  itemprop=\"text\" ><p>La c\u00f4te nord-est de Koh Lanta est envelopp\u00e9e par les racines denses et \u00e9motives et les feuilles vertes luxuriantes des mangroves qui bordent les ruisseaux sereins et les rivi\u00e8res calmes. L&rsquo;environnement apporte un sentiment de nostalgie qu&rsquo;il est difficile de mettre en mots. Les <strong>mangroves de Koh Lanta <\/strong>constituent une pause essentielle entre les plages \u00e9puisantes et les rivages sablonneux. Vous pourrez y faire une courte promenade relaxante, vous r\u00e9concilier avec la nature dans les maisons flottantes ou faire du kayak.<\/p>\n<p>D\u00e9couvrez ce paysage unique en vous promenant sur la passerelle en bois qui vous m\u00e8ne \u00e0 la for\u00eat de mangroves de Tung Yee Peng. Rep\u00e9rez quelques crabes violonistes qui se tortillent dans la boue, retenus par les racines tubulaires et sombres des mangroves. Attrapez des oiseaux comme les grues et les aigles de mer qui planent au-dessus des arbres ou qui p\u00eachent dans les bas-fonds. Capturez le ronronnement des moteurs des bateaux \u00e0 queue de longue port\u00e9e au moment o\u00f9 vous vous frayez un chemin \u00e0 travers les <strong>mangroves de Koh Lanta.<\/strong><\/p>\n<\/div><\/section>\n<\/div><\/div>\n<style type=\"text\/css\" data-created_by=\"avia_inline_auto\" id=\"style-css-av-3xi97c-804feb3a0eaecf75bc2c0b0f85094a08\">\n.flex_cell.av-3xi97c-804feb3a0eaecf75bc2c0b0f85094a08{\nvertical-align:top;\npadding:30px 30px 30px 30px;\nbackground:url(https:\/\/koh-lanta-tours.com\/wp-content\/uploads\/2018\/04\/AdobeStock_118050735-1030x529.jpeg) 50% 50% no-repeat scroll ;\n}\n<\/style>\n<div class='flex_cell av_one_half av-3xi97c-804feb3a0eaecf75bc2c0b0f85094a08 no_margin av-hide-on-mobile  avia-builder-el-4  el_after_av_cell_one_half  avia-builder-el-last ' ><div class='flex_cell_inner'><\/div><\/div>\n<\/div>\n<div id='av-layout-grid-2'  class='av-layout-grid-container av-dgdyg-928760256a6095d86d52c02b6f37d709 entry-content-wrapper main_color av-flex-cells  avia-builder-el-5  el_after_av_layout_row  el_before_av_layout_row  grid-row-not-first  container_wrap sidebar_right'  >\n\n<style type=\"text\/css\" data-created_by=\"avia_inline_auto\" id=\"style-css-av-3iyvds-90eecb3e61c70505fc90db65a25cac35\">\n.flex_cell.av-3iyvds-90eecb3e61c70505fc90db65a25cac35{\nvertical-align:top;\npadding:30px 30px 30px 30px;\nbackground:url(https:\/\/koh-lanta-tours.com\/wp-content\/uploads\/2018\/04\/AdobeStock_63740521-1030x674.jpeg) 0% 100% no-repeat scroll ;\n}\n<\/style>\n<div class='flex_cell av_one_half av-3iyvds-90eecb3e61c70505fc90db65a25cac35 no_margin av-hide-on-mobile  avia-builder-el-6  el_before_av_cell_one_half  avia-builder-el-first ' ><div class='flex_cell_inner'><\/div><\/div>\n<style type=\"text\/css\" data-created_by=\"avia_inline_auto\" id=\"style-css-av-3ef5v4-f82a96e26e4f004a157d90d6aec9c4ee\">\n.flex_cell.av-3ef5v4-f82a96e26e4f004a157d90d6aec9c4ee{\nvertical-align:top;\npadding:120px 60px 120px 60px;\n}\n<\/style>\n<div class='flex_cell av_one_half av-3ef5v4-f82a96e26e4f004a157d90d6aec9c4ee no_margin  avia-builder-el-7  el_after_av_cell_one_half  avia-builder-el-last ' ><div class='flex_cell_inner'><section  class='av_textblock_section av-377n9s-a9183a451970358c35ee20768d70891f'  itemscope=\"itemscope\" itemtype=\"https:\/\/schema.org\/CreativeWork\" ><div class='avia_textblock'  itemprop=\"text\" ><p>Traversez les rivi\u00e8res saum\u00e2tres et les magnifiques voies navigables int\u00e9rieures en kayak ou prenez un bateau \u00e0 queue pour un voyage tranquille \u00e0 c\u00f4t\u00e9 des mangroves. Faites une halte au Floating House Homestay pour capturer des poissons vivants qui nagent dans les enclos d&rsquo;eau sal\u00e9e jusqu&rsquo;\u00e0 ce qu&rsquo;ils soient ramass\u00e9s pour le barbecue. Rep\u00e9rez quelques singes malicieux qui grignotent la vie marine qu&rsquo;ils ramassent \u00e0 mar\u00e9e basse.<\/p>\n<p>Vous pouvez facilement louer un kayak pour une dur\u00e9e maximale de 3 heures. Vous pouvez \u00e9galement r\u00e9server une excursion en bateau \u00e0 queue longue pour d\u00e9couvrir les merveilles des <strong>mangroves de Koh Lanta. <\/strong>Vous pouvez aussi rester un peu dans le coin pour vous adonner aux activit\u00e9s propos\u00e9es par l&rsquo;auberge. Vous pouvez r\u00e9server une place dans les tentes install\u00e9es sur les terrasses des maisons en plein air du homestay. Offrez-vous des activit\u00e9s telles que le kayak, les excursions en bateau et les v\u00e9los aquatiques pour rendre votre visite plus agr\u00e9able. Attrapez votre d\u00eener en direct, nageant sous vos pieds. Vous pouvez vous loger chez l&rsquo;habitant pour un forfait de deux jours et deux nuits comprenant l&rsquo;h\u00e9bergement, les repas, les activit\u00e9s et les visites sur un bateau \u00e0 queue longue.<\/p>\n<\/div><\/section>\n<\/div><\/div>\n<\/div>\n<div id='av-layout-grid-3'  class='av-layout-grid-container av-329ut4-82ff5df522ff7a7d5fb3470ae7f1c770 entry-content-wrapper main_color av-flex-cells  avia-builder-el-9  el_after_av_layout_row  el_before_av_layout_row  grid-row-not-first  container_wrap sidebar_right'  >\n\n<style type=\"text\/css\" data-created_by=\"avia_inline_auto\" id=\"style-css-av-2w2o34-98d172bec4e77f83340815ebda9dcf54\">\n.flex_cell.av-2w2o34-98d172bec4e77f83340815ebda9dcf54{\nvertical-align:top;\npadding:120px 60px 120px 60px;\n}\n<\/style>\n<div class='flex_cell av_one_half av-2w2o34-98d172bec4e77f83340815ebda9dcf54 no_margin  avia-builder-el-10  el_before_av_cell_one_half  avia-builder-el-first ' ><div class='flex_cell_inner'><section  class='av_textblock_section av-2nyj40-39fa04c92acd51574b875d99b15f8577'  itemscope=\"itemscope\" itemtype=\"https:\/\/schema.org\/CreativeWork\" ><div class='avia_textblock'  itemprop=\"text\" ><p>Vous pouvez \u00e9galement r\u00e9server des chambres isol\u00e9es flottant sur une \u00e9troite voie d&rsquo;eau bord\u00e9e de mangroves, fournies par le Thung Yee Pheng Seafood. Les chambres sont disponibles dans le cadre du programme combin\u00e9 d&rsquo;h\u00e9bergement chez l&rsquo;habitant et de pisciculture et sont facilement accessibles, mais l&rsquo;endroit n&rsquo;est pas forc\u00e9ment aussi enchanteur. Cela dit, les chambres valent la peine de s&rsquo;arr\u00eater pour un d\u00e9jeuner rapide et un peu de repos, m\u00eame si vous ne pr\u00e9voyez pas d&rsquo;y passer la nuit.<\/p>\n<\/div><\/section>\n<\/div><\/div>\n<style type=\"text\/css\" data-created_by=\"avia_inline_auto\" id=\"style-css-av-2kcau8-cd37e9219d6ee16a6b20c80fdbaabe32\">\n.flex_cell.av-2kcau8-cd37e9219d6ee16a6b20c80fdbaabe32{\nvertical-align:top;\npadding:30px 30px 30px 30px;\nbackground:url(https:\/\/koh-lanta-tours.com\/wp-content\/uploads\/2018\/04\/AdobeStock_185745582-1030x687.jpeg) 50% 0% no-repeat scroll ;\n}\n<\/style>\n<div class='flex_cell av_one_half av-2kcau8-cd37e9219d6ee16a6b20c80fdbaabe32 no_margin av-hide-on-mobile  avia-builder-el-12  el_after_av_cell_one_half  avia-builder-el-last ' ><div class='flex_cell_inner'><\/div><\/div>\n<\/div>\n<div id='av-layout-grid-4'  class='av-layout-grid-container av-2ewvcg-80130df898ebf52f623fb96b61f33894 entry-content-wrapper main_color av-flex-cells  avia-builder-el-13  el_after_av_layout_row  el_before_av_section  grid-row-not-first  container_wrap sidebar_right'  >\n\n<style type=\"text\/css\" data-created_by=\"avia_inline_auto\" id=\"style-css-av-28p63s-ccb0fbcbd7f10ecf6071a4b8fd302b12\">\n.flex_cell.av-28p63s-ccb0fbcbd7f10ecf6071a4b8fd302b12{\nvertical-align:top;\npadding:30px 30px 30px 30px;\nbackground:url(https:\/\/koh-lanta-tours.com\/wp-content\/uploads\/2018\/04\/AdobeStock_63740521-1030x674.jpeg) 0% 100% no-repeat scroll ;\n}\n<\/style>\n<div class='flex_cell av_one_half av-28p63s-ccb0fbcbd7f10ecf6071a4b8fd302b12 no_margin av-hide-on-mobile  avia-builder-el-14  el_before_av_cell_one_half  avia-builder-el-first ' ><div class='flex_cell_inner'><\/div><\/div>\n<style type=\"text\/css\" data-created_by=\"avia_inline_auto\" id=\"style-css-av-237rmg-8db99a15b69280fae412cdf136c5b68a\">\n.flex_cell.av-237rmg-8db99a15b69280fae412cdf136c5b68a{\nvertical-align:top;\npadding:120px 60px 120px 60px;\n}\n<\/style>\n<div class='flex_cell av_one_half av-237rmg-8db99a15b69280fae412cdf136c5b68a no_margin  avia-builder-el-15  el_after_av_cell_one_half  avia-builder-el-last ' ><div class='flex_cell_inner'><section  class='av_textblock_section av-1vva0o-7b99e1f57b643dae378a464015492052'  itemscope=\"itemscope\" itemtype=\"https:\/\/schema.org\/CreativeWork\" ><div class='avia_textblock'  itemprop=\"text\" ><p>Le village de Thung Yee Pheng poss\u00e8de \u00e9galement des jardins d&rsquo;orchid\u00e9es et de papillons \u00e0 ajouter \u00e0 votre itin\u00e9raire lorsque vous traversez les <strong>mangroves de Koh Lanta. <\/strong>Vous pouvez engager un guide local pour traverser les mangroves ombrag\u00e9es \u00e0 bord d&rsquo;un bateau \u00e0 queue longue. Les for\u00eats de mangroves de Koh Lanta sont les principales zones de reproduction des dauphins et des requins, qui y abritent leurs jeunes. Les racines denses des mangroves cr\u00e9ent une zone prot\u00e9g\u00e9e pour les crabes, les poissons, les homards, les hu\u00eetres et les crevettes. La for\u00eat de mangrove sert de nurserie aux mammif\u00e8res, aux reptiles et aux oiseaux, prot\u00e9geant ainsi les c\u00f4tes de l&rsquo;\u00e9rosion.<\/p>\n<p>Faites une excursion m\u00e9morable dans les <strong>mangroves de Koh Lanta <\/strong>pour explorer les merveilles de la nature comme jamais auparavant.<\/p>\n<\/div><\/section>\n<\/div><\/div>\n<\/div>\n<div id='av_section_1'  class='avia-section av-1ssid4-9d621373f8c6ae2a1defd094853bf303 alternate_color avia-section-large avia-no-border-styling  avia-builder-el-17  el_after_av_layout_row  avia-builder-el-last  avia-bg-style-scroll container_wrap sidebar_right'  ><div class='container av-section-cont-open' ><div class='template-page content  av-content-small alpha units'><div class='post-entry post-entry-type-page post-entry-21210'><div class='entry-content-wrapper clearfix'>\n\n<style type=\"text\/css\" data-created_by=\"avia_inline_auto\" id=\"style-css-av-1m5zy0-168d354a3091654c3e58341ac78a6d2e\">\n#top .av-special-heading.av-1m5zy0-168d354a3091654c3e58341ac78a6d2e{\npadding-bottom:20px;\n}\nbody .av-special-heading.av-1m5zy0-168d354a3091654c3e58341ac78a6d2e .av-special-heading-tag .heading-char{\nfont-size:25px;\n}\n.av-special-heading.av-1m5zy0-168d354a3091654c3e58341ac78a6d2e .av-subheading{\nfont-size:15px;\n}\n<\/style>\n<div  class='av-special-heading av-1m5zy0-168d354a3091654c3e58341ac78a6d2e av-special-heading-h1 blockquote modern-quote modern-centered  avia-builder-el-18  el_before_av_one_fifth  avia-builder-el-first '><div class='av-subheading av-subheading_above'><p>Les meilleures offres et les meilleures remises dans votre bo\u00eete de r\u00e9ception !<\/p>\n<\/div><h1 class='av-special-heading-tag'  itemprop=\"headline\"  >S\u2019abonner \u00e0 notre newsletter<\/h1><div class=\"special-heading-border\"><div class=\"special-heading-inner-border\"><\/div><\/div><\/div>\n\n<style type=\"text\/css\" data-created_by=\"avia_inline_auto\" id=\"style-css-av-1cqhq0-bbd6f1b1b5aa784555dac622b978772c\">\n.flex_column.av-1cqhq0-bbd6f1b1b5aa784555dac622b978772c{\nborder-radius:0px 0px 0px 0px;\n-webkit-border-radius:0px 0px 0px 0px;\n-moz-border-radius:0px 0px 0px 0px;\n}\n<\/style>\n<div class='flex_column av-1cqhq0-bbd6f1b1b5aa784555dac622b978772c av_one_fifth  avia-builder-el-19  el_after_av_heading  el_before_av_three_fifth  first flex_column_div av-zero-column-padding '   ><\/div>\n<style type=\"text\/css\" data-created_by=\"avia_inline_auto\" id=\"style-css-av-19aoxk-32a6325634e832a2d888fa0fa8e60fef\">\n.flex_column.av-19aoxk-32a6325634e832a2d888fa0fa8e60fef{\nborder-radius:0px 0px 0px 0px;\n-webkit-border-radius:0px 0px 0px 0px;\n-moz-border-radius:0px 0px 0px 0px;\n}\n<\/style>\n<div class='flex_column av-19aoxk-32a6325634e832a2d888fa0fa8e60fef av_three_fifth  avia-builder-el-20  el_after_av_one_fifth  el_before_av_one_fifth  flex_column_div av-zero-column-padding '   ><\/div>\n<style type=\"text\/css\" data-created_by=\"avia_inline_auto\" id=\"style-css-av-ash0w-f1aac5741294b1480454b87bba9a7cec\">\n.flex_column.av-ash0w-f1aac5741294b1480454b87bba9a7cec{\nborder-radius:0px 0px 0px 0px;\n-webkit-border-radius:0px 0px 0px 0px;\n-moz-border-radius:0px 0px 0px 0px;\n}\n<\/style>\n<div class='flex_column av-ash0w-f1aac5741294b1480454b87bba9a7cec av_one_fifth  avia-builder-el-22  el_after_av_three_fifth  avia-builder-el-last  flex_column_div av-zero-column-padding '   ><\/div>\n<\/div><\/div><\/div><!-- close content main div --><\/div><\/div><div id='after_section_1'  class='main_color av_default_container_wrap container_wrap sidebar_right'  ><div class='container av-section-cont-open' ><div class='template-page content  av-content-small alpha units'><div class='post-entry post-entry-type-page post-entry-21210'><div class='entry-content-wrapper clearfix'>\n","protected":false},"excerpt":{"rendered":"","protected":false},"author":9940,"featured_media":0,"parent":13064,"menu_order":0,"comment_status":"closed","ping_status":"closed","template":"","meta":{"footnotes":""},"class_list":["post-21210","page","type-page","status-publish","hentry"],"yoast_head":"<!-- This site is optimized with the Yoast SEO Premium plugin v20.9 (Yoast SEO v26.2) - https:\/\/yoast.com\/wordpress\/plugins\/seo\/ -->\n<title>Mangroves vierges et mystiques sur Koh Lanta - My Tour by koh-lanta-tours.com<\/title>\n<meta name=\"robots\" content=\"index, follow, max-snippet:-1, max-image-preview:large, max-video-preview:-1\" \/>\n<link rel=\"canonical\" href=\"https:\/\/koh-lanta-tours.com\/fr\/destinations-autour-de-koh-lanta\/pristine-mystique-mangroves-sur-koh-lanta\/\" \/>\n<meta property=\"og:locale\" content=\"fr_FR\" \/>\n<meta property=\"og:type\" content=\"article\" \/>\n<meta property=\"og:title\" content=\"Mangroves vierges et mystiques sur Koh Lanta\" \/>\n<meta property=\"og:url\" content=\"https:\/\/koh-lanta-tours.com\/fr\/destinations-autour-de-koh-lanta\/pristine-mystique-mangroves-sur-koh-lanta\/\" \/>\n<meta property=\"og:site_name\" content=\"My Tour by koh-lanta-tours.com\" \/>\n<meta property=\"article:publisher\" content=\"https:\/\/www.facebook.com\/MyTourKohLanta\/\" \/>\n<meta property=\"article:modified_time\" content=\"2023-01-16T12:06:46+00:00\" \/>\n<meta name=\"twitter:card\" content=\"summary_large_image\" \/>\n<meta name=\"twitter:label1\" content=\"Dur\u00e9e de lecture estim\u00e9e\" \/>\n\t<meta name=\"twitter:data1\" content=\"9 minutes\" \/>\n<script type=\"application\/ld+json\" class=\"yoast-schema-graph\">{\"@context\":\"https:\/\/schema.org\",\"@graph\":[{\"@type\":\"WebPage\",\"@id\":\"https:\/\/koh-lanta-tours.com\/fr\/destinations-autour-de-koh-lanta\/pristine-mystique-mangroves-sur-koh-lanta\/\",\"url\":\"https:\/\/koh-lanta-tours.com\/fr\/destinations-autour-de-koh-lanta\/pristine-mystique-mangroves-sur-koh-lanta\/\",\"name\":\"Mangroves vierges et mystiques sur Koh Lanta - My Tour by koh-lanta-tours.com\",\"isPartOf\":{\"@id\":\"https:\/\/koh-lanta-tours.com\/fr\/#website\"},\"datePublished\":\"2023-01-16T12:06:35+00:00\",\"dateModified\":\"2023-01-16T12:06:46+00:00\",\"breadcrumb\":{\"@id\":\"https:\/\/koh-lanta-tours.com\/fr\/destinations-autour-de-koh-lanta\/pristine-mystique-mangroves-sur-koh-lanta\/#breadcrumb\"},\"inLanguage\":\"fr-FR\",\"potentialAction\":[{\"@type\":\"ReadAction\",\"target\":[\"https:\/\/koh-lanta-tours.com\/fr\/destinations-autour-de-koh-lanta\/pristine-mystique-mangroves-sur-koh-lanta\/\"]}]},{\"@type\":\"BreadcrumbList\",\"@id\":\"https:\/\/koh-lanta-tours.com\/fr\/destinations-autour-de-koh-lanta\/pristine-mystique-mangroves-sur-koh-lanta\/#breadcrumb\",\"itemListElement\":[{\"@type\":\"ListItem\",\"position\":1,\"name\":\"Home\",\"item\":\"https:\/\/koh-lanta-tours.com\/fr\/\"},{\"@type\":\"ListItem\",\"position\":2,\"name\":\"Destinations autour de Koh Lanta\",\"item\":\"https:\/\/koh-lanta-tours.com\/fr\/destinations-autour-de-koh-lanta\/\"},{\"@type\":\"ListItem\",\"position\":3,\"name\":\"Mangroves vierges et mystiques sur Koh Lanta\"}]},{\"@type\":\"WebSite\",\"@id\":\"https:\/\/koh-lanta-tours.com\/fr\/#website\",\"url\":\"https:\/\/koh-lanta-tours.com\/fr\/\",\"name\":\"My Tour by koh-lanta-tours.com\",\"description\":\"Tours on and around the beautiful islant koh lanta.\",\"publisher\":{\"@id\":\"https:\/\/koh-lanta-tours.com\/fr\/#organization\"},\"potentialAction\":[{\"@type\":\"SearchAction\",\"target\":{\"@type\":\"EntryPoint\",\"urlTemplate\":\"https:\/\/koh-lanta-tours.com\/fr\/?s={search_term_string}\"},\"query-input\":{\"@type\":\"PropertyValueSpecification\",\"valueRequired\":true,\"valueName\":\"search_term_string\"}}],\"inLanguage\":\"fr-FR\"},{\"@type\":\"Organization\",\"@id\":\"https:\/\/koh-lanta-tours.com\/fr\/#organization\",\"name\":\"My Tour by koh-lanta-tours.com\",\"url\":\"https:\/\/koh-lanta-tours.com\/fr\/\",\"logo\":{\"@type\":\"ImageObject\",\"inLanguage\":\"fr-FR\",\"@id\":\"https:\/\/koh-lanta-tours.com\/fr\/#\/schema\/logo\/image\/\",\"url\":\"https:\/\/koh-lanta-tours.com\/wp-content\/uploads\/2018\/04\/logo.png\",\"contentUrl\":\"https:\/\/koh-lanta-tours.com\/wp-content\/uploads\/2018\/04\/logo.png\",\"width\":2048,\"height\":712,\"caption\":\"My Tour by koh-lanta-tours.com\"},\"image\":{\"@id\":\"https:\/\/koh-lanta-tours.com\/fr\/#\/schema\/logo\/image\/\"},\"sameAs\":[\"https:\/\/www.facebook.com\/MyTourKohLanta\/\"]}]}<\/script>\n<!-- \/ Yoast SEO Premium plugin. -->","yoast_head_json":{"title":"Mangroves vierges et mystiques sur Koh Lanta - My Tour by koh-lanta-tours.com","robots":{"index":"index","follow":"follow","max-snippet":"max-snippet:-1","max-image-preview":"max-image-preview:large","max-video-preview":"max-video-preview:-1"},"canonical":"https:\/\/koh-lanta-tours.com\/fr\/destinations-autour-de-koh-lanta\/pristine-mystique-mangroves-sur-koh-lanta\/","og_locale":"fr_FR","og_type":"article","og_title":"Mangroves vierges et mystiques sur Koh Lanta","og_url":"https:\/\/koh-lanta-tours.com\/fr\/destinations-autour-de-koh-lanta\/pristine-mystique-mangroves-sur-koh-lanta\/","og_site_name":"My Tour by koh-lanta-tours.com","article_publisher":"https:\/\/www.facebook.com\/MyTourKohLanta\/","article_modified_time":"2023-01-16T12:06:46+00:00","twitter_card":"summary_large_image","twitter_misc":{"Dur\u00e9e de lecture estim\u00e9e":"9 minutes"},"schema":{"@context":"https:\/\/schema.org","@graph":[{"@type":"WebPage","@id":"https:\/\/koh-lanta-tours.com\/fr\/destinations-autour-de-koh-lanta\/pristine-mystique-mangroves-sur-koh-lanta\/","url":"https:\/\/koh-lanta-tours.com\/fr\/destinations-autour-de-koh-lanta\/pristine-mystique-mangroves-sur-koh-lanta\/","name":"Mangroves vierges et mystiques sur Koh Lanta - My Tour by koh-lanta-tours.com","isPartOf":{"@id":"https:\/\/koh-lanta-tours.com\/fr\/#website"},"datePublished":"2023-01-16T12:06:35+00:00","dateModified":"2023-01-16T12:06:46+00:00","breadcrumb":{"@id":"https:\/\/koh-lanta-tours.com\/fr\/destinations-autour-de-koh-lanta\/pristine-mystique-mangroves-sur-koh-lanta\/#breadcrumb"},"inLanguage":"fr-FR","potentialAction":[{"@type":"ReadAction","target":["https:\/\/koh-lanta-tours.com\/fr\/destinations-autour-de-koh-lanta\/pristine-mystique-mangroves-sur-koh-lanta\/"]}]},{"@type":"BreadcrumbList","@id":"https:\/\/koh-lanta-tours.com\/fr\/destinations-autour-de-koh-lanta\/pristine-mystique-mangroves-sur-koh-lanta\/#breadcrumb","itemListElement":[{"@type":"ListItem","position":1,"name":"Home","item":"https:\/\/koh-lanta-tours.com\/fr\/"},{"@type":"ListItem","position":2,"name":"Destinations autour de Koh Lanta","item":"https:\/\/koh-lanta-tours.com\/fr\/destinations-autour-de-koh-lanta\/"},{"@type":"ListItem","position":3,"name":"Mangroves vierges et mystiques sur Koh Lanta"}]},{"@type":"WebSite","@id":"https:\/\/koh-lanta-tours.com\/fr\/#website","url":"https:\/\/koh-lanta-tours.com\/fr\/","name":"My Tour by koh-lanta-tours.com","description":"Tours on and around the beautiful islant koh lanta.","publisher":{"@id":"https:\/\/koh-lanta-tours.com\/fr\/#organization"},"potentialAction":[{"@type":"SearchAction","target":{"@type":"EntryPoint","urlTemplate":"https:\/\/koh-lanta-tours.com\/fr\/?s={search_term_string}"},"query-input":{"@type":"PropertyValueSpecification","valueRequired":true,"valueName":"search_term_string"}}],"inLanguage":"fr-FR"},{"@type":"Organization","@id":"https:\/\/koh-lanta-tours.com\/fr\/#organization","name":"My Tour by koh-lanta-tours.com","url":"https:\/\/koh-lanta-tours.com\/fr\/","logo":{"@type":"ImageObject","inLanguage":"fr-FR","@id":"https:\/\/koh-lanta-tours.com\/fr\/#\/schema\/logo\/image\/","url":"https:\/\/koh-lanta-tours.com\/wp-content\/uploads\/2018\/04\/logo.png","contentUrl":"https:\/\/koh-lanta-tours.com\/wp-content\/uploads\/2018\/04\/logo.png","width":2048,"height":712,"caption":"My Tour by koh-lanta-tours.com"},"image":{"@id":"https:\/\/koh-lanta-tours.com\/fr\/#\/schema\/logo\/image\/"},"sameAs":["https:\/\/www.facebook.com\/MyTourKohLanta\/"]}]}},"_links":{"self":[{"href":"https:\/\/koh-lanta-tours.com\/fr\/wp-json\/wp\/v2\/pages\/21210","targetHints":{"allow":["GET"]}}],"collection":[{"href":"https:\/\/koh-lanta-tours.com\/fr\/wp-json\/wp\/v2\/pages"}],"about":[{"href":"https:\/\/koh-lanta-tours.com\/fr\/wp-json\/wp\/v2\/types\/page"}],"author":[{"embeddable":true,"href":"https:\/\/koh-lanta-tours.com\/fr\/wp-json\/wp\/v2\/users\/9940"}],"replies":[{"embeddable":true,"href":"https:\/\/koh-lanta-tours.com\/fr\/wp-json\/wp\/v2\/comments?post=21210"}],"version-history":[{"count":6,"href":"https:\/\/koh-lanta-tours.com\/fr\/wp-json\/wp\/v2\/pages\/21210\/revisions"}],"predecessor-version":[{"id":21237,"href":"https:\/\/koh-lanta-tours.com\/fr\/wp-json\/wp\/v2\/pages\/21210\/revisions\/21237"}],"up":[{"embeddable":true,"href":"https:\/\/koh-lanta-tours.com\/fr\/wp-json\/wp\/v2\/pages\/13064"}],"wp:attachment":[{"href":"https:\/\/koh-lanta-tours.com\/fr\/wp-json\/wp\/v2\/media?parent=21210"}],"curies":[{"name":"wp","href":"https:\/\/api.w.org\/{rel}","templated":true}]}}