{"id":13006,"date":"2023-01-03T08:44:17","date_gmt":"2023-01-03T01:44:17","guid":{"rendered":"https:\/\/koh-lanta-tours.com\/contact\/"},"modified":"2023-01-12T12:16:10","modified_gmt":"2023-01-12T05:16:10","slug":"contact","status":"publish","type":"page","link":"https:\/\/koh-lanta-tours.com\/fr\/contact\/","title":{"rendered":"Contact"},"content":{"rendered":"<div id='av-layout-grid-1'  class='av-layout-grid-container av-47o5pb-052a3d581ab3130e063f97fc3a2a94a0 entry-content-wrapper main_color av-flex-cells  avia-builder-el-0  el_before_av_section  avia-builder-el-first   container_wrap sidebar_right'  >\n\n<style type=\"text\/css\" data-created_by=\"avia_inline_auto\" id=\"style-css-av-3zn65j-3aef6c3172cf1fd9ebe7a11a8c05563c\">\n.flex_cell.av-3zn65j-3aef6c3172cf1fd9ebe7a11a8c05563c{\nvertical-align:top;\npadding:0px 0px 0px 0px;\n}\n<\/style>\n<div class='flex_cell av_one_half av-3zn65j-3aef6c3172cf1fd9ebe7a11a8c05563c no_margin  avia-builder-el-1  el_before_av_cell_one_half  avia-builder-el-first  av-zero-padding' ><div class='flex_cell_inner'>\n<\/div><\/div>\n<style type=\"text\/css\" data-created_by=\"avia_inline_auto\" id=\"style-css-av-3i08wf-60d24ea365a1607269d779b10954ec0c\">\n.flex_cell.av-3i08wf-60d24ea365a1607269d779b10954ec0c{\nvertical-align:middle;\npadding:50px 50px 50px 50px;\n}\n<\/style>\n<div class='flex_cell av_one_half av-3i08wf-60d24ea365a1607269d779b10954ec0c no_margin  avia-builder-el-3  el_after_av_cell_one_half  avia-builder-el-last ' ><div class='flex_cell_inner'><p>\n<style type=\"text\/css\" data-created_by=\"avia_inline_auto\" id=\"style-css-av-av_heading-1af1ff22fb21684f7ecd6e01b044da40\">\n#top .av-special-heading.av-av_heading-1af1ff22fb21684f7ecd6e01b044da40{\npadding-bottom:10px;\nfont-size:34px;\n}\nbody .av-special-heading.av-av_heading-1af1ff22fb21684f7ecd6e01b044da40 .av-special-heading-tag .heading-char{\nfont-size:25px;\n}\n#top #wrap_all .av-special-heading.av-av_heading-1af1ff22fb21684f7ecd6e01b044da40 .av-special-heading-tag{\nfont-size:34px;\n}\n.av-special-heading.av-av_heading-1af1ff22fb21684f7ecd6e01b044da40 .av-subheading{\nfont-size:15px;\n}\n<\/style>\n<div  class='av-special-heading av-av_heading-1af1ff22fb21684f7ecd6e01b044da40 av-special-heading-h3 blockquote modern-quote modern-centered  avia-builder-el-4  el_before_av_textblock  avia-builder-el-first  av-inherit-size'><h3 class='av-special-heading-tag'  itemprop=\"headline\"  >Prenez contact avec nous<\/h3><div class=\"special-heading-border\"><div class=\"special-heading-inner-border\"><\/div><\/div><\/div><br \/>\n<section  class='av_textblock_section av-381u4f-495726f57ca35d510d413c87be0acd42'  itemscope=\"itemscope\" itemtype=\"https:\/\/schema.org\/CreativeWork\" ><div class='avia_textblock'  itemprop=\"text\" ><p>Vous allez visiter l&rsquo;<a href=\"https:\/\/koh-lanta-tours.com\/fr\/destinations-autour-de-koh-lanta\/koh-lanta-island\/\">\u00eele tropicale de Koh Lanta ?<\/a> Alors prenez contact avec nous et laissez-nous organiser votre s\u00e9jour parfait et d\u00e9tendu.<\/p>\n<\/div><\/section><br \/>\n\n<style type=\"text\/css\" data-created_by=\"avia_inline_auto\" id=\"style-css-av-av_heading-9f86977f468f5b50d94d82f150be85d2\">\n#top .av-special-heading.av-av_heading-9f86977f468f5b50d94d82f150be85d2{\npadding-bottom:10px;\nfont-size:20px;\n}\nbody .av-special-heading.av-av_heading-9f86977f468f5b50d94d82f150be85d2 .av-special-heading-tag .heading-char{\nfont-size:25px;\n}\n#top #wrap_all .av-special-heading.av-av_heading-9f86977f468f5b50d94d82f150be85d2 .av-special-heading-tag{\nfont-size:20px;\n}\n.av-special-heading.av-av_heading-9f86977f468f5b50d94d82f150be85d2 .av-subheading{\nfont-size:15px;\n}\n<\/style>\n<div  class='av-special-heading av-av_heading-9f86977f468f5b50d94d82f150be85d2 av-special-heading-h5 blockquote modern-quote  avia-builder-el-6  el_after_av_textblock  el_before_av_one_full  av-inherit-size'><h5 class='av-special-heading-tag'  itemprop=\"headline\"  >Contact principal<\/h5><div class=\"special-heading-border\"><div class=\"special-heading-inner-border\"><\/div><\/div><\/div><br \/>\n\n<style type=\"text\/css\" data-created_by=\"avia_inline_auto\" id=\"style-css-av-2wfovr-ce36cc32d77995bbfc3020900b86035b\">\n#top .flex_column.av-2wfovr-ce36cc32d77995bbfc3020900b86035b{\nmargin-top:0px;\nmargin-bottom:0px;\n}\n.flex_column.av-2wfovr-ce36cc32d77995bbfc3020900b86035b{\nborder-radius:0px 0px 0px 0px;\n-webkit-border-radius:0px 0px 0px 0px;\n-moz-border-radius:0px 0px 0px 0px;\n}\n.responsive #top #wrap_all .flex_column.av-2wfovr-ce36cc32d77995bbfc3020900b86035b{\nmargin-top:0px;\nmargin-bottom:0px;\n}\n<\/style>\n<div class='flex_column av-2wfovr-ce36cc32d77995bbfc3020900b86035b av_one_full  avia-builder-el-7  el_after_av_heading  el_before_av_hr  first flex_column_div av-zero-column-padding '   ><div  class='avia-icon-list-container av-2r5t8f-3e5d62cd91e920e7229d5174838a85f7  avia-builder-el-8  avia-builder-el-no-sibling '><ul class='avia-icon-list avia_animate_when_almost_visible avia-icon-list-left av-iconlist-small av-2r5t8f-3e5d62cd91e920e7229d5174838a85f7 avia-iconlist-animate'>\n<li><div class='iconlist_icon av-2md0jz-4304dc13369adc190f52708f15eb6d90 avia-font-entypo-fontello'><span class='iconlist-char' aria-hidden='true' data-av_icon='\ue854' data-av_iconfont='entypo-fontello'><\/span><\/div><article class=\"article-icon-entry av-iconlist-empty\"  itemscope=\"itemscope\" itemtype=\"https:\/\/schema.org\/CreativeWork\" ><div class=\"iconlist_content_wrap\"><header class=\"entry-content-header\"><div class='av_iconlist_title iconlist_title_small  '  itemprop=\"headline\" ><a href='t\u00e9l:+66-655-060855' title='T\u00e9l\u00e9phone\/Ligne\/Wechat : +66-655-060855'>T\u00e9l\u00e9phone\/Ligne\/Wechat : +66-655-060855<\/a><\/div><\/header><div class='iconlist_content '  itemprop=\"text\" ><\/div><\/div><footer class=\"entry-footer\"><\/footer><\/article><div class=\"iconlist-timeline\"><\/div><\/li>\n<li><div class='iconlist_icon av-2cs6z3-a0cb313a633cb78d51a2440eb0f7551f avia-font-entypo-fontello'><span class='iconlist-char' aria-hidden='true' data-av_icon='\ue805' data-av_iconfont='entypo-fontello'><\/span><\/div><article class=\"article-icon-entry av-iconlist-empty\"  itemscope=\"itemscope\" itemtype=\"https:\/\/schema.org\/CreativeWork\" ><div class=\"iconlist_content_wrap\"><header class=\"entry-content-header\"><div class='av_iconlist_title iconlist_title_small  '  itemprop=\"headline\" ><a href='mailto:mailto:my-tour@koh-lanta-tours.com' title='Courriel : my-tour@koh-lanta-tours.com'>Courriel : my-tour@koh-lanta-tours.com<\/a><\/div><\/header><div class='iconlist_content '  itemprop=\"text\" ><\/div><\/div><footer class=\"entry-footer\"><\/footer><\/article><div class=\"iconlist-timeline\"><\/div><\/li>\n<li><div class='iconlist_icon av-28y1zb-fc4a1c33446eab5ec94e09a1e76fa76c avia-font-entypo-fontello'><span class='iconlist-char' aria-hidden='true' data-av_icon='\ue8a7' data-av_iconfont='entypo-fontello'><\/span><\/div><article class=\"article-icon-entry av-iconlist-empty\"  itemscope=\"itemscope\" itemtype=\"https:\/\/schema.org\/CreativeWork\" ><div class=\"iconlist_content_wrap\"><header class=\"entry-content-header\"><div class='av_iconlist_title iconlist_title_small  '  itemprop=\"headline\" ><a href='https:\/\/koh-lanta-tours.com\/fr\/' title='Web : koh-lanta-tours.com'>Web : koh-lanta-tours.com<\/a><\/div><\/header><div class='iconlist_content '  itemprop=\"text\" ><\/div><\/div><footer class=\"entry-footer\"><\/footer><\/article><div class=\"iconlist-timeline\"><\/div><\/li>\n<\/ul><\/div><\/div>\n<style type=\"text\/css\" data-created_by=\"avia_inline_auto\" id=\"style-css-av-20xzlz-656f8501fd38d255f645ef2cb46b149e\">\n#top .hr.hr-invisible.av-20xzlz-656f8501fd38d255f645ef2cb46b149e{\nheight:30px;\n}\n<\/style>\n<div  class='hr av-20xzlz-656f8501fd38d255f645ef2cb46b149e hr-invisible  avia-builder-el-9  el_after_av_one_full  el_before_av_codeblock '><span class='hr-inner '><span class=\"hr-inner-style\"><\/span><\/span><\/div><br \/>\n<\/p>\n<\/div><\/div><\/div><div id='av_section_1'  class='avia-section av-1pelwn-345644fe640323d3f9b7d6c3d36c535d alternate_color avia-section-large avia-no-border-styling  avia-builder-el-11  el_after_av_layout_row  avia-builder-el-last  avia-bg-style-scroll container_wrap sidebar_right'  ><div class='container av-section-cont-open' ><div class='template-page content  av-content-small alpha units'><div class='post-entry post-entry-type-page post-entry-13006'><div class='entry-content-wrapper clearfix'>\n\n<style type=\"text\/css\" data-created_by=\"avia_inline_auto\" id=\"style-css-av-1ii0tz-8f74d14add797c98af1de6d544420478\">\n#top .av-special-heading.av-1ii0tz-8f74d14add797c98af1de6d544420478{\npadding-bottom:20px;\n}\nbody .av-special-heading.av-1ii0tz-8f74d14add797c98af1de6d544420478 .av-special-heading-tag .heading-char{\nfont-size:25px;\n}\n.av-special-heading.av-1ii0tz-8f74d14add797c98af1de6d544420478 .av-subheading{\nfont-size:15px;\n}\n<\/style>\n<div  class='av-special-heading av-1ii0tz-8f74d14add797c98af1de6d544420478 av-special-heading-h1 blockquote modern-quote modern-centered  avia-builder-el-12  el_before_av_one_fifth  avia-builder-el-first '><div class='av-subheading av-subheading_above'><p>Les meilleures offres et les meilleures remises dans votre bo\u00eete de r\u00e9ception !<\/p>\n<\/div><h1 class='av-special-heading-tag'  itemprop=\"headline\"  >S\u2019abonner \u00e0 notre newsletter<\/h1><div class=\"special-heading-border\"><div class=\"special-heading-inner-border\"><\/div><\/div><\/div>\n\n<style type=\"text\/css\" data-created_by=\"avia_inline_auto\" id=\"style-css-av-1cmhv3-0ca6419b8e9513169dc57a232ccff510\">\n.flex_column.av-1cmhv3-0ca6419b8e9513169dc57a232ccff510{\nborder-radius:0px 0px 0px 0px;\n-webkit-border-radius:0px 0px 0px 0px;\n-moz-border-radius:0px 0px 0px 0px;\n}\n<\/style>\n<div class='flex_column av-1cmhv3-0ca6419b8e9513169dc57a232ccff510 av_one_fifth  avia-builder-el-13  el_after_av_heading  el_before_av_three_fifth  first flex_column_div av-zero-column-padding '   ><\/div>\n<style type=\"text\/css\" data-created_by=\"avia_inline_auto\" id=\"style-css-av-1beq8v-ba9a569dfb58366e54718ed1e6bc72e6\">\n.flex_column.av-1beq8v-ba9a569dfb58366e54718ed1e6bc72e6{\nborder-radius:0px 0px 0px 0px;\n-webkit-border-radius:0px 0px 0px 0px;\n-moz-border-radius:0px 0px 0px 0px;\n}\n<\/style>\n<div class='flex_column av-1beq8v-ba9a569dfb58366e54718ed1e6bc72e6 av_three_fifth  avia-builder-el-14  el_after_av_one_fifth  el_before_av_one_fifth  flex_column_div av-zero-column-padding '   ><\/div>\n<style type=\"text\/css\" data-created_by=\"avia_inline_auto\" id=\"style-css-av-b1grb-6e82a4ca426878861b6a2697ee20e305\">\n.flex_column.av-b1grb-6e82a4ca426878861b6a2697ee20e305{\nborder-radius:0px 0px 0px 0px;\n-webkit-border-radius:0px 0px 0px 0px;\n-moz-border-radius:0px 0px 0px 0px;\n}\n<\/style>\n<div class='flex_column av-b1grb-6e82a4ca426878861b6a2697ee20e305 av_one_fifth  avia-builder-el-16  el_after_av_three_fifth  avia-builder-el-last  flex_column_div av-zero-column-padding '   ><\/div>\n<\/div><\/div><\/div><!-- close content main div --><\/div><\/div><div id='after_section_1'  class='main_color av_default_container_wrap container_wrap sidebar_right'  ><div class='container av-section-cont-open' ><div class='template-page content  av-content-small alpha units'><div class='post-entry post-entry-type-page post-entry-13006'><div class='entry-content-wrapper clearfix'><\/p>\n","protected":false},"excerpt":{"rendered":"","protected":false},"author":9940,"featured_media":0,"parent":0,"menu_order":0,"comment_status":"open","ping_status":"open","template":"","meta":{"footnotes":""},"class_list":["post-13006","page","type-page","status-publish","hentry"],"yoast_head":"<!-- This site is optimized with the Yoast SEO Premium plugin v20.9 (Yoast SEO v26.2) - https:\/\/yoast.com\/wordpress\/plugins\/seo\/ -->\n<title>Contactez-nous | Profitez de Koh-Lanta et de ses environs avec Koh Lanta Tours<\/title>\n<meta name=\"description\" content=\"Vous allez visiter l&#039;\u00eele tropicale de Koh Lanta ? Alors prenez contact avec nous et laissez-nous organiser votre s\u00e9jour parfait et d\u00e9tendu. Contactez-nous pour plus de d\u00e9tails concernant Koh-Lanta.\" \/>\n<meta name=\"robots\" content=\"index, follow, max-snippet:-1, max-image-preview:large, max-video-preview:-1\" \/>\n<link rel=\"canonical\" href=\"https:\/\/koh-lanta-tours.com\/fr\/contact\/\" \/>\n<meta property=\"og:locale\" content=\"fr_FR\" \/>\n<meta property=\"og:type\" content=\"article\" \/>\n<meta property=\"og:title\" content=\"Contact\" \/>\n<meta property=\"og:description\" content=\"Vous allez visiter l&#039;\u00eele tropicale de Koh Lanta ? Alors prenez contact avec nous et laissez-nous organiser votre s\u00e9jour parfait et d\u00e9tendu. Contactez-nous pour plus de d\u00e9tails concernant Koh-Lanta.\" \/>\n<meta property=\"og:url\" content=\"https:\/\/koh-lanta-tours.com\/fr\/contact\/\" \/>\n<meta property=\"og:site_name\" content=\"My Tour by koh-lanta-tours.com\" \/>\n<meta property=\"article:publisher\" content=\"https:\/\/www.facebook.com\/MyTourKohLanta\/\" \/>\n<meta property=\"article:modified_time\" content=\"2023-01-12T05:16:10+00:00\" \/>\n<meta name=\"twitter:card\" content=\"summary_large_image\" \/>\n<meta name=\"twitter:label1\" content=\"Dur\u00e9e de lecture estim\u00e9e\" \/>\n\t<meta name=\"twitter:data1\" content=\"6 minutes\" \/>\n<script type=\"application\/ld+json\" class=\"yoast-schema-graph\">{\"@context\":\"https:\/\/schema.org\",\"@graph\":[{\"@type\":\"WebPage\",\"@id\":\"https:\/\/koh-lanta-tours.com\/fr\/contact\/\",\"url\":\"https:\/\/koh-lanta-tours.com\/fr\/contact\/\",\"name\":\"Contactez-nous | Profitez de Koh-Lanta et de ses environs avec Koh Lanta Tours\",\"isPartOf\":{\"@id\":\"https:\/\/koh-lanta-tours.com\/fr\/#website\"},\"datePublished\":\"2023-01-03T01:44:17+00:00\",\"dateModified\":\"2023-01-12T05:16:10+00:00\",\"description\":\"Vous allez visiter l'\u00eele tropicale de Koh Lanta ? Alors prenez contact avec nous et laissez-nous organiser votre s\u00e9jour parfait et d\u00e9tendu. Contactez-nous pour plus de d\u00e9tails concernant Koh-Lanta.\",\"breadcrumb\":{\"@id\":\"https:\/\/koh-lanta-tours.com\/fr\/contact\/#breadcrumb\"},\"inLanguage\":\"fr-FR\",\"potentialAction\":[{\"@type\":\"ReadAction\",\"target\":[\"https:\/\/koh-lanta-tours.com\/fr\/contact\/\"]}]},{\"@type\":\"BreadcrumbList\",\"@id\":\"https:\/\/koh-lanta-tours.com\/fr\/contact\/#breadcrumb\",\"itemListElement\":[{\"@type\":\"ListItem\",\"position\":1,\"name\":\"Home\",\"item\":\"https:\/\/koh-lanta-tours.com\/fr\/\"},{\"@type\":\"ListItem\",\"position\":2,\"name\":\"Contact\"}]},{\"@type\":\"WebSite\",\"@id\":\"https:\/\/koh-lanta-tours.com\/fr\/#website\",\"url\":\"https:\/\/koh-lanta-tours.com\/fr\/\",\"name\":\"My Tour by koh-lanta-tours.com\",\"description\":\"Tours on and around the beautiful islant koh lanta.\",\"publisher\":{\"@id\":\"https:\/\/koh-lanta-tours.com\/fr\/#organization\"},\"potentialAction\":[{\"@type\":\"SearchAction\",\"target\":{\"@type\":\"EntryPoint\",\"urlTemplate\":\"https:\/\/koh-lanta-tours.com\/fr\/?s={search_term_string}\"},\"query-input\":{\"@type\":\"PropertyValueSpecification\",\"valueRequired\":true,\"valueName\":\"search_term_string\"}}],\"inLanguage\":\"fr-FR\"},{\"@type\":\"Organization\",\"@id\":\"https:\/\/koh-lanta-tours.com\/fr\/#organization\",\"name\":\"My Tour by koh-lanta-tours.com\",\"url\":\"https:\/\/koh-lanta-tours.com\/fr\/\",\"logo\":{\"@type\":\"ImageObject\",\"inLanguage\":\"fr-FR\",\"@id\":\"https:\/\/koh-lanta-tours.com\/fr\/#\/schema\/logo\/image\/\",\"url\":\"https:\/\/koh-lanta-tours.com\/wp-content\/uploads\/2018\/04\/logo.png\",\"contentUrl\":\"https:\/\/koh-lanta-tours.com\/wp-content\/uploads\/2018\/04\/logo.png\",\"width\":2048,\"height\":712,\"caption\":\"My Tour by koh-lanta-tours.com\"},\"image\":{\"@id\":\"https:\/\/koh-lanta-tours.com\/fr\/#\/schema\/logo\/image\/\"},\"sameAs\":[\"https:\/\/www.facebook.com\/MyTourKohLanta\/\"]}]}<\/script>\n<!-- \/ Yoast SEO Premium plugin. -->","yoast_head_json":{"title":"Contactez-nous | Profitez de Koh-Lanta et de ses environs avec Koh Lanta Tours","description":"Vous allez visiter l'\u00eele tropicale de Koh Lanta ? Alors prenez contact avec nous et laissez-nous organiser votre s\u00e9jour parfait et d\u00e9tendu. Contactez-nous pour plus de d\u00e9tails concernant Koh-Lanta.","robots":{"index":"index","follow":"follow","max-snippet":"max-snippet:-1","max-image-preview":"max-image-preview:large","max-video-preview":"max-video-preview:-1"},"canonical":"https:\/\/koh-lanta-tours.com\/fr\/contact\/","og_locale":"fr_FR","og_type":"article","og_title":"Contact","og_description":"Vous allez visiter l'\u00eele tropicale de Koh Lanta ? Alors prenez contact avec nous et laissez-nous organiser votre s\u00e9jour parfait et d\u00e9tendu. Contactez-nous pour plus de d\u00e9tails concernant Koh-Lanta.","og_url":"https:\/\/koh-lanta-tours.com\/fr\/contact\/","og_site_name":"My Tour by koh-lanta-tours.com","article_publisher":"https:\/\/www.facebook.com\/MyTourKohLanta\/","article_modified_time":"2023-01-12T05:16:10+00:00","twitter_card":"summary_large_image","twitter_misc":{"Dur\u00e9e de lecture estim\u00e9e":"6 minutes"},"schema":{"@context":"https:\/\/schema.org","@graph":[{"@type":"WebPage","@id":"https:\/\/koh-lanta-tours.com\/fr\/contact\/","url":"https:\/\/koh-lanta-tours.com\/fr\/contact\/","name":"Contactez-nous | Profitez de Koh-Lanta et de ses environs avec Koh Lanta Tours","isPartOf":{"@id":"https:\/\/koh-lanta-tours.com\/fr\/#website"},"datePublished":"2023-01-03T01:44:17+00:00","dateModified":"2023-01-12T05:16:10+00:00","description":"Vous allez visiter l'\u00eele tropicale de Koh Lanta ? Alors prenez contact avec nous et laissez-nous organiser votre s\u00e9jour parfait et d\u00e9tendu. Contactez-nous pour plus de d\u00e9tails concernant Koh-Lanta.","breadcrumb":{"@id":"https:\/\/koh-lanta-tours.com\/fr\/contact\/#breadcrumb"},"inLanguage":"fr-FR","potentialAction":[{"@type":"ReadAction","target":["https:\/\/koh-lanta-tours.com\/fr\/contact\/"]}]},{"@type":"BreadcrumbList","@id":"https:\/\/koh-lanta-tours.com\/fr\/contact\/#breadcrumb","itemListElement":[{"@type":"ListItem","position":1,"name":"Home","item":"https:\/\/koh-lanta-tours.com\/fr\/"},{"@type":"ListItem","position":2,"name":"Contact"}]},{"@type":"WebSite","@id":"https:\/\/koh-lanta-tours.com\/fr\/#website","url":"https:\/\/koh-lanta-tours.com\/fr\/","name":"My Tour by koh-lanta-tours.com","description":"Tours on and around the beautiful islant koh lanta.","publisher":{"@id":"https:\/\/koh-lanta-tours.com\/fr\/#organization"},"potentialAction":[{"@type":"SearchAction","target":{"@type":"EntryPoint","urlTemplate":"https:\/\/koh-lanta-tours.com\/fr\/?s={search_term_string}"},"query-input":{"@type":"PropertyValueSpecification","valueRequired":true,"valueName":"search_term_string"}}],"inLanguage":"fr-FR"},{"@type":"Organization","@id":"https:\/\/koh-lanta-tours.com\/fr\/#organization","name":"My Tour by koh-lanta-tours.com","url":"https:\/\/koh-lanta-tours.com\/fr\/","logo":{"@type":"ImageObject","inLanguage":"fr-FR","@id":"https:\/\/koh-lanta-tours.com\/fr\/#\/schema\/logo\/image\/","url":"https:\/\/koh-lanta-tours.com\/wp-content\/uploads\/2018\/04\/logo.png","contentUrl":"https:\/\/koh-lanta-tours.com\/wp-content\/uploads\/2018\/04\/logo.png","width":2048,"height":712,"caption":"My Tour by koh-lanta-tours.com"},"image":{"@id":"https:\/\/koh-lanta-tours.com\/fr\/#\/schema\/logo\/image\/"},"sameAs":["https:\/\/www.facebook.com\/MyTourKohLanta\/"]}]}},"_links":{"self":[{"href":"https:\/\/koh-lanta-tours.com\/fr\/wp-json\/wp\/v2\/pages\/13006","targetHints":{"allow":["GET"]}}],"collection":[{"href":"https:\/\/koh-lanta-tours.com\/fr\/wp-json\/wp\/v2\/pages"}],"about":[{"href":"https:\/\/koh-lanta-tours.com\/fr\/wp-json\/wp\/v2\/types\/page"}],"author":[{"embeddable":true,"href":"https:\/\/koh-lanta-tours.com\/fr\/wp-json\/wp\/v2\/users\/9940"}],"replies":[{"embeddable":true,"href":"https:\/\/koh-lanta-tours.com\/fr\/wp-json\/wp\/v2\/comments?post=13006"}],"version-history":[{"count":3,"href":"https:\/\/koh-lanta-tours.com\/fr\/wp-json\/wp\/v2\/pages\/13006\/revisions"}],"predecessor-version":[{"id":20624,"href":"https:\/\/koh-lanta-tours.com\/fr\/wp-json\/wp\/v2\/pages\/13006\/revisions\/20624"}],"wp:attachment":[{"href":"https:\/\/koh-lanta-tours.com\/fr\/wp-json\/wp\/v2\/media?parent=13006"}],"curies":[{"name":"wp","href":"https:\/\/api.w.org\/{rel}","templated":true}]}}