{"id":21218,"date":"2023-01-16T19:06:38","date_gmt":"2023-01-16T12:06:38","guid":{"rendered":"https:\/\/koh-lanta-tours.com\/reiseziele-rund-um-koh-lanta\/pristine-mystical-mangroves-on-koh-lanta\/"},"modified":"2023-01-16T19:06:46","modified_gmt":"2023-01-16T12:06:46","slug":"pristine-mystical-mangroves-on-koh-lanta","status":"publish","type":"page","link":"https:\/\/koh-lanta-tours.com\/de\/reiseziele-rund-um-koh-lanta\/pristine-mystical-mangroves-on-koh-lanta\/","title":{"rendered":"Unber\u00fchrte mystische Mangroven auf Koh Lanta"},"content":{"rendered":"<div id='full_slider_1'  class='avia-fullwidth-slider main_color avia-shadow  av-desktop-hide  avia-builder-el-0  el_before_av_layout_row  avia-builder-el-first   container_wrap sidebar_right'  ><div   data-size='featured'  data-lightbox_size='large'  data-animation='slide'  data-conditional_play=''  data-ids='408,407,406,403'  data-video_counter='0'  data-autoplay='true'  data-bg_slider='false'  data-slide_height=''  data-handle='av_slideshow_full'  data-interval='5'  data-class=' '  data-el_id=''  data-css_id=''  data-scroll_down=''  data-control_layout='av-control-default'  data-custom_markup=''  data-perma_caption=''  data-autoplay_stopper=''  data-image_attachment=''  data-min_height='0px'  data-lazy_loading='disabled'  data-src=''  data-position='top left'  data-repeat='no-repeat'  data-attach='scroll'  data-stretch=''  data-img_scrset=''  data-default-height='28.666666666667'  class='avia-slideshow avia-slideshow-1  av-control-default av-default-height-applied avia-slideshow-featured av_slideshow_full   avia-slide-slider '  itemprop=\"image\" itemscope=\"itemscope\" itemtype=\"https:\/\/schema.org\/ImageObject\" ><ul class='avia-slideshow-inner ' style='padding-bottom: 28.666666666667%;' ><li  class=' slide-1 ' ><div data-rel='slideshow-1' class='avia-slide-wrap '   ><img decoding=\"async\" class=\"wp-image-12638 avia-img-lazy-loading-not-12638\"  src=\"https:\/\/koh-lanta-tours.com\/wp-content\/uploads\/2018\/04\/AdobeStock_141103217-1500x430.jpeg\" width=\"1500\" height=\"430\" title='Long tail boat clear sea blue sky floating - \u00a9 khobenz' alt=''  itemprop=\"thumbnailUrl\"   \/><\/div><\/li><li  class=' slide-2 ' ><div data-rel='slideshow-1' class='avia-slide-wrap '   ><img decoding=\"async\" class=\"wp-image-12632 avia-img-lazy-loading-not-12632\"  src=\"https:\/\/koh-lanta-tours.com\/wp-content\/uploads\/2018\/04\/AdobeStock_128547532-1500x430.jpeg\" width=\"1500\" height=\"430\" title='Man holding snorkel goggles - \u00a9 narongcp' alt=''  itemprop=\"thumbnailUrl\"   \/><\/div><\/li><li  class=' slide-3 ' ><div data-rel='slideshow-1' class='avia-slide-wrap '   ><img decoding=\"async\" class=\"wp-image-12626 avia-img-lazy-loading-not-12626\"  src=\"https:\/\/koh-lanta-tours.com\/wp-content\/uploads\/2018\/04\/AdobeStock_118050735-1500x430.jpeg\" width=\"1500\" height=\"430\" title='Young woman at snorkeling in the tropical water - \u00a9 soft_light' alt=''  itemprop=\"thumbnailUrl\"   \/><\/div><\/li><li  class=' slide-4 ' ><div data-rel='slideshow-1' class='avia-slide-wrap '   ><img decoding=\"async\" class=\"wp-image-12608 avia-img-lazy-loading-not-12608\"  src=\"https:\/\/koh-lanta-tours.com\/wp-content\/uploads\/2018\/04\/AdobeStock_63740521-1500x430.jpeg\" width=\"1500\" height=\"430\" title='Koh Rok - \u00a9 St\u00e9phane BRACKEN' alt=''  itemprop=\"thumbnailUrl\"   \/><\/div><\/li><\/ul><div class='avia-slideshow-arrows avia-slideshow-controls' ><a href='#prev' class='prev-slide ' aria-hidden='true' data-av_icon='\ue87c' data-av_iconfont='entypo-fontello'  tabindex='-1'>Zur\u00fcck<\/a><a href='#next' class='next-slide ' aria-hidden='true' data-av_icon='\ue87d' data-av_iconfont='entypo-fontello'  tabindex='-1'>Weiter<\/a><\/div><div class='avia-slideshow-dots avia-slideshow-controls'><a href='#1' class='goto-slide active' >1<\/a><a href='#2' class='goto-slide ' >2<\/a><a href='#3' class='goto-slide ' >3<\/a><a href='#4' class='goto-slide ' >4<\/a><\/div><\/div><\/div>\n<div id='av-layout-grid-1'  class='av-layout-grid-container av-4do03s-fcc9aeca06d506d9c042a1cb552f0303 entry-content-wrapper main_color av-flex-cells  avia-builder-el-1  el_after_av_slideshow_full  el_before_av_layout_row  grid-row-not-first  container_wrap sidebar_right'  >\n\n<style type=\"text\/css\" data-created_by=\"avia_inline_auto\" id=\"style-css-av-4afkqw-56c0b50fe20759d48ca14752ce9ba274\">\n.flex_cell.av-4afkqw-56c0b50fe20759d48ca14752ce9ba274{\nvertical-align:top;\npadding:120px 60px 120px 60px;\n}\n<\/style>\n<div class='flex_cell av_one_half av-4afkqw-56c0b50fe20759d48ca14752ce9ba274 no_margin  avia-builder-el-2  el_before_av_cell_one_half  avia-builder-el-first ' ><div class='flex_cell_inner'><section  class='av_textblock_section av-41osyg-e4c86e3664efe488487c4e848b330b6b'  itemscope=\"itemscope\" itemtype=\"https:\/\/schema.org\/CreativeWork\" ><div class='avia_textblock'  itemprop=\"text\" ><p>Die Nordostk\u00fcste von Koh Lanta ist von den dichten, gef\u00fchlsbetonten Wurzeln und den \u00fcppig gr\u00fcnen Bl\u00e4ttern der Mangroven umh\u00fcllt, die die ruhigen B\u00e4che und Fl\u00fcsse s\u00e4umen. Die Umgebung vermittelt ein Gef\u00fchl von Nostalgie, das sich nur schwer in Worte fassen l\u00e4sst. Die <strong>Mangroven auf Koh Lanta <\/strong>sind die perfekte Abwechslung zu den anstrengenden Plagen und Sandstr\u00e4nden. Hier k\u00f6nnen Sie einen kurzen, entspannenden Spaziergang machen, sich in den schwimmenden Gasth\u00e4usern mit der Natur vers\u00f6hnen oder eine Kajaktour unternehmen.<\/p>\n<p>Auf dem Holzsteg, der Sie zum Tung Yee Peng Mangrovenwald f\u00fchrt, k\u00f6nnen Sie einen Eindruck von der einzigartigen Landschaft gewinnen. Entdecken Sie einige Zitterkrabben, die sich im Schlamm winden, der von den r\u00f6hrenf\u00f6rmigen dunklen Wurzeln der Mangroven zusammengehalten wird. Beobachten Sie V\u00f6gel wie Kraniche und Seeadler, die \u00fcber den B\u00e4umen schweben oder im seichten Wasser fischen. Nehmen Sie das Brummen der Motoren der Longtailboote auf, w\u00e4hrend Sie durch die <strong>Mangroven auf Koh Lanta wandern.<\/strong><\/p>\n<\/div><\/section>\n<\/div><\/div>\n<style type=\"text\/css\" data-created_by=\"avia_inline_auto\" id=\"style-css-av-3xi97c-804feb3a0eaecf75bc2c0b0f85094a08\">\n.flex_cell.av-3xi97c-804feb3a0eaecf75bc2c0b0f85094a08{\nvertical-align:top;\npadding:30px 30px 30px 30px;\nbackground:url(https:\/\/koh-lanta-tours.com\/wp-content\/uploads\/2018\/04\/AdobeStock_118050735-1030x529.jpeg) 50% 50% no-repeat scroll ;\n}\n<\/style>\n<div class='flex_cell av_one_half av-3xi97c-804feb3a0eaecf75bc2c0b0f85094a08 no_margin av-hide-on-mobile  avia-builder-el-4  el_after_av_cell_one_half  avia-builder-el-last ' ><div class='flex_cell_inner'><\/div><\/div>\n<\/div>\n<div id='av-layout-grid-2'  class='av-layout-grid-container av-dgdyg-928760256a6095d86d52c02b6f37d709 entry-content-wrapper main_color av-flex-cells  avia-builder-el-5  el_after_av_layout_row  el_before_av_layout_row  grid-row-not-first  container_wrap sidebar_right'  >\n\n<style type=\"text\/css\" data-created_by=\"avia_inline_auto\" id=\"style-css-av-3iyvds-90eecb3e61c70505fc90db65a25cac35\">\n.flex_cell.av-3iyvds-90eecb3e61c70505fc90db65a25cac35{\nvertical-align:top;\npadding:30px 30px 30px 30px;\nbackground:url(https:\/\/koh-lanta-tours.com\/wp-content\/uploads\/2018\/04\/AdobeStock_63740521-1030x674.jpeg) 0% 100% no-repeat scroll ;\n}\n<\/style>\n<div class='flex_cell av_one_half av-3iyvds-90eecb3e61c70505fc90db65a25cac35 no_margin av-hide-on-mobile  avia-builder-el-6  el_before_av_cell_one_half  avia-builder-el-first ' ><div class='flex_cell_inner'><\/div><\/div>\n<style type=\"text\/css\" data-created_by=\"avia_inline_auto\" id=\"style-css-av-3ef5v4-f82a96e26e4f004a157d90d6aec9c4ee\">\n.flex_cell.av-3ef5v4-f82a96e26e4f004a157d90d6aec9c4ee{\nvertical-align:top;\npadding:120px 60px 120px 60px;\n}\n<\/style>\n<div class='flex_cell av_one_half av-3ef5v4-f82a96e26e4f004a157d90d6aec9c4ee no_margin  avia-builder-el-7  el_after_av_cell_one_half  avia-builder-el-last ' ><div class='flex_cell_inner'><section  class='av_textblock_section av-377n9s-a9183a451970358c35ee20768d70891f'  itemscope=\"itemscope\" itemtype=\"https:\/\/schema.org\/CreativeWork\" ><div class='avia_textblock'  itemprop=\"text\" ><p>Durchqueren Sie die brackigen Fl\u00fcsse und herrlichen Binnengew\u00e4sser mit dem Kajak oder nehmen Sie ein Longtail-Boot f\u00fcr eine beschauliche Fahrt entlang der Mangroven. Legen Sie einen Zwischenstopp im Floating House Homestay ein, um einige lebende Fische zu fangen, die in den Salzwasserbecken schwimmen, bis sie zum Grillen abgeholt werden. Beobachten Sie ein paar schelmische Affen, die sich bei Ebbe von den Meeresbewohnern ern\u00e4hren, die sie aufpicken.<\/p>\n<p>Sie k\u00f6nnen problemlos ein Kajak f\u00fcr bis zu 3 Stunden mieten. Alternativ k\u00f6nnen Sie auch eine Tour mit einem Longtail-Boot buchen, um die Wunder der <strong>Mangroven auf Koh Lanta <\/strong>zu entdecken <strong>. <\/strong>Sie k\u00f6nnen auch einige Zeit bleiben und sich den Aktivit\u00e4ten widmen, die im Homestay angeboten werden. Sie k\u00f6nnen einen Platz in den Zelten reservieren, die auf den Decks der Freilufth\u00e4user des Homestays aufgestellt sind. Aktivit\u00e4ten wie Kajakfahren, Bootsausfl\u00fcge und Wasserfahrr\u00e4der machen Ihren Besuch noch interessanter. Fangen Sie Ihr Abendessen live und schwimmen Sie unter Ihren F\u00fc\u00dfen. F\u00fcr ein Paket von zwei Tagen und zwei N\u00e4chten, das Unterkunft, Verpflegung, Aktivit\u00e4ten und Touren auf einem Longtail-Boot beinhaltet, k\u00f6nnen Sie bei einer Gastfamilie unterkommen.<\/p>\n<\/div><\/section>\n<\/div><\/div>\n<\/div>\n<div id='av-layout-grid-3'  class='av-layout-grid-container av-329ut4-82ff5df522ff7a7d5fb3470ae7f1c770 entry-content-wrapper main_color av-flex-cells  avia-builder-el-9  el_after_av_layout_row  el_before_av_layout_row  grid-row-not-first  container_wrap sidebar_right'  >\n\n<style type=\"text\/css\" data-created_by=\"avia_inline_auto\" id=\"style-css-av-2w2o34-98d172bec4e77f83340815ebda9dcf54\">\n.flex_cell.av-2w2o34-98d172bec4e77f83340815ebda9dcf54{\nvertical-align:top;\npadding:120px 60px 120px 60px;\n}\n<\/style>\n<div class='flex_cell av_one_half av-2w2o34-98d172bec4e77f83340815ebda9dcf54 no_margin  avia-builder-el-10  el_before_av_cell_one_half  avia-builder-el-first ' ><div class='flex_cell_inner'><section  class='av_textblock_section av-2nyj40-39fa04c92acd51574b875d99b15f8577'  itemscope=\"itemscope\" itemtype=\"https:\/\/schema.org\/CreativeWork\" ><div class='avia_textblock'  itemprop=\"text\" ><p>Alternativ k\u00f6nnen Sie bei Thung Yee Pheng Seafood abgelegene Zimmer buchen, die auf einer schmalen, von Mangroven ges\u00e4umten Wasserstra\u00dfe schwimmen. Die Zimmer werden im Rahmen des kombinierten Programms f\u00fcr Gastfamilien und Fischfarmen angeboten und sind leicht zu erreichen, allerdings ist die Lage vielleicht nicht ganz so bezaubernd. Die Zimmer sind es wert, f\u00fcr ein schnelles Mittagessen und eine kleine Pause anzuhalten, auch wenn Sie nicht \u00fcber Nacht bleiben wollen.<\/p>\n<\/div><\/section>\n<\/div><\/div>\n<style type=\"text\/css\" data-created_by=\"avia_inline_auto\" id=\"style-css-av-2kcau8-cd37e9219d6ee16a6b20c80fdbaabe32\">\n.flex_cell.av-2kcau8-cd37e9219d6ee16a6b20c80fdbaabe32{\nvertical-align:top;\npadding:30px 30px 30px 30px;\nbackground:url(https:\/\/koh-lanta-tours.com\/wp-content\/uploads\/2018\/04\/AdobeStock_185745582-1030x687.jpeg) 50% 0% no-repeat scroll ;\n}\n<\/style>\n<div class='flex_cell av_one_half av-2kcau8-cd37e9219d6ee16a6b20c80fdbaabe32 no_margin av-hide-on-mobile  avia-builder-el-12  el_after_av_cell_one_half  avia-builder-el-last ' ><div class='flex_cell_inner'><\/div><\/div>\n<\/div>\n<div id='av-layout-grid-4'  class='av-layout-grid-container av-2ewvcg-80130df898ebf52f623fb96b61f33894 entry-content-wrapper main_color av-flex-cells  avia-builder-el-13  el_after_av_layout_row  el_before_av_section  grid-row-not-first  container_wrap sidebar_right'  >\n\n<style type=\"text\/css\" data-created_by=\"avia_inline_auto\" id=\"style-css-av-28p63s-ccb0fbcbd7f10ecf6071a4b8fd302b12\">\n.flex_cell.av-28p63s-ccb0fbcbd7f10ecf6071a4b8fd302b12{\nvertical-align:top;\npadding:30px 30px 30px 30px;\nbackground:url(https:\/\/koh-lanta-tours.com\/wp-content\/uploads\/2018\/04\/AdobeStock_63740521-1030x674.jpeg) 0% 100% no-repeat scroll ;\n}\n<\/style>\n<div class='flex_cell av_one_half av-28p63s-ccb0fbcbd7f10ecf6071a4b8fd302b12 no_margin av-hide-on-mobile  avia-builder-el-14  el_before_av_cell_one_half  avia-builder-el-first ' ><div class='flex_cell_inner'><\/div><\/div>\n<style type=\"text\/css\" data-created_by=\"avia_inline_auto\" id=\"style-css-av-237rmg-8db99a15b69280fae412cdf136c5b68a\">\n.flex_cell.av-237rmg-8db99a15b69280fae412cdf136c5b68a{\nvertical-align:top;\npadding:120px 60px 120px 60px;\n}\n<\/style>\n<div class='flex_cell av_one_half av-237rmg-8db99a15b69280fae412cdf136c5b68a no_margin  avia-builder-el-15  el_after_av_cell_one_half  avia-builder-el-last ' ><div class='flex_cell_inner'><section  class='av_textblock_section av-1vva0o-7b99e1f57b643dae378a464015492052'  itemscope=\"itemscope\" itemtype=\"https:\/\/schema.org\/CreativeWork\" ><div class='avia_textblock'  itemprop=\"text\" ><p>Im Dorf Thung Yee Pheng gibt es auch Orchideen- und Schmetterlingsg\u00e4rten, die Sie auf Ihrer Reise durch die <strong>Mangroven auf Koh Lanta besuchen k\u00f6nnen. <\/strong>F\u00fcr die Fahrt durch die schattigen Mangroven auf einem Longtail-Boot k\u00f6nnen Sie einen \u00f6rtlichen F\u00fchrer engagieren. Die Mangrovenw\u00e4lder auf Koh Lanta sind die wichtigsten Brutst\u00e4tten f\u00fcr Delfine und Haie, wo sie ihre Jungtiere sch\u00fctzen. Die dichten Wurzeln der Mangroven bilden einen gesch\u00fctzten Bereich f\u00fcr Krebse, Fische, Hummer, Austern und Garnelen. Der Mangrovenwald dient als Kinderstube f\u00fcr S\u00e4ugetiere, Reptilien und V\u00f6gel und sch\u00fctzt so die K\u00fcsten vor Erosion.<\/p>\n<p>Machen Sie eine unvergessliche Tour zu den <strong>Mangroven auf Koh Lanta <\/strong>und entdecken Sie die Wunder der Natur wie nie zuvor.<\/p>\n<\/div><\/section>\n<\/div><\/div>\n<\/div>\n<div id='av_section_1'  class='avia-section av-1ssid4-9d621373f8c6ae2a1defd094853bf303 alternate_color avia-section-large avia-no-border-styling  avia-builder-el-17  el_after_av_layout_row  avia-builder-el-last  avia-bg-style-scroll container_wrap sidebar_right'  ><div class='container av-section-cont-open' ><div class='template-page content  av-content-small alpha units'><div class='post-entry post-entry-type-page post-entry-21218'><div class='entry-content-wrapper clearfix'>\n\n<style type=\"text\/css\" data-created_by=\"avia_inline_auto\" id=\"style-css-av-1m5zy0-774bc3494c363eae98c7d26cdef2894f\">\n#top .av-special-heading.av-1m5zy0-774bc3494c363eae98c7d26cdef2894f{\npadding-bottom:20px;\n}\nbody .av-special-heading.av-1m5zy0-774bc3494c363eae98c7d26cdef2894f .av-special-heading-tag .heading-char{\nfont-size:25px;\n}\n.av-special-heading.av-1m5zy0-774bc3494c363eae98c7d26cdef2894f .av-subheading{\nfont-size:15px;\n}\n<\/style>\n<div  class='av-special-heading av-1m5zy0-774bc3494c363eae98c7d26cdef2894f av-special-heading-h1 blockquote modern-quote modern-centered  avia-builder-el-18  el_before_av_one_fifth  avia-builder-el-first '><div class='av-subheading av-subheading_above'><p>Die hei\u00dfesten Angebote und Rabatte in Ihrem Posteingang!<\/p>\n<\/div><h1 class='av-special-heading-tag'  itemprop=\"headline\"  >Abonnieren Sie unseren Newsletter<\/h1><div class=\"special-heading-border\"><div class=\"special-heading-inner-border\"><\/div><\/div><\/div>\n\n<style type=\"text\/css\" data-created_by=\"avia_inline_auto\" id=\"style-css-av-1cqhq0-bbd6f1b1b5aa784555dac622b978772c\">\n.flex_column.av-1cqhq0-bbd6f1b1b5aa784555dac622b978772c{\nborder-radius:0px 0px 0px 0px;\n-webkit-border-radius:0px 0px 0px 0px;\n-moz-border-radius:0px 0px 0px 0px;\n}\n<\/style>\n<div class='flex_column av-1cqhq0-bbd6f1b1b5aa784555dac622b978772c av_one_fifth  avia-builder-el-19  el_after_av_heading  el_before_av_three_fifth  first flex_column_div av-zero-column-padding '   ><\/div>\n<style type=\"text\/css\" data-created_by=\"avia_inline_auto\" id=\"style-css-av-19aoxk-32a6325634e832a2d888fa0fa8e60fef\">\n.flex_column.av-19aoxk-32a6325634e832a2d888fa0fa8e60fef{\nborder-radius:0px 0px 0px 0px;\n-webkit-border-radius:0px 0px 0px 0px;\n-moz-border-radius:0px 0px 0px 0px;\n}\n<\/style>\n<div class='flex_column av-19aoxk-32a6325634e832a2d888fa0fa8e60fef av_three_fifth  avia-builder-el-20  el_after_av_one_fifth  el_before_av_one_fifth  flex_column_div av-zero-column-padding '   ><\/div>\n<style type=\"text\/css\" data-created_by=\"avia_inline_auto\" id=\"style-css-av-ash0w-f1aac5741294b1480454b87bba9a7cec\">\n.flex_column.av-ash0w-f1aac5741294b1480454b87bba9a7cec{\nborder-radius:0px 0px 0px 0px;\n-webkit-border-radius:0px 0px 0px 0px;\n-moz-border-radius:0px 0px 0px 0px;\n}\n<\/style>\n<div class='flex_column av-ash0w-f1aac5741294b1480454b87bba9a7cec av_one_fifth  avia-builder-el-22  el_after_av_three_fifth  avia-builder-el-last  flex_column_div av-zero-column-padding '   ><\/div>\n<\/div><\/div><\/div><!-- close content main div --><\/div><\/div><div id='after_section_1'  class='main_color av_default_container_wrap container_wrap sidebar_right'  ><div class='container av-section-cont-open' ><div class='template-page content  av-content-small alpha units'><div class='post-entry post-entry-type-page post-entry-21218'><div class='entry-content-wrapper clearfix'>\n","protected":false},"excerpt":{"rendered":"","protected":false},"author":9940,"featured_media":0,"parent":13022,"menu_order":0,"comment_status":"closed","ping_status":"closed","template":"","meta":{"footnotes":""},"class_list":["post-21218","page","type-page","status-publish","hentry"],"yoast_head":"<!-- This site is optimized with the Yoast SEO Premium plugin v20.9 (Yoast SEO v26.2) - https:\/\/yoast.com\/wordpress\/plugins\/seo\/ -->\n<title>Unber\u00fchrte mystische Mangroven auf Koh Lanta - My Tour by koh-lanta-tours.com<\/title>\n<meta name=\"robots\" content=\"index, follow, max-snippet:-1, max-image-preview:large, max-video-preview:-1\" \/>\n<link rel=\"canonical\" href=\"https:\/\/koh-lanta-tours.com\/de\/reiseziele-rund-um-koh-lanta\/pristine-mystical-mangroves-on-koh-lanta\/\" \/>\n<meta property=\"og:locale\" content=\"de_DE\" \/>\n<meta property=\"og:type\" content=\"article\" \/>\n<meta property=\"og:title\" content=\"Unber\u00fchrte mystische Mangroven auf Koh Lanta\" \/>\n<meta property=\"og:url\" content=\"https:\/\/koh-lanta-tours.com\/de\/reiseziele-rund-um-koh-lanta\/pristine-mystical-mangroves-on-koh-lanta\/\" \/>\n<meta property=\"og:site_name\" content=\"My Tour by koh-lanta-tours.com\" \/>\n<meta property=\"article:publisher\" content=\"https:\/\/www.facebook.com\/MyTourKohLanta\/\" \/>\n<meta property=\"article:modified_time\" content=\"2023-01-16T12:06:46+00:00\" \/>\n<meta name=\"twitter:card\" content=\"summary_large_image\" \/>\n<meta name=\"twitter:label1\" content=\"Gesch\u00e4tzte Lesezeit\" \/>\n\t<meta name=\"twitter:data1\" content=\"9\u00a0Minuten\" \/>\n<script type=\"application\/ld+json\" class=\"yoast-schema-graph\">{\"@context\":\"https:\/\/schema.org\",\"@graph\":[{\"@type\":\"WebPage\",\"@id\":\"https:\/\/koh-lanta-tours.com\/de\/reiseziele-rund-um-koh-lanta\/pristine-mystical-mangroves-on-koh-lanta\/\",\"url\":\"https:\/\/koh-lanta-tours.com\/de\/reiseziele-rund-um-koh-lanta\/pristine-mystical-mangroves-on-koh-lanta\/\",\"name\":\"Unber\u00fchrte mystische Mangroven auf Koh Lanta - My Tour by koh-lanta-tours.com\",\"isPartOf\":{\"@id\":\"https:\/\/koh-lanta-tours.com\/de\/#website\"},\"datePublished\":\"2023-01-16T12:06:38+00:00\",\"dateModified\":\"2023-01-16T12:06:46+00:00\",\"breadcrumb\":{\"@id\":\"https:\/\/koh-lanta-tours.com\/de\/reiseziele-rund-um-koh-lanta\/pristine-mystical-mangroves-on-koh-lanta\/#breadcrumb\"},\"inLanguage\":\"de\",\"potentialAction\":[{\"@type\":\"ReadAction\",\"target\":[\"https:\/\/koh-lanta-tours.com\/de\/reiseziele-rund-um-koh-lanta\/pristine-mystical-mangroves-on-koh-lanta\/\"]}]},{\"@type\":\"BreadcrumbList\",\"@id\":\"https:\/\/koh-lanta-tours.com\/de\/reiseziele-rund-um-koh-lanta\/pristine-mystical-mangroves-on-koh-lanta\/#breadcrumb\",\"itemListElement\":[{\"@type\":\"ListItem\",\"position\":1,\"name\":\"Home\",\"item\":\"https:\/\/koh-lanta-tours.com\/de\/\"},{\"@type\":\"ListItem\",\"position\":2,\"name\":\"Reiseziele rund um Koh Lanta\",\"item\":\"https:\/\/koh-lanta-tours.com\/de\/reiseziele-rund-um-koh-lanta\/\"},{\"@type\":\"ListItem\",\"position\":3,\"name\":\"Unber\u00fchrte mystische Mangroven auf Koh Lanta\"}]},{\"@type\":\"WebSite\",\"@id\":\"https:\/\/koh-lanta-tours.com\/de\/#website\",\"url\":\"https:\/\/koh-lanta-tours.com\/de\/\",\"name\":\"My Tour by koh-lanta-tours.com\",\"description\":\"Tours on and around the beautiful islant koh lanta.\",\"publisher\":{\"@id\":\"https:\/\/koh-lanta-tours.com\/de\/#organization\"},\"potentialAction\":[{\"@type\":\"SearchAction\",\"target\":{\"@type\":\"EntryPoint\",\"urlTemplate\":\"https:\/\/koh-lanta-tours.com\/de\/?s={search_term_string}\"},\"query-input\":{\"@type\":\"PropertyValueSpecification\",\"valueRequired\":true,\"valueName\":\"search_term_string\"}}],\"inLanguage\":\"de\"},{\"@type\":\"Organization\",\"@id\":\"https:\/\/koh-lanta-tours.com\/de\/#organization\",\"name\":\"My Tour by koh-lanta-tours.com\",\"url\":\"https:\/\/koh-lanta-tours.com\/de\/\",\"logo\":{\"@type\":\"ImageObject\",\"inLanguage\":\"de\",\"@id\":\"https:\/\/koh-lanta-tours.com\/de\/#\/schema\/logo\/image\/\",\"url\":\"https:\/\/koh-lanta-tours.com\/wp-content\/uploads\/2018\/04\/logo.png\",\"contentUrl\":\"https:\/\/koh-lanta-tours.com\/wp-content\/uploads\/2018\/04\/logo.png\",\"width\":2048,\"height\":712,\"caption\":\"My Tour by koh-lanta-tours.com\"},\"image\":{\"@id\":\"https:\/\/koh-lanta-tours.com\/de\/#\/schema\/logo\/image\/\"},\"sameAs\":[\"https:\/\/www.facebook.com\/MyTourKohLanta\/\"]}]}<\/script>\n<!-- \/ Yoast SEO Premium plugin. -->","yoast_head_json":{"title":"Unber\u00fchrte mystische Mangroven auf Koh Lanta - My Tour by koh-lanta-tours.com","robots":{"index":"index","follow":"follow","max-snippet":"max-snippet:-1","max-image-preview":"max-image-preview:large","max-video-preview":"max-video-preview:-1"},"canonical":"https:\/\/koh-lanta-tours.com\/de\/reiseziele-rund-um-koh-lanta\/pristine-mystical-mangroves-on-koh-lanta\/","og_locale":"de_DE","og_type":"article","og_title":"Unber\u00fchrte mystische Mangroven auf Koh Lanta","og_url":"https:\/\/koh-lanta-tours.com\/de\/reiseziele-rund-um-koh-lanta\/pristine-mystical-mangroves-on-koh-lanta\/","og_site_name":"My Tour by koh-lanta-tours.com","article_publisher":"https:\/\/www.facebook.com\/MyTourKohLanta\/","article_modified_time":"2023-01-16T12:06:46+00:00","twitter_card":"summary_large_image","twitter_misc":{"Gesch\u00e4tzte Lesezeit":"9\u00a0Minuten"},"schema":{"@context":"https:\/\/schema.org","@graph":[{"@type":"WebPage","@id":"https:\/\/koh-lanta-tours.com\/de\/reiseziele-rund-um-koh-lanta\/pristine-mystical-mangroves-on-koh-lanta\/","url":"https:\/\/koh-lanta-tours.com\/de\/reiseziele-rund-um-koh-lanta\/pristine-mystical-mangroves-on-koh-lanta\/","name":"Unber\u00fchrte mystische Mangroven auf Koh Lanta - My Tour by koh-lanta-tours.com","isPartOf":{"@id":"https:\/\/koh-lanta-tours.com\/de\/#website"},"datePublished":"2023-01-16T12:06:38+00:00","dateModified":"2023-01-16T12:06:46+00:00","breadcrumb":{"@id":"https:\/\/koh-lanta-tours.com\/de\/reiseziele-rund-um-koh-lanta\/pristine-mystical-mangroves-on-koh-lanta\/#breadcrumb"},"inLanguage":"de","potentialAction":[{"@type":"ReadAction","target":["https:\/\/koh-lanta-tours.com\/de\/reiseziele-rund-um-koh-lanta\/pristine-mystical-mangroves-on-koh-lanta\/"]}]},{"@type":"BreadcrumbList","@id":"https:\/\/koh-lanta-tours.com\/de\/reiseziele-rund-um-koh-lanta\/pristine-mystical-mangroves-on-koh-lanta\/#breadcrumb","itemListElement":[{"@type":"ListItem","position":1,"name":"Home","item":"https:\/\/koh-lanta-tours.com\/de\/"},{"@type":"ListItem","position":2,"name":"Reiseziele rund um Koh Lanta","item":"https:\/\/koh-lanta-tours.com\/de\/reiseziele-rund-um-koh-lanta\/"},{"@type":"ListItem","position":3,"name":"Unber\u00fchrte mystische Mangroven auf Koh Lanta"}]},{"@type":"WebSite","@id":"https:\/\/koh-lanta-tours.com\/de\/#website","url":"https:\/\/koh-lanta-tours.com\/de\/","name":"My Tour by koh-lanta-tours.com","description":"Tours on and around the beautiful islant koh lanta.","publisher":{"@id":"https:\/\/koh-lanta-tours.com\/de\/#organization"},"potentialAction":[{"@type":"SearchAction","target":{"@type":"EntryPoint","urlTemplate":"https:\/\/koh-lanta-tours.com\/de\/?s={search_term_string}"},"query-input":{"@type":"PropertyValueSpecification","valueRequired":true,"valueName":"search_term_string"}}],"inLanguage":"de"},{"@type":"Organization","@id":"https:\/\/koh-lanta-tours.com\/de\/#organization","name":"My Tour by koh-lanta-tours.com","url":"https:\/\/koh-lanta-tours.com\/de\/","logo":{"@type":"ImageObject","inLanguage":"de","@id":"https:\/\/koh-lanta-tours.com\/de\/#\/schema\/logo\/image\/","url":"https:\/\/koh-lanta-tours.com\/wp-content\/uploads\/2018\/04\/logo.png","contentUrl":"https:\/\/koh-lanta-tours.com\/wp-content\/uploads\/2018\/04\/logo.png","width":2048,"height":712,"caption":"My Tour by koh-lanta-tours.com"},"image":{"@id":"https:\/\/koh-lanta-tours.com\/de\/#\/schema\/logo\/image\/"},"sameAs":["https:\/\/www.facebook.com\/MyTourKohLanta\/"]}]}},"_links":{"self":[{"href":"https:\/\/koh-lanta-tours.com\/de\/wp-json\/wp\/v2\/pages\/21218","targetHints":{"allow":["GET"]}}],"collection":[{"href":"https:\/\/koh-lanta-tours.com\/de\/wp-json\/wp\/v2\/pages"}],"about":[{"href":"https:\/\/koh-lanta-tours.com\/de\/wp-json\/wp\/v2\/types\/page"}],"author":[{"embeddable":true,"href":"https:\/\/koh-lanta-tours.com\/de\/wp-json\/wp\/v2\/users\/9940"}],"replies":[{"embeddable":true,"href":"https:\/\/koh-lanta-tours.com\/de\/wp-json\/wp\/v2\/comments?post=21218"}],"version-history":[{"count":4,"href":"https:\/\/koh-lanta-tours.com\/de\/wp-json\/wp\/v2\/pages\/21218\/revisions"}],"predecessor-version":[{"id":21238,"href":"https:\/\/koh-lanta-tours.com\/de\/wp-json\/wp\/v2\/pages\/21218\/revisions\/21238"}],"up":[{"embeddable":true,"href":"https:\/\/koh-lanta-tours.com\/de\/wp-json\/wp\/v2\/pages\/13022"}],"wp:attachment":[{"href":"https:\/\/koh-lanta-tours.com\/de\/wp-json\/wp\/v2\/media?parent=21218"}],"curies":[{"name":"wp","href":"https:\/\/api.w.org\/{rel}","templated":true}]}}