{"id":13022,"date":"2023-01-03T08:44:18","date_gmt":"2023-01-03T01:44:18","guid":{"rendered":"https:\/\/koh-lanta-tours.com\/reiseziele-rund-um-koh-lanta\/"},"modified":"2023-01-03T08:45:37","modified_gmt":"2023-01-03T01:45:37","slug":"reiseziele-rund-um-koh-lanta","status":"publish","type":"page","link":"https:\/\/koh-lanta-tours.com\/de\/reiseziele-rund-um-koh-lanta\/","title":{"rendered":"Reiseziele rund um Koh Lanta"},"content":{"rendered":"\n<style type=\"text\/css\" data-created_by=\"avia_inline_auto\" id=\"style-css-av-3med69-2098857612a83f5e45afd377c6ff6762\">\n.avia-section.av-3med69-2098857612a83f5e45afd377c6ff6762{\nbackground-repeat:no-repeat;\nbackground-image:url(https:\/\/koh-lanta-tours.com\/wp-content\/uploads\/2016\/02\/travel-banner-cyan-2-1500x630.jpg);\nbackground-position:50% 0%;\nbackground-attachment:scroll;\n}\n.avia-section.av-3med69-2098857612a83f5e45afd377c6ff6762 .av-section-color-overlay{\nopacity:0.4;\nbackground-color:#000000;\n}\n<\/style>\n<div id='av_section_1'  class='avia-section av-3med69-2098857612a83f5e45afd377c6ff6762 main_color avia-section-large avia-no-border-styling  avia-builder-el-0  el_before_av_section  avia-builder-el-first  avia-full-stretch avia-bg-style-scroll av-section-color-overlay-active container_wrap sidebar_right'  data-section-bg-repeat='stretch'><div class='av-section-color-overlay-wrap'><div class=\"av-section-color-overlay\"><\/div><div class='container av-section-cont-open' ><main  role=\"main\" itemprop=\"mainContentOfPage\"  class='template-page content  av-content-small alpha units'><div class='post-entry post-entry-type-page post-entry-13022'><div class='entry-content-wrapper clearfix'>\n\n<style type=\"text\/css\" data-created_by=\"avia_inline_auto\" id=\"style-css-av-3gqfcp-da8c8b9e10e06088ff04c06fe0709ab4\">\n#top .av-special-heading.av-3gqfcp-da8c8b9e10e06088ff04c06fe0709ab4{\npadding-bottom:10px;\ncolor:#ffffff;\nfont-size:70px;\n}\nbody .av-special-heading.av-3gqfcp-da8c8b9e10e06088ff04c06fe0709ab4 .av-special-heading-tag .heading-char{\nfont-size:25px;\n}\n#top #wrap_all .av-special-heading.av-3gqfcp-da8c8b9e10e06088ff04c06fe0709ab4 .av-special-heading-tag{\nfont-size:70px;\n}\n.av-special-heading.av-3gqfcp-da8c8b9e10e06088ff04c06fe0709ab4 .special-heading-inner-border{\nborder-color:#ffffff;\n}\n.av-special-heading.av-3gqfcp-da8c8b9e10e06088ff04c06fe0709ab4 .av-subheading{\nfont-size:15px;\n}\n<\/style>\n<div  class='av-special-heading av-3gqfcp-da8c8b9e10e06088ff04c06fe0709ab4 av-special-heading-h6 custom-color-heading blockquote modern-quote modern-centered  avia-builder-el-1  avia-builder-el-no-sibling  av-inherit-size'><h6 class='av-special-heading-tag'  itemprop=\"headline\"  >Reiseziele<\/h6><div class=\"special-heading-border\"><div class=\"special-heading-inner-border\"><\/div><\/div><\/div>\n\n<\/div><\/div><\/main><!-- close content main element --><\/div><\/div><\/div><div id='av_section_2'  class='avia-section av-3a3dn5-04cc4ff78eed9d931c43e364e92380f9 main_color avia-section-default avia-no-shadow  avia-builder-el-2  el_after_av_section  el_before_av_portfolio  avia-bg-style-scroll container_wrap sidebar_right'  ><div class='container av-section-cont-open' ><div class='template-page content  av-content-small alpha units'><div class='post-entry post-entry-type-page post-entry-13022'><div class='entry-content-wrapper clearfix'>\n\n<style type=\"text\/css\" data-created_by=\"avia_inline_auto\" id=\"style-css-av-317w3l-b42d9631fb1aa43b85d3d0f0d46e904c\">\n.flex_column.av-317w3l-b42d9631fb1aa43b85d3d0f0d46e904c{\nborder-radius:0px 0px 0px 0px;\n-webkit-border-radius:0px 0px 0px 0px;\n-moz-border-radius:0px 0px 0px 0px;\n}\n<\/style>\n<div class='flex_column av-317w3l-b42d9631fb1aa43b85d3d0f0d46e904c av_one_half  avia-builder-el-3  el_before_av_one_half  avia-builder-el-first  first flex_column_div av-zero-column-padding '   ><style type=\"text\/css\" data-created_by=\"avia_inline_auto\" id=\"style-css-av-2v6rqp-189cef65b10050f9533c2461f3422aa6\">\n#top .av-special-heading.av-2v6rqp-189cef65b10050f9533c2461f3422aa6{\npadding-bottom:30px;\n}\nbody .av-special-heading.av-2v6rqp-189cef65b10050f9533c2461f3422aa6 .av-special-heading-tag .heading-char{\nfont-size:25px;\n}\n.av-special-heading.av-2v6rqp-189cef65b10050f9533c2461f3422aa6 .av-subheading{\nfont-size:15px;\n}\n<\/style>\n<div  class='av-special-heading av-2v6rqp-189cef65b10050f9533c2461f3422aa6 av-special-heading-h1  avia-builder-el-4  avia-builder-el-no-sibling  av-thin-font'><h1 class='av-special-heading-tag'  itemprop=\"headline\"  >Fesselnde Ziele, die man besuchen muss<br \/> <strong>in und um Koh Lanta<\/strong><\/h1><div class=\"special-heading-border\"><div class=\"special-heading-inner-border\"><\/div><\/div><\/div><\/div>\n<style type=\"text\/css\" data-created_by=\"avia_inline_auto\" id=\"style-css-av-2q5bc1-e11c6f60cbf6ce36a4a58d5df00b7786\">\n.flex_column.av-2q5bc1-e11c6f60cbf6ce36a4a58d5df00b7786{\nborder-radius:0px 0px 0px 0px;\n-webkit-border-radius:0px 0px 0px 0px;\n-moz-border-radius:0px 0px 0px 0px;\n}\n<\/style>\n<div class='flex_column av-2q5bc1-e11c6f60cbf6ce36a4a58d5df00b7786 av_one_half  avia-builder-el-5  el_after_av_one_half  el_before_av_one_half  flex_column_div av-zero-column-padding '   ><\/div>\n<style type=\"text\/css\" data-created_by=\"avia_inline_auto\" id=\"style-css-av-2jtuah-f7efa7f8a1c7719cfd393e1fbf44a937\">\n.flex_column.av-2jtuah-f7efa7f8a1c7719cfd393e1fbf44a937{\nborder-radius:0px 0px 0px 0px;\n-webkit-border-radius:0px 0px 0px 0px;\n-moz-border-radius:0px 0px 0px 0px;\n}\n<\/style>\n<div class='flex_column av-2jtuah-f7efa7f8a1c7719cfd393e1fbf44a937 av_one_half  avia-builder-el-6  el_after_av_one_half  el_before_av_one_half  first flex_column_div av-zero-column-padding column-top-margin'   ><section  class='av_textblock_section av-2grsvd-9b82981b1cdd0e98567159b9052fbb89'  itemscope=\"itemscope\" itemtype=\"https:\/\/schema.org\/CreativeWork\" ><div class='avia_textblock'  itemprop=\"text\" ><p>Wir bieten faszinierende Reisepakete zu verschiedenen sch\u00f6nen Inseln in Thailand. An erster Stelle der Liste steht <a href=\"https:\/\/koh-lanta-tours.com\/destinations-around-koh-lanta\/koh-lanta-island\/\">Koh Lanta<\/a>, ein idyllischer Ort f\u00fcr einen unvergesslichen Urlaub voller Spa\u00df. Das tropische Flair der Insel zieht viele Besucher aus aller Welt an. Die verlockenden Str\u00e4nde, die ph\u00e4nomenalen Landschaften und das wunderbare Panorama von Koh Lanta erf\u00fcllen jedes Herz mit Ruhe und Gelassenheit. Neben der Sch\u00f6nheit der Natur und der herrlichen Umgebung bietet die Insel eine Vielzahl von Erlebnissen f\u00fcr alle, von der Suche nach Einsamkeit \u00fcber den Genussmenschen bis hin zum Adrenalinjunkie. Erkunden Sie die <a href=\"https:\/\/koh-lanta-tours.com\/destinations-around-koh-lanta\/pristine-mystical-mangroves-on-koh-lanta\/\">mystischen Mangroven auf Koh Lanta<\/a> oder unternehmen Sie ein <a href=\"https:\/\/koh-lanta-tours.com\/destinations-around-koh-lanta\/elephant-trekking-on-koh-lanta\/\">Elefanten-Trekking<\/a> durch die Regenw\u00e4lder. Aber Ihr Besuch in Thailand ist nicht vollst\u00e4ndig, wenn Sie nicht auch die anderen nahe gelegenen Inseln erkunden, von denen jede ein einzigartiges und einmaliges Erlebnis bietet.<\/p>\n<\/div><\/section><\/div>\n<style type=\"text\/css\" data-created_by=\"avia_inline_auto\" id=\"style-css-av-2a6j7d-5f3e3a570342f7430ab4e48662511f5a\">\n.flex_column.av-2a6j7d-5f3e3a570342f7430ab4e48662511f5a{\nborder-radius:0px 0px 0px 0px;\n-webkit-border-radius:0px 0px 0px 0px;\n-moz-border-radius:0px 0px 0px 0px;\n}\n<\/style>\n<div class='flex_column av-2a6j7d-5f3e3a570342f7430ab4e48662511f5a av_one_half  avia-builder-el-8  el_after_av_one_half  avia-builder-el-last  flex_column_div av-zero-column-padding column-top-margin'   ><section  class='av_textblock_section av-25bfyp-778d58a7f65b67dff39f532658781109'  itemscope=\"itemscope\" itemtype=\"https:\/\/schema.org\/CreativeWork\" ><div class='avia_textblock'  itemprop=\"text\" ><p>Schnorcheln Sie durch wundersch\u00f6ne flache Korallenriffe und erkunden Sie majest\u00e4tische Unterwasserh\u00f6hlen in <a href=\"https:\/\/koh-lanta-tours.com\/destinations-around-koh-lanta\/koh-ha-a-tropical-paradise-to-rejuvenate-your-senses\/\">Koh Ha<\/a>. Auf Ihrem Weg durch die Kathedrale k\u00f6nnen Sie bemerkenswerte Stalaktiten- und Stalagmitenformationen und einige exotische Meeresbewohner beobachten. Beobachten Sie Schildkr\u00f6ten, erkunden Sie das Unterwasser-\u00d6kosystem und verbringen Sie einen gem\u00fctlichen Abend am <a href=\"https:\/\/koh-lanta-tours.com\/destinations-around-koh-lanta\/pristine-mystical-mangroves-on-koh-lanta\/\">atemberaubenden Wasserfall von Koh Lanta<\/a>. Erkunden Sie die <a href=\"https:\/\/koh-lanta-tours.com\/destinations-around-koh-lanta\/the-magical-emerald-cave-of-koh-mook\/\">majest\u00e4tische Smaragdh\u00f6hle auf Koh Mook<\/a>. Schlendern Sie an den <a href=\"https:\/\/koh-lanta-tours.com\/destinations-around-koh-lanta\/koh-kradan-on-koh-lanta\/\">sandigen, mit Korallen \u00fcbers\u00e4ten Str\u00e4nden von Koh Kradan<\/a>. Erleben Sie die karstigen Inselmassive und das flache <a href=\"https:\/\/koh-lanta-tours.com\/destinations-around-koh-lanta\/koh-ngai\/\">, kristallklare, aquamarinfarbene Wasser von Koh Ngai<\/a>. Tanzen Sie im <a href=\"https:\/\/koh-lanta-tours.com\/destinations-around-koh-lanta\/koh-phi-phi\/\">azurblauen Wasser von Koh Phi Phi<\/a> oder wandern Sie durch den \u00fcppig gr\u00fcnen Dschungel. Schnorcheln Sie inmitten von Weichkorallenriffen und farbenpr\u00e4chtigen tropischen Fischen auf <a href=\"https:\/\/koh-lanta-tours.com\/destinations-around-koh-lanta\/koh-chuek\/\">Koh Chuek<\/a>. Entspannen Sie sich und erholen Sie sich in der unber\u00fchrten Natur von <a href=\"https:\/\/koh-lanta-tours.com\/destinations-around-koh-lanta\/koh-bu-bu\/\">Koh Bu Bu<\/a>. Erkunden Sie mit dem Kajak die spektakul\u00e4ren H\u00f6hlen und beeindruckenden <a href=\"https:\/\/koh-lanta-tours.com\/destinations-around-koh-lanta\/koh-talabeng\/\">Kalksteinformationen von Koh Talabeng<\/a>.<\/p>\n<p>F\u00fcgen Sie die Ziele unserer Reisepakete zu Ihrer Reiseroute hinzu und erleben Sie einen spektakul\u00e4ren und unvergesslichen Urlaub in Thailand.<\/p>\n<\/div><\/section><\/div><\/p>\n<div id='av_section_3'  class='avia-section av-1r2wkp-a9fadff78b1f2bf83bb490c7a3ea7469 alternate_color avia-section-large avia-no-border-styling  avia-builder-el-11  el_after_av_portfolio  avia-builder-el-last  avia-bg-style-scroll container_wrap sidebar_right'  ><div class='container av-section-cont-open' ><div class='template-page content  av-content-small alpha units'><div class='post-entry post-entry-type-page post-entry-13022'><div class='entry-content-wrapper clearfix'>\n\n<style type=\"text\/css\" data-created_by=\"avia_inline_auto\" id=\"style-css-av-1jjiih-39a56c5c4aa3ef32009d8135c3753170\">\n#top .av-special-heading.av-1jjiih-39a56c5c4aa3ef32009d8135c3753170{\npadding-bottom:20px;\n}\nbody .av-special-heading.av-1jjiih-39a56c5c4aa3ef32009d8135c3753170 .av-special-heading-tag .heading-char{\nfont-size:25px;\n}\n.av-special-heading.av-1jjiih-39a56c5c4aa3ef32009d8135c3753170 .av-subheading{\nfont-size:15px;\n}\n<\/style>\n<div  class='av-special-heading av-1jjiih-39a56c5c4aa3ef32009d8135c3753170 av-special-heading-h1 blockquote modern-quote modern-centered  avia-builder-el-12  el_before_av_one_fifth  avia-builder-el-first '><div class='av-subheading av-subheading_above'><p>Die hei\u00dfesten Angebote und Rabatte in Ihrem Posteingang!<\/p>\n<\/div><h1 class='av-special-heading-tag'  itemprop=\"headline\"  >Abonnieren Sie unseren Newsletter<\/h1><div class=\"special-heading-border\"><div class=\"special-heading-inner-border\"><\/div><\/div><\/div>\n\n<style type=\"text\/css\" data-created_by=\"avia_inline_auto\" id=\"style-css-av-1e9t1d-e041b6d6f46d990f67e43f6f9e5a5228\">\n.flex_column.av-1e9t1d-e041b6d6f46d990f67e43f6f9e5a5228{\nborder-radius:0px 0px 0px 0px;\n-webkit-border-radius:0px 0px 0px 0px;\n-moz-border-radius:0px 0px 0px 0px;\n}\n<\/style>\n<div class='flex_column av-1e9t1d-e041b6d6f46d990f67e43f6f9e5a5228 av_one_fifth  avia-builder-el-13  el_after_av_heading  el_before_av_three_fifth  first flex_column_div av-zero-column-padding '   ><\/div>\n<style type=\"text\/css\" data-created_by=\"avia_inline_auto\" id=\"style-css-av-1avwx5-549e650fe83d278ecee6f8f7d05f3894\">\n.flex_column.av-1avwx5-549e650fe83d278ecee6f8f7d05f3894{\nborder-radius:0px 0px 0px 0px;\n-webkit-border-radius:0px 0px 0px 0px;\n-moz-border-radius:0px 0px 0px 0px;\n}\n<\/style>\n<div class='flex_column av-1avwx5-549e650fe83d278ecee6f8f7d05f3894 av_three_fifth  avia-builder-el-14  el_after_av_one_fifth  el_before_av_one_fifth  flex_column_div av-zero-column-padding '   ><\/div>\n<style type=\"text\/css\" data-created_by=\"avia_inline_auto\" id=\"style-css-av-bgvop-6a70754c67ad96be696bf12ae2921b39\">\n.flex_column.av-bgvop-6a70754c67ad96be696bf12ae2921b39{\nborder-radius:0px 0px 0px 0px;\n-webkit-border-radius:0px 0px 0px 0px;\n-moz-border-radius:0px 0px 0px 0px;\n}\n<\/style>\n<div class='flex_column av-bgvop-6a70754c67ad96be696bf12ae2921b39 av_one_fifth  avia-builder-el-16  el_after_av_three_fifth  avia-builder-el-last  flex_column_div av-zero-column-padding '   ><\/div>\n<\/div><\/div><\/div><!-- close content main div --><\/div><\/div><div id='after_section_3'  class='main_color av_default_container_wrap container_wrap sidebar_right'  ><div class='container av-section-cont-open' ><div class='template-page content  av-content-small alpha units'><div class='post-entry post-entry-type-page post-entry-13022'><div class='entry-content-wrapper clearfix'>\n","protected":false},"excerpt":{"rendered":"","protected":false},"author":9940,"featured_media":0,"parent":0,"menu_order":0,"comment_status":"closed","ping_status":"closed","template":"","meta":{"footnotes":""},"class_list":["post-13022","page","type-page","status-publish","hentry"],"yoast_head":"<!-- This site is optimized with the Yoast SEO Premium plugin v20.9 (Yoast SEO v26.2) - https:\/\/yoast.com\/wordpress\/plugins\/seo\/ -->\n<title>Reiseziele | Unternehmungen &amp; Besichtigungen in Koh-Lanta mit Koh Lanta Tours<\/title>\n<meta name=\"description\" content=\"Da wir schon sehr lange auf Koh Lanta sind, haben wir festgestellt, dass es keine M\u00f6glichkeit gibt, eine Reise oder Tour online zu buchen. Setzen Sie sich mit uns in Verbindung, um mehr zu erfahren oder buchen Sie jetzt Ihr Paket.\" \/>\n<meta name=\"robots\" content=\"index, follow, max-snippet:-1, max-image-preview:large, max-video-preview:-1\" \/>\n<link rel=\"canonical\" href=\"https:\/\/koh-lanta-tours.com\/de\/reiseziele-rund-um-koh-lanta\/\" \/>\n<meta property=\"og:locale\" content=\"de_DE\" \/>\n<meta property=\"og:type\" content=\"article\" \/>\n<meta property=\"og:title\" content=\"Reiseziele rund um Koh Lanta\" \/>\n<meta property=\"og:description\" content=\"Da wir schon sehr lange auf Koh Lanta sind, haben wir festgestellt, dass es keine M\u00f6glichkeit gibt, eine Reise oder Tour online zu buchen. Setzen Sie sich mit uns in Verbindung, um mehr zu erfahren oder buchen Sie jetzt Ihr Paket.\" \/>\n<meta property=\"og:url\" content=\"https:\/\/koh-lanta-tours.com\/de\/reiseziele-rund-um-koh-lanta\/\" \/>\n<meta property=\"og:site_name\" content=\"My Tour by koh-lanta-tours.com\" \/>\n<meta property=\"article:publisher\" content=\"https:\/\/www.facebook.com\/MyTourKohLanta\/\" \/>\n<meta property=\"article:modified_time\" content=\"2023-01-03T01:45:37+00:00\" \/>\n<meta name=\"twitter:card\" content=\"summary_large_image\" \/>\n<meta name=\"twitter:label1\" content=\"Gesch\u00e4tzte Lesezeit\" \/>\n\t<meta name=\"twitter:data1\" content=\"7\u00a0Minuten\" \/>\n<script type=\"application\/ld+json\" class=\"yoast-schema-graph\">{\"@context\":\"https:\/\/schema.org\",\"@graph\":[{\"@type\":\"WebPage\",\"@id\":\"https:\/\/koh-lanta-tours.com\/de\/reiseziele-rund-um-koh-lanta\/\",\"url\":\"https:\/\/koh-lanta-tours.com\/de\/reiseziele-rund-um-koh-lanta\/\",\"name\":\"Reiseziele | Unternehmungen & Besichtigungen in Koh-Lanta mit Koh Lanta Tours\",\"isPartOf\":{\"@id\":\"https:\/\/koh-lanta-tours.com\/de\/#website\"},\"datePublished\":\"2023-01-03T01:44:18+00:00\",\"dateModified\":\"2023-01-03T01:45:37+00:00\",\"description\":\"Da wir schon sehr lange auf Koh Lanta sind, haben wir festgestellt, dass es keine M\u00f6glichkeit gibt, eine Reise oder Tour online zu buchen. Setzen Sie sich mit uns in Verbindung, um mehr zu erfahren oder buchen Sie jetzt Ihr Paket.\",\"breadcrumb\":{\"@id\":\"https:\/\/koh-lanta-tours.com\/de\/reiseziele-rund-um-koh-lanta\/#breadcrumb\"},\"inLanguage\":\"de\",\"potentialAction\":[{\"@type\":\"ReadAction\",\"target\":[\"https:\/\/koh-lanta-tours.com\/de\/reiseziele-rund-um-koh-lanta\/\"]}]},{\"@type\":\"BreadcrumbList\",\"@id\":\"https:\/\/koh-lanta-tours.com\/de\/reiseziele-rund-um-koh-lanta\/#breadcrumb\",\"itemListElement\":[{\"@type\":\"ListItem\",\"position\":1,\"name\":\"Home\",\"item\":\"https:\/\/koh-lanta-tours.com\/de\/\"},{\"@type\":\"ListItem\",\"position\":2,\"name\":\"Reiseziele rund um Koh Lanta\"}]},{\"@type\":\"WebSite\",\"@id\":\"https:\/\/koh-lanta-tours.com\/de\/#website\",\"url\":\"https:\/\/koh-lanta-tours.com\/de\/\",\"name\":\"My Tour by koh-lanta-tours.com\",\"description\":\"Tours on and around the beautiful islant koh lanta.\",\"publisher\":{\"@id\":\"https:\/\/koh-lanta-tours.com\/de\/#organization\"},\"potentialAction\":[{\"@type\":\"SearchAction\",\"target\":{\"@type\":\"EntryPoint\",\"urlTemplate\":\"https:\/\/koh-lanta-tours.com\/de\/?s={search_term_string}\"},\"query-input\":{\"@type\":\"PropertyValueSpecification\",\"valueRequired\":true,\"valueName\":\"search_term_string\"}}],\"inLanguage\":\"de\"},{\"@type\":\"Organization\",\"@id\":\"https:\/\/koh-lanta-tours.com\/de\/#organization\",\"name\":\"My Tour by koh-lanta-tours.com\",\"url\":\"https:\/\/koh-lanta-tours.com\/de\/\",\"logo\":{\"@type\":\"ImageObject\",\"inLanguage\":\"de\",\"@id\":\"https:\/\/koh-lanta-tours.com\/de\/#\/schema\/logo\/image\/\",\"url\":\"https:\/\/koh-lanta-tours.com\/wp-content\/uploads\/2018\/04\/logo.png\",\"contentUrl\":\"https:\/\/koh-lanta-tours.com\/wp-content\/uploads\/2018\/04\/logo.png\",\"width\":2048,\"height\":712,\"caption\":\"My Tour by koh-lanta-tours.com\"},\"image\":{\"@id\":\"https:\/\/koh-lanta-tours.com\/de\/#\/schema\/logo\/image\/\"},\"sameAs\":[\"https:\/\/www.facebook.com\/MyTourKohLanta\/\"]}]}<\/script>\n<!-- \/ Yoast SEO Premium plugin. -->","yoast_head_json":{"title":"Reiseziele | Unternehmungen & Besichtigungen in Koh-Lanta mit Koh Lanta Tours","description":"Da wir schon sehr lange auf Koh Lanta sind, haben wir festgestellt, dass es keine M\u00f6glichkeit gibt, eine Reise oder Tour online zu buchen. Setzen Sie sich mit uns in Verbindung, um mehr zu erfahren oder buchen Sie jetzt Ihr Paket.","robots":{"index":"index","follow":"follow","max-snippet":"max-snippet:-1","max-image-preview":"max-image-preview:large","max-video-preview":"max-video-preview:-1"},"canonical":"https:\/\/koh-lanta-tours.com\/de\/reiseziele-rund-um-koh-lanta\/","og_locale":"de_DE","og_type":"article","og_title":"Reiseziele rund um Koh Lanta","og_description":"Da wir schon sehr lange auf Koh Lanta sind, haben wir festgestellt, dass es keine M\u00f6glichkeit gibt, eine Reise oder Tour online zu buchen. Setzen Sie sich mit uns in Verbindung, um mehr zu erfahren oder buchen Sie jetzt Ihr Paket.","og_url":"https:\/\/koh-lanta-tours.com\/de\/reiseziele-rund-um-koh-lanta\/","og_site_name":"My Tour by koh-lanta-tours.com","article_publisher":"https:\/\/www.facebook.com\/MyTourKohLanta\/","article_modified_time":"2023-01-03T01:45:37+00:00","twitter_card":"summary_large_image","twitter_misc":{"Gesch\u00e4tzte Lesezeit":"7\u00a0Minuten"},"schema":{"@context":"https:\/\/schema.org","@graph":[{"@type":"WebPage","@id":"https:\/\/koh-lanta-tours.com\/de\/reiseziele-rund-um-koh-lanta\/","url":"https:\/\/koh-lanta-tours.com\/de\/reiseziele-rund-um-koh-lanta\/","name":"Reiseziele | Unternehmungen & Besichtigungen in Koh-Lanta mit Koh Lanta Tours","isPartOf":{"@id":"https:\/\/koh-lanta-tours.com\/de\/#website"},"datePublished":"2023-01-03T01:44:18+00:00","dateModified":"2023-01-03T01:45:37+00:00","description":"Da wir schon sehr lange auf Koh Lanta sind, haben wir festgestellt, dass es keine M\u00f6glichkeit gibt, eine Reise oder Tour online zu buchen. Setzen Sie sich mit uns in Verbindung, um mehr zu erfahren oder buchen Sie jetzt Ihr Paket.","breadcrumb":{"@id":"https:\/\/koh-lanta-tours.com\/de\/reiseziele-rund-um-koh-lanta\/#breadcrumb"},"inLanguage":"de","potentialAction":[{"@type":"ReadAction","target":["https:\/\/koh-lanta-tours.com\/de\/reiseziele-rund-um-koh-lanta\/"]}]},{"@type":"BreadcrumbList","@id":"https:\/\/koh-lanta-tours.com\/de\/reiseziele-rund-um-koh-lanta\/#breadcrumb","itemListElement":[{"@type":"ListItem","position":1,"name":"Home","item":"https:\/\/koh-lanta-tours.com\/de\/"},{"@type":"ListItem","position":2,"name":"Reiseziele rund um Koh Lanta"}]},{"@type":"WebSite","@id":"https:\/\/koh-lanta-tours.com\/de\/#website","url":"https:\/\/koh-lanta-tours.com\/de\/","name":"My Tour by koh-lanta-tours.com","description":"Tours on and around the beautiful islant koh lanta.","publisher":{"@id":"https:\/\/koh-lanta-tours.com\/de\/#organization"},"potentialAction":[{"@type":"SearchAction","target":{"@type":"EntryPoint","urlTemplate":"https:\/\/koh-lanta-tours.com\/de\/?s={search_term_string}"},"query-input":{"@type":"PropertyValueSpecification","valueRequired":true,"valueName":"search_term_string"}}],"inLanguage":"de"},{"@type":"Organization","@id":"https:\/\/koh-lanta-tours.com\/de\/#organization","name":"My Tour by koh-lanta-tours.com","url":"https:\/\/koh-lanta-tours.com\/de\/","logo":{"@type":"ImageObject","inLanguage":"de","@id":"https:\/\/koh-lanta-tours.com\/de\/#\/schema\/logo\/image\/","url":"https:\/\/koh-lanta-tours.com\/wp-content\/uploads\/2018\/04\/logo.png","contentUrl":"https:\/\/koh-lanta-tours.com\/wp-content\/uploads\/2018\/04\/logo.png","width":2048,"height":712,"caption":"My Tour by koh-lanta-tours.com"},"image":{"@id":"https:\/\/koh-lanta-tours.com\/de\/#\/schema\/logo\/image\/"},"sameAs":["https:\/\/www.facebook.com\/MyTourKohLanta\/"]}]}},"_links":{"self":[{"href":"https:\/\/koh-lanta-tours.com\/de\/wp-json\/wp\/v2\/pages\/13022","targetHints":{"allow":["GET"]}}],"collection":[{"href":"https:\/\/koh-lanta-tours.com\/de\/wp-json\/wp\/v2\/pages"}],"about":[{"href":"https:\/\/koh-lanta-tours.com\/de\/wp-json\/wp\/v2\/types\/page"}],"author":[{"embeddable":true,"href":"https:\/\/koh-lanta-tours.com\/de\/wp-json\/wp\/v2\/users\/9940"}],"replies":[{"embeddable":true,"href":"https:\/\/koh-lanta-tours.com\/de\/wp-json\/wp\/v2\/comments?post=13022"}],"version-history":[{"count":4,"href":"https:\/\/koh-lanta-tours.com\/de\/wp-json\/wp\/v2\/pages\/13022\/revisions"}],"predecessor-version":[{"id":13184,"href":"https:\/\/koh-lanta-tours.com\/de\/wp-json\/wp\/v2\/pages\/13022\/revisions\/13184"}],"wp:attachment":[{"href":"https:\/\/koh-lanta-tours.com\/de\/wp-json\/wp\/v2\/media?parent=13022"}],"curies":[{"name":"wp","href":"https:\/\/api.w.org\/{rel}","templated":true}]}}